{"id":253,"date":"2022-12-03T17:24:30","date_gmt":"2022-12-03T17:24:30","guid":{"rendered":"https:\/\/www.alqueriaeducatius.org\/eyro\/handbook\/"},"modified":"2024-03-20T14:57:27","modified_gmt":"2024-03-20T14:57:27","slug":"handbook","status":"publish","type":"page","link":"https:\/\/www.eyroproject.eu\/sv\/handbook\/","title":{"rendered":"Handbook"},"content":{"rendered":"<!--themify_builder_content-->\n<div id=\"themify_builder_content-253\" data-postid=\"253\" class=\"themify_builder_content themify_builder_content-253 themify_builder tf_clear\">\n    \t\t\t<!-- module_row -->\n\t<div  data-css_id=\"lh87286\" data-lazy=\"1\" class=\"module_row themify_builder_row fullheight fullwidth tb_lh87286 tb_first tf_w tf_clearfix\">\n\t    \t\t\t<div class=\"row_inner col_align_middle gutter-none tb_col_count_2 tf_box tf_rel\">\n\t\t            <div  data-lazy=\"1\" class=\"module_column tb-column col4-2 tb_tapb286 first\">\n                    <div class=\"builder_row_cover tf_abs\"><\/div>                                    <div class=\"tb-column-inner tf_box tf_w\">\n                        <!-- module text -->\n<div  class=\"module module-text tb_sbog286  repeat  wow\" data-tf-animation=\"flipInX\" data-lazy=\"1\">\n        <div  class=\"tb_text_wrap\">\n    <h1><span data-sheets-value=\"{\"1\":2,\"2\":\"GUIA EYRO\"}\" data-sheets-userformat=\"{\"2\":2877,\"3\":{\"1\":0},\"5\":{\"1\":[{\"1\":2,\"2\":0,\"5\":{\"1\":2,\"2\":0}},{\"1\":0,\"2\":0,\"3\":3},{\"1\":1,\"2\":0,\"4\":1}]},\"6\":{\"1\":[{\"1\":2,\"2\":0,\"5\":{\"1\":2,\"2\":0}},{\"1\":0,\"2\":0,\"3\":3},{\"1\":1,\"2\":0,\"4\":1}]},\"7\":{\"1\":[{\"1\":2,\"2\":0,\"5\":{\"1\":2,\"2\":0}},{\"1\":0,\"2\":0,\"3\":3},{\"1\":1,\"2\":0,\"4\":1}]},\"8\":{\"1\":[{\"1\":2,\"2\":0,\"5\":{\"1\":2,\"2\":0}},{\"1\":0,\"2\":0,\"3\":3},{\"1\":1,\"2\":0,\"4\":1}]},\"11\":4,\"12\":0,\"14\":{\"1\":2,\"2\":0}}\">Handbook<\/span><\/h1>\n<p><span data-sheets-value=\"{\"1\":2,\"2\":\"Guia: M\u00fasica para la inclusi\u00f3n\"}\" data-sheets-userformat=\"{\"2\":2877,\"3\":{\"1\":0},\"5\":{\"1\":[{\"1\":2,\"2\":0,\"5\":{\"1\":2,\"2\":0}},{\"1\":0,\"2\":0,\"3\":3},{\"1\":1,\"2\":0,\"4\":1}]},\"6\":{\"1\":[{\"1\":2,\"2\":0,\"5\":{\"1\":2,\"2\":0}},{\"1\":0,\"2\":0,\"3\":3},{\"1\":1,\"2\":0,\"4\":1}]},\"7\":{\"1\":[{\"1\":2,\"2\":0,\"5\":{\"1\":2,\"2\":0}},{\"1\":0,\"2\":0,\"3\":3},{\"1\":1,\"2\":0,\"4\":1}]},\"8\":{\"1\":[{\"1\":2,\"2\":0,\"5\":{\"1\":2,\"2\":0}},{\"1\":0,\"2\":0,\"3\":3},{\"1\":1,\"2\":0,\"4\":1}]},\"11\":4,\"12\":0,\"14\":{\"1\":2,\"2\":0}}\">Guide: Musik f\u00f6r inkludering<\/span><\/p>\n<p><span data-sheets-value=\"{\"1\":2,\"2\":\"Este documento es el primer resultado del proyecto EYRO.\"}\" data-sheets-userformat=\"{\"2\":3005,\"3\":{\"1\":0},\"5\":{\"1\":[{\"1\":2,\"2\":0,\"5\":{\"1\":2,\"2\":0}},{\"1\":0,\"2\":0,\"3\":3},{\"1\":1,\"2\":0,\"4\":1}]},\"6\":{\"1\":[{\"1\":2,\"2\":0,\"5\":{\"1\":2,\"2\":0}},{\"1\":0,\"2\":0,\"3\":3},{\"1\":1,\"2\":0,\"4\":1}]},\"7\":{\"1\":[{\"1\":2,\"2\":0,\"5\":{\"1\":2,\"2\":0}},{\"1\":0,\"2\":0,\"3\":3},{\"1\":1,\"2\":0,\"4\":1}]},\"8\":{\"1\":[{\"1\":2,\"2\":0,\"5\":{\"1\":2,\"2\":0}},{\"1\":0,\"2\":0,\"3\":3},{\"1\":1,\"2\":0,\"4\":1}]},\"10\":0,\"11\":4,\"12\":0,\"14\":{\"1\":2,\"2\":0}}\">Detta dokument \u00e4r det f\u00f6rsta resultatet av EYRO-projektet.<\/span><\/p>\n<p><span data-sheets-value=\"{\"1\":2,\"2\":\"Se trata de un Manual, que incluye 9 m\u00f3dulos que llevar\u00e1n al alumno a trav\u00e9s de un programa de formaci\u00f3n dirigido a profesores de m\u00fasica para fomentar los procesos de inclusi\u00f3n social de los j\u00f3venes.\"}\" data-sheets-userformat=\"{\"2\":3005,\"3\":{\"1\":0},\"5\":{\"1\":[{\"1\":2,\"2\":0,\"5\":{\"1\":2,\"2\":0}},{\"1\":0,\"2\":0,\"3\":3},{\"1\":1,\"2\":0,\"4\":1}]},\"6\":{\"1\":[{\"1\":2,\"2\":0,\"5\":{\"1\":2,\"2\":0}},{\"1\":0,\"2\":0,\"3\":3},{\"1\":1,\"2\":0,\"4\":1}]},\"7\":{\"1\":[{\"1\":2,\"2\":0,\"5\":{\"1\":2,\"2\":0}},{\"1\":0,\"2\":0,\"3\":3},{\"1\":1,\"2\":0,\"4\":1}]},\"8\":{\"1\":[{\"1\":2,\"2\":0,\"5\":{\"1\":2,\"2\":0}},{\"1\":0,\"2\":0,\"3\":3},{\"1\":1,\"2\":0,\"4\":1}]},\"10\":0,\"11\":4,\"12\":0,\"14\":{\"1\":2,\"2\":0}}\">Det \u00e4r en handbok som inneh\u00e5ller 9 moduler som tar studenten genom ett utbildningsprogram som riktar sig till musikl\u00e4rare f\u00f6r att fr\u00e4mja processer f\u00f6r social integration av ungdomar.<\/span><\/p>\n<p><span data-sheets-value=\"{\"1\":2,\"2\":\"Siguiendo los m\u00f3dulos, quedar\u00e1 claro el significado de la inclusi\u00f3n a trav\u00e9s de la m\u00fasica y de la orquesta.\"}\" data-sheets-userformat=\"{\"2\":3005,\"3\":{\"1\":0},\"5\":{\"1\":[{\"1\":2,\"2\":0,\"5\":{\"1\":2,\"2\":0}},{\"1\":0,\"2\":0,\"3\":3},{\"1\":1,\"2\":0,\"4\":1}]},\"6\":{\"1\":[{\"1\":2,\"2\":0,\"5\":{\"1\":2,\"2\":0}},{\"1\":0,\"2\":0,\"3\":3},{\"1\":1,\"2\":0,\"4\":1}]},\"7\":{\"1\":[{\"1\":2,\"2\":0,\"5\":{\"1\":2,\"2\":0}},{\"1\":0,\"2\":0,\"3\":3},{\"1\":1,\"2\":0,\"4\":1}]},\"8\":{\"1\":[{\"1\":2,\"2\":0,\"5\":{\"1\":2,\"2\":0}},{\"1\":0,\"2\":0,\"3\":3},{\"1\":1,\"2\":0,\"4\":1}]},\"10\":0,\"11\":4,\"12\":0,\"14\":{\"1\":2,\"2\":0}}\">Efter modulerna kommer inneb\u00f6rden av inkludering genom musik och orkester att bli tydlig.<\/span><\/p>    <\/div>\n<\/div>\n<!-- \/module text --><!-- module buttons -->\n<div  class=\"module module-buttons tb_oss5286 buttons-horizontal outline  xlarge\" data-lazy=\"1\">\n    \t<div class=\"module-buttons-item tf_inline_b\">\n\t\t\t\t\t\t\t<a href=\"https:\/\/www.eyroproject.eu\/wp-content\/uploads\/2023\/04\/handbookeyrospa.pdf\" class=\"ui builder_button tb_default_color\" >\n\t\t\t\t\t\t\t\t\t\t\t<span class=\"tf_inline_b tf_vmiddle\">Nedladdning<\/span>\n\t\t\t\t\t\t\t\t\t\t\t<\/a>\n\t\t\t    \t<\/div>\n    <\/div>\n<!-- \/module buttons -->\n                    <\/div>\n                            <\/div>\n                        <div  data-lazy=\"1\" class=\"module_column tb-column col4-2 tb_5g19286 last\">\n                                                <\/div>\n            \t    <\/div>\n\t    <!-- \/row_inner -->\n\t<\/div>\n\t<!-- \/module_row -->\n\t\t\t\t<!-- module_row -->\n\t<div  data-lazy=\"1\" class=\"module_row themify_builder_row tb_916f37d tf_w tf_clearfix\">\n\t    \t\t\t<div class=\"row_inner col_align_top tb_col_count_2 tf_box tf_rel\">\n\t\t            <div  data-lazy=\"1\" class=\"module_column tb-column col4-2 tb_9dfc43f first\">\n                                                        <div class=\"tb-column-inner tf_box tf_w\">\n                        <!-- module text -->\n<div  class=\"module module-text tb_1009e4f  repeat \" data-lazy=\"1\">\n        <div  class=\"tb_text_wrap\">\n    <h2><span data-sheets-value=\"{\"1\":2,\"2\":\"\u00bfQu\u00e9 es un laboratorio musical EYRO?\"}\" data-sheets-userformat=\"{\"2\":385,\"3\":{\"1\":0},\"10\":0,\"11\":4}\">Vad \u00e4r ett EYRO-musiklabb?<\/span><\/h2>    <\/div>\n<\/div>\n<!-- \/module text --><!-- module text -->\n<div  class=\"module module-text tb_c9383e8  repeat \" data-lazy=\"1\">\n        <div  class=\"tb_text_wrap\">\n    <p><span data-sheets-value=\"{\"1\":2,\"2\":\"A Music Lab is a physical space where a trained EYRO music teacher works with young vulnerable people (NEET, youth with addictions, youth with migratory background, victims of violence etc\u2026) by teaching them to play music together as an orchestra.\"}\" data-sheets-userformat=\"{\"2\":6915,\"3\":{\"1\":0},\"4\":{\"1\":2,\"2\":16777215},\"11\":4,\"12\":0,\"14\":{\"1\":2,\"2\":0},\"15\":\"\\\"PT Sans\\\", Arial, sans-serif\"}\">Ett musiklabb \u00e4r en fysisk plats d\u00e4r en EYRO-utbildad musikl\u00e4rare arbetar med utsatta ungdomar (ninis, ungdomar med missbruksproblem, ungdomar med invandrarbakgrund, v\u00e5ldsoffer etc.) och l\u00e4r dem att spela musik tillsammans som en orkester.<\/span><\/p>    <\/div>\n<\/div>\n<!-- \/module text --><!-- module image -->\n<div  class=\"module module-image tb_1d88f18   image-top tf_mw\" data-lazy=\"1\" data-parallax-element-speed=\"2\" data-lax-translate-y=\"vh 1,0 -140\" data-lax=\"true\">\n        <div class=\"image-wrap tf_rel tf_mw\">\n\t\t    <img loading=\"lazy\" decoding=\"async\" src=\"https:\/\/www.alqueriaeducatius.org\/eyro\/wp-content\/uploads\/2022\/12\/oboeyoung.png\" width=\"648\" height=\"417\" title=\"Handbook\" alt=\"Handbook\">\t\n\t\t<\/div>\n\t<!-- \/image-wrap -->\n    \n    \t<\/div>\n<!-- \/module image -->                    <\/div>\n                            <\/div>\n                        <div  data-lazy=\"1\" class=\"module_column tb-column col4-2 tb_8c03b4b last\">\n                                                        <div class=\"tb-column-inner tf_box tf_w\">\n                        <!-- module text -->\n<div  class=\"module module-text tb_b90fda5  repeat \" data-lazy=\"1\" data-parallax-element-speed=\"1\" data-lax-translate-y=\"vh 1,0 70\" data-lax=\"true\">\n        <div  class=\"tb_text_wrap\">\n    <h3><span data-sheets-value=\"{\"1\":2,\"2\":\"Contenido del m\u00f3dulo\"}\" data-sheets-userformat=\"{\"2\":2877,\"3\":{\"1\":0},\"5\":{\"1\":[{\"1\":2,\"2\":0,\"5\":{\"1\":2,\"2\":0}},{\"1\":0,\"2\":0,\"3\":3},{\"1\":1,\"2\":0,\"4\":1}]},\"6\":{\"1\":[{\"1\":2,\"2\":0,\"5\":{\"1\":2,\"2\":0}},{\"1\":0,\"2\":0,\"3\":3},{\"1\":1,\"2\":0,\"4\":1}]},\"7\":{\"1\":[{\"1\":2,\"2\":0,\"5\":{\"1\":2,\"2\":0}},{\"1\":0,\"2\":0,\"3\":3},{\"1\":1,\"2\":0,\"4\":1}]},\"8\":{\"1\":[{\"1\":2,\"2\":0,\"5\":{\"1\":2,\"2\":0}},{\"1\":0,\"2\":0,\"3\":3},{\"1\":1,\"2\":0,\"4\":1}]},\"11\":4,\"12\":0,\"14\":{\"1\":2,\"2\":0}}\">Inneh\u00e5ll i modulen<\/span><\/h3>\n<ol>\n<li><span data-sheets-value=\"{\"1\":2,\"2\":\"Instrucciones de EYRO\"}\" data-sheets-userformat=\"{\"2\":2877,\"3\":{\"1\":0},\"5\":{\"1\":[{\"1\":2,\"2\":0,\"5\":{\"1\":2,\"2\":0}},{\"1\":0,\"2\":0,\"3\":3},{\"1\":1,\"2\":0,\"4\":1}]},\"6\":{\"1\":[{\"1\":2,\"2\":0,\"5\":{\"1\":2,\"2\":0}},{\"1\":0,\"2\":0,\"3\":3},{\"1\":1,\"2\":0,\"4\":1}]},\"7\":{\"1\":[{\"1\":2,\"2\":0,\"5\":{\"1\":2,\"2\":0}},{\"1\":0,\"2\":0,\"3\":3},{\"1\":1,\"2\":0,\"4\":1}]},\"8\":{\"1\":[{\"1\":2,\"2\":0,\"5\":{\"1\":2,\"2\":0}},{\"1\":0,\"2\":0,\"3\":3},{\"1\":1,\"2\":0,\"4\":1}]},\"11\":4,\"12\":0,\"14\":{\"1\":2,\"2\":0}}\">EYRO Instruktioner<\/span><\/li>\n<li><span data-sheets-value=\"{\"1\":2,\"2\":\"Competencias de Inteligencia Emocional\"}\" data-sheets-userformat=\"{\"2\":2877,\"3\":{\"1\":0},\"5\":{\"1\":[{\"1\":2,\"2\":0,\"5\":{\"1\":2,\"2\":0}},{\"1\":0,\"2\":0,\"3\":3},{\"1\":1,\"2\":0,\"4\":1}]},\"6\":{\"1\":[{\"1\":2,\"2\":0,\"5\":{\"1\":2,\"2\":0}},{\"1\":0,\"2\":0,\"3\":3},{\"1\":1,\"2\":0,\"4\":1}]},\"7\":{\"1\":[{\"1\":2,\"2\":0,\"5\":{\"1\":2,\"2\":0}},{\"1\":0,\"2\":0,\"3\":3},{\"1\":1,\"2\":0,\"4\":1}]},\"8\":{\"1\":[{\"1\":2,\"2\":0,\"5\":{\"1\":2,\"2\":0}},{\"1\":0,\"2\":0,\"3\":3},{\"1\":1,\"2\":0,\"4\":1}]},\"11\":4,\"12\":0,\"14\":{\"1\":2,\"2\":0}}\">Kompetens inom emotionell intelligens<\/span><\/li>\n<li><span data-sheets-value=\"{\"1\":2,\"2\":\"La orquesta: tocar juntos para superar lo individual\"}\" data-sheets-userformat=\"{\"2\":3005,\"3\":{\"1\":0},\"5\":{\"1\":[{\"1\":2,\"2\":0,\"5\":{\"1\":2,\"2\":0}},{\"1\":0,\"2\":0,\"3\":3},{\"1\":1,\"2\":0,\"4\":1}]},\"6\":{\"1\":[{\"1\":2,\"2\":0,\"5\":{\"1\":2,\"2\":0}},{\"1\":0,\"2\":0,\"3\":3},{\"1\":1,\"2\":0,\"4\":1}]},\"7\":{\"1\":[{\"1\":2,\"2\":0,\"5\":{\"1\":2,\"2\":0}},{\"1\":0,\"2\":0,\"3\":3},{\"1\":1,\"2\":0,\"4\":1}]},\"8\":{\"1\":[{\"1\":2,\"2\":0,\"5\":{\"1\":2,\"2\":0}},{\"1\":0,\"2\":0,\"3\":3},{\"1\":1,\"2\":0,\"4\":1}]},\"10\":0,\"11\":4,\"12\":0,\"14\":{\"1\":2,\"2\":0}}\">Orkestern: att spela tillsammans f\u00f6r att \u00f6vervinna individualitet<\/span><\/li>\n<li><span data-sheets-value=\"{\"1\":2,\"2\":\"Utilizar los lMUSIC LABS para implicar a los j\u00f3venes vulnerables\"}\" data-sheets-userformat=\"{\"2\":2877,\"3\":{\"1\":0},\"5\":{\"1\":[{\"1\":2,\"2\":0,\"5\":{\"1\":2,\"2\":0}},{\"1\":0,\"2\":0,\"3\":3},{\"1\":1,\"2\":0,\"4\":1}]},\"6\":{\"1\":[{\"1\":2,\"2\":0,\"5\":{\"1\":2,\"2\":0}},{\"1\":0,\"2\":0,\"3\":3},{\"1\":1,\"2\":0,\"4\":1}]},\"7\":{\"1\":[{\"1\":2,\"2\":0,\"5\":{\"1\":2,\"2\":0}},{\"1\":0,\"2\":0,\"3\":3},{\"1\":1,\"2\":0,\"4\":1}]},\"8\":{\"1\":[{\"1\":2,\"2\":0,\"5\":{\"1\":2,\"2\":0}},{\"1\":0,\"2\":0,\"3\":3},{\"1\":1,\"2\":0,\"4\":1}]},\"11\":4,\"12\":0,\"14\":{\"1\":2,\"2\":0}}\">Anv\u00e4nda lMUSIC LABS f\u00f6r att engagera utsatta ungdomar<\/span><\/li>\n<li><span data-sheets-value=\"{\"1\":2,\"2\":\"Estrategias de divulgaci\u00f3n y participaci\u00f3n\"}\" data-sheets-userformat=\"{\"2\":2877,\"3\":{\"1\":0},\"5\":{\"1\":[{\"1\":2,\"2\":0,\"5\":{\"1\":2,\"2\":0}},{\"1\":0,\"2\":0,\"3\":3},{\"1\":1,\"2\":0,\"4\":1}]},\"6\":{\"1\":[{\"1\":2,\"2\":0,\"5\":{\"1\":2,\"2\":0}},{\"1\":0,\"2\":0,\"3\":3},{\"1\":1,\"2\":0,\"4\":1}]},\"7\":{\"1\":[{\"1\":2,\"2\":0,\"5\":{\"1\":2,\"2\":0}},{\"1\":0,\"2\":0,\"3\":3},{\"1\":1,\"2\":0,\"4\":1}]},\"8\":{\"1\":[{\"1\":2,\"2\":0,\"5\":{\"1\":2,\"2\":0}},{\"1\":0,\"2\":0,\"3\":3},{\"1\":1,\"2\":0,\"4\":1}]},\"11\":4,\"12\":0,\"14\":{\"1\":2,\"2\":0}}\">Strategier f\u00f6r upps\u00f6kande verksamhet och engagemang<\/span><\/li>\n<li><span data-sheets-value=\"{\"1\":2,\"2\":\"La UE como perspectiva para los j\u00f3venes\"}\" data-sheets-userformat=\"{\"2\":2877,\"3\":{\"1\":0},\"5\":{\"1\":[{\"1\":2,\"2\":0,\"5\":{\"1\":2,\"2\":0}},{\"1\":0,\"2\":0,\"3\":3},{\"1\":1,\"2\":0,\"4\":1}]},\"6\":{\"1\":[{\"1\":2,\"2\":0,\"5\":{\"1\":2,\"2\":0}},{\"1\":0,\"2\":0,\"3\":3},{\"1\":1,\"2\":0,\"4\":1}]},\"7\":{\"1\":[{\"1\":2,\"2\":0,\"5\":{\"1\":2,\"2\":0}},{\"1\":0,\"2\":0,\"3\":3},{\"1\":1,\"2\":0,\"4\":1}]},\"8\":{\"1\":[{\"1\":2,\"2\":0,\"5\":{\"1\":2,\"2\":0}},{\"1\":0,\"2\":0,\"3\":3},{\"1\":1,\"2\":0,\"4\":1}]},\"11\":4,\"12\":0,\"14\":{\"1\":2,\"2\":0}}\">EU som perspektiv f\u00f6r unga m\u00e4nniskor<\/span><\/li>\n<li><span data-sheets-value=\"{\"1\":2,\"2\":\"Ense\u00f1ar a tocar con otros: la orquesta\"}\" data-sheets-userformat=\"{\"2\":2877,\"3\":{\"1\":0},\"5\":{\"1\":[{\"1\":2,\"2\":0,\"5\":{\"1\":2,\"2\":0}},{\"1\":0,\"2\":0,\"3\":3},{\"1\":1,\"2\":0,\"4\":1}]},\"6\":{\"1\":[{\"1\":2,\"2\":0,\"5\":{\"1\":2,\"2\":0}},{\"1\":0,\"2\":0,\"3\":3},{\"1\":1,\"2\":0,\"4\":1}]},\"7\":{\"1\":[{\"1\":2,\"2\":0,\"5\":{\"1\":2,\"2\":0}},{\"1\":0,\"2\":0,\"3\":3},{\"1\":1,\"2\":0,\"4\":1}]},\"8\":{\"1\":[{\"1\":2,\"2\":0,\"5\":{\"1\":2,\"2\":0}},{\"1\":0,\"2\":0,\"3\":3},{\"1\":1,\"2\":0,\"4\":1}]},\"11\":4,\"12\":0,\"14\":{\"1\":2,\"2\":0}}\">Att l\u00e4ra sig spela med andra: orkestern<\/span><\/li>\n<li><span data-sheets-value=\"{\"1\":2,\"2\":\"Din\u00e1mica de una orquesta\"}\" data-sheets-userformat=\"{\"2\":3005,\"3\":{\"1\":0},\"5\":{\"1\":[{\"1\":2,\"2\":0,\"5\":{\"1\":2,\"2\":0}},{\"1\":0,\"2\":0,\"3\":3},{\"1\":1,\"2\":0,\"4\":1}]},\"6\":{\"1\":[{\"1\":2,\"2\":0,\"5\":{\"1\":2,\"2\":0}},{\"1\":0,\"2\":0,\"3\":3},{\"1\":1,\"2\":0,\"4\":1}]},\"7\":{\"1\":[{\"1\":2,\"2\":0,\"5\":{\"1\":2,\"2\":0}},{\"1\":0,\"2\":0,\"3\":3},{\"1\":1,\"2\":0,\"4\":1}]},\"8\":{\"1\":[{\"1\":2,\"2\":0,\"5\":{\"1\":2,\"2\":0}},{\"1\":0,\"2\":0,\"3\":3},{\"1\":1,\"2\":0,\"4\":1}]},\"10\":0,\"11\":4,\"12\":0,\"14\":{\"1\":2,\"2\":0}}\">Dynamik i en orkester<\/span><\/li>\n<li><span data-sheets-value=\"{\"1\":2,\"2\":\"Tecnolog\u00eda de apoyo a la orquesta a distancia\"}\" data-sheets-userformat=\"{\"2\":2877,\"3\":{\"1\":0},\"5\":{\"1\":[{\"1\":2,\"2\":0,\"5\":{\"1\":2,\"2\":0}},{\"1\":0,\"2\":0,\"3\":3},{\"1\":1,\"2\":0,\"4\":1}]},\"6\":{\"1\":[{\"1\":2,\"2\":0,\"5\":{\"1\":2,\"2\":0}},{\"1\":0,\"2\":0,\"3\":3},{\"1\":1,\"2\":0,\"4\":1}]},\"7\":{\"1\":[{\"1\":2,\"2\":0,\"5\":{\"1\":2,\"2\":0}},{\"1\":0,\"2\":0,\"3\":3},{\"1\":1,\"2\":0,\"4\":1}]},\"8\":{\"1\":[{\"1\":2,\"2\":0,\"5\":{\"1\":2,\"2\":0}},{\"1\":0,\"2\":0,\"3\":3},{\"1\":1,\"2\":0,\"4\":1}]},\"11\":4,\"12\":0,\"14\":{\"1\":2,\"2\":0}}\">Teknik f\u00f6r support av orkester p\u00e5 distans<\/span><\/li>\n<li><span data-sheets-value=\"{\"1\":2,\"2\":\"Clausura\"}\" data-sheets-userformat=\"{\"2\":2877,\"3\":{\"1\":0},\"5\":{\"1\":[{\"1\":2,\"2\":0,\"5\":{\"1\":2,\"2\":0}},{\"1\":0,\"2\":0,\"3\":3},{\"1\":1,\"2\":0,\"4\":1}]},\"6\":{\"1\":[{\"1\":2,\"2\":0,\"5\":{\"1\":2,\"2\":0}},{\"1\":0,\"2\":0,\"3\":3},{\"1\":1,\"2\":0,\"4\":1}]},\"7\":{\"1\":[{\"1\":2,\"2\":0,\"5\":{\"1\":2,\"2\":0}},{\"1\":0,\"2\":0,\"3\":3},{\"1\":1,\"2\":0,\"4\":1}]},\"8\":{\"1\":[{\"1\":2,\"2\":0,\"5\":{\"1\":2,\"2\":0}},{\"1\":0,\"2\":0,\"3\":3},{\"1\":1,\"2\":0,\"4\":1}]},\"11\":4,\"12\":0,\"14\":{\"1\":2,\"2\":0}}\">F\u00f6rslutning<\/span><\/li>\n<\/ol>    <\/div>\n<\/div>\n<!-- \/module text -->                    <\/div>\n                            <\/div>\n            \t    <\/div>\n\t    <!-- \/row_inner -->\n\t<\/div>\n\t<!-- \/module_row -->\n\t\t\t\t<!-- module_row -->\n\t<div  data-css_id=\"c158813\" data-lazy=\"1\" class=\"module_row themify_builder_row fullwidth_row_container tb_c158813 tf_w tf_clearfix\">\n\t    <div class=\"builder_row_cover tf_abs\"><\/div>\t\t\t<div class=\"row_inner col_align_top tb_col_count_1 tf_box tf_rel\">\n\t\t            <div  data-lazy=\"1\" class=\"module_column tb-column col-full tb_864e5b6 first\">\n                                                        <div class=\"tb-column-inner tf_box tf_w\">\n                        <!-- module fancy heading -->\n<div  class=\"module module-fancy-heading tb_uf7431  tb_hide_divider\" data-lazy=\"1\">\n        <h2 class=\"fancy-heading\">\n    <span class=\"main-head tf_block\">\n\t\t\t\t\tModuler\t\t    <\/span>\n\n\t\n    <span class=\"sub-head tf_block tf_rel\">\n\t\t\t\t\t\t\t    <\/span>\n    <\/h2>\n<\/div>\n<!-- \/module fancy heading -->\n<!-- module post -->\n<div  class=\"module module-post tb_fvmr21 \">\n        <div  class=\"builder-posts-wrap loops-wrapper grid3 masonry classic tf_rel tf_clear tf_clearfix\" data-lazy=\"1\">\n\t<\/div><!-- .builder-posts-wrap -->\n    <\/div>\n    <!-- \/module post -->\n                    <\/div>\n                            <\/div>\n            \t    <\/div>\n\t    <!-- \/row_inner -->\n\t<\/div>\n\t<!-- \/module_row -->\n\t<\/div>\n<!--\/themify_builder_content-->","protected":false},"excerpt":{"rendered":"<p>Handbook Guide: Musik f\u00f6r inkludering Detta dokument \u00e4r det f\u00f6rsta resultatet av EYRO-projektet. Det \u00e4r en handbok som inneh\u00e5ller 9 moduler som tar studenten genom ett utbildningsprogram som riktar sig till musikl\u00e4rare f\u00f6r att fr\u00e4mja processer f\u00f6r social integration av ungdomar. Efter modulerna kommer inneb\u00f6rden av inkludering genom musik och orkester att bli tydlig.<\/p>\n","protected":false},"author":1,"featured_media":0,"parent":0,"menu_order":0,"comment_status":"closed","ping_status":"closed","template":"","meta":{"footnotes":""},"class_list":["post-253","page","type-page","status-publish","hentry","has-post-title","has-post-date","has-post-category","has-post-tag","has-post-comment","has-post-author",""],"builder_content":"<h1>Handbook<\/h1> <p>Guide: Musik f\u00f6r inkludering<\/p> <p>Detta dokument \u00e4r det f\u00f6rsta resultatet av EYRO-projektet.<\/p> <p>Det \u00e4r en handbok som inneh\u00e5ller 9 moduler som tar studenten genom ett utbildningsprogram som riktar sig till musikl\u00e4rare f\u00f6r att fr\u00e4mja processer f\u00f6r social integration av ungdomar.<\/p> <p>Efter modulerna kommer inneb\u00f6rden av inkludering genom musik och orkester att bli tydlig.<\/p>\n<a href=\"https:\/\/www.eyroproject.eu\/wp-content\/uploads\/2023\/04\/handbookeyrospa.pdf\" > Nedladdning <\/a>\n<h2>Vad \u00e4r ett EYRO-musiklabb?<\/h2>\n<p>Ett musiklabb \u00e4r en fysisk plats d\u00e4r en EYRO-utbildad musikl\u00e4rare arbetar med utsatta ungdomar (ninis, ungdomar med missbruksproblem, ungdomar med invandrarbakgrund, v\u00e5ldsoffer etc.) och l\u00e4r dem att spela musik tillsammans som en orkester.<\/p>\n<img src=\"https:\/\/www.alqueriaeducatius.org\/eyro\/wp-content\/uploads\/2022\/12\/oboeyoung.png\" width=\"648\" height=\"417\" title=\"Handbook\" alt=\"Handbook\">\n<h3>Inneh\u00e5ll i modulen<\/h3> <ol> <li>EYRO Instruktioner<\/li> <li>Kompetens inom emotionell intelligens<\/li> <li>Orkestern: att spela tillsammans f\u00f6r att \u00f6vervinna individualitet<\/li> <li>Anv\u00e4nda lMUSIC LABS f\u00f6r att engagera utsatta ungdomar<\/li> <li>Strategier f\u00f6r upps\u00f6kande verksamhet och engagemang<\/li> <li>EU som perspektiv f\u00f6r unga m\u00e4nniskor<\/li> <li>Att l\u00e4ra sig spela med andra: orkestern<\/li> <li>Dynamik i en orkester<\/li> <li>Teknik f\u00f6r support av orkester p\u00e5 distans<\/li> <li>F\u00f6rslutning<\/li> <\/ol>\n<h2>Moduler<br\/><\/h2>","_links":{"self":[{"href":"https:\/\/www.eyroproject.eu\/sv\/wp-json\/wp\/v2\/pages\/253","targetHints":{"allow":["GET"]}}],"collection":[{"href":"https:\/\/www.eyroproject.eu\/sv\/wp-json\/wp\/v2\/pages"}],"about":[{"href":"https:\/\/www.eyroproject.eu\/sv\/wp-json\/wp\/v2\/types\/page"}],"author":[{"embeddable":true,"href":"https:\/\/www.eyroproject.eu\/sv\/wp-json\/wp\/v2\/users\/1"}],"replies":[{"embeddable":true,"href":"https:\/\/www.eyroproject.eu\/sv\/wp-json\/wp\/v2\/comments?post=253"}],"version-history":[{"count":31,"href":"https:\/\/www.eyroproject.eu\/sv\/wp-json\/wp\/v2\/pages\/253\/revisions"}],"predecessor-version":[{"id":1554,"href":"https:\/\/www.eyroproject.eu\/sv\/wp-json\/wp\/v2\/pages\/253\/revisions\/1554"}],"wp:attachment":[{"href":"https:\/\/www.eyroproject.eu\/sv\/wp-json\/wp\/v2\/media?parent=253"}],"curies":[{"name":"wp","href":"https:\/\/api.w.org\/{rel}","templated":true}]}}