{"id":1595,"date":"2024-03-20T15:00:39","date_gmt":"2024-03-20T15:00:39","guid":{"rendered":"https:\/\/www.eyroproject.eu\/vagledning\/"},"modified":"2024-03-20T15:12:33","modified_gmt":"2024-03-20T15:12:33","slug":"vagledning","status":"publish","type":"page","link":"https:\/\/www.eyroproject.eu\/sv\/vagledning\/","title":{"rendered":"V\u00e4gledning"},"content":{"rendered":"<!--themify_builder_content-->\n<div id=\"themify_builder_content-1595\" data-postid=\"1595\" class=\"themify_builder_content themify_builder_content-1595 themify_builder tf_clear\">\n    \t\t\t<!-- module_row -->\n\t<div  data-css_id=\"3vfh005\" data-lazy=\"1\" class=\"module_row themify_builder_row fullheight fullwidth tb_3vfh005 tb_first tf_w tf_clearfix\">\n\t    \t\t\t<div class=\"row_inner col_align_middle gutter-none tb_col_count_2 tf_box tf_rel\">\n\t\t            <div  data-lazy=\"1\" class=\"module_column tb-column col4-2 tb_1tzr000 first\">\n                    <div class=\"builder_row_cover tf_abs\"><\/div>                                    <div class=\"tb-column-inner tf_box tf_w\">\n                        <!-- module text -->\n<div  class=\"module module-text tb_1vct400  repeat  wow\" data-tf-animation=\"flipInX\" data-lazy=\"1\">\n        <div  class=\"tb_text_wrap\">\n    <h1><span data-sheets-value=\"{\" data-sheets-userformat=\"{\">Eyro Guide<br><\/span><\/h1>\n<p>Riktlinjer f\u00f6r att upprepa EYRO:s erfarenheter<\/p>\n<p>Detta \u00e4r det andra resultatet av EYRO-projektet.  <br>I dokumentet analyseras omfattningen, potentialen och v\u00e4rdet av att anv\u00e4nda en Music Lab-metod och orkestern som ett verktyg f\u00f6r att fr\u00e4mja ungdomars engagemang och social inkludering. Den ger praktiska r\u00e5d till organisationer som arbetar med ungdomar i hela Europa s\u00e5 att de kan l\u00e4ra sig av EYRO och kopiera det i sina egna lokala sammanhang.<\/p>\n<p> <\/p>    <\/div>\n<\/div>\n<!-- \/module text --><!-- module buttons -->\n<div  class=\"module module-buttons tb_8402016 buttons-horizontal outline  xlarge\" data-lazy=\"1\">\n    \t<div class=\"module-buttons-item tf_inline_b\">\n\t\t\t\t\t\t\t<a href=\"https:\/\/www.eyroproject.eu\/wp-content\/uploads\/2024\/03\/EYRO-Guidelines-for-replication_SWE.docx.pdf\" class=\"ui builder_button tb_default_color\" >\n\t\t\t\t\t\t\t\t\t\t\t<span class=\"tf_inline_b tf_vmiddle\">Nedladdning<\/span>\n\t\t\t\t\t\t\t\t\t\t\t<\/a>\n\t\t\t    \t<\/div>\n    <\/div>\n<!-- \/module buttons -->\n                    <\/div>\n                            <\/div>\n                        <div  data-lazy=\"1\" class=\"module_column tb-column col4-2 tb_adzh215 last\">\n                                                <\/div>\n            \t    <\/div>\n\t    <!-- \/row_inner -->\n\t<\/div>\n\t<!-- \/module_row -->\n\t<\/div>\n<!--\/themify_builder_content-->","protected":false},"excerpt":{"rendered":"<p>Eyro Guide Riktlinjer f\u00f6r att upprepa EYRO:s erfarenheter Detta \u00e4r det andra resultatet av EYRO-projektet. I dokumentet analyseras omfattningen, potentialen och v\u00e4rdet av att anv\u00e4nda en Music Lab-metod och orkestern som ett verktyg f\u00f6r att fr\u00e4mja ungdomars engagemang och social inkludering. Den ger praktiska r\u00e5d till organisationer som arbetar med ungdomar i hela Europa s\u00e5 [&hellip;]<\/p>\n","protected":false},"author":1,"featured_media":0,"parent":0,"menu_order":0,"comment_status":"closed","ping_status":"closed","template":"","meta":{"footnotes":""},"class_list":["post-1595","page","type-page","status-publish","hentry","has-post-title","has-post-date","has-post-category","has-post-tag","has-post-comment","has-post-author",""],"builder_content":"<h1>Eyro Guide<br><\/h1> <p>Riktlinjer f\u00f6r att upprepa EYRO:s erfarenheter<\/p> <p>Detta \u00e4r det andra resultatet av EYRO-projektet. <br>I dokumentet analyseras omfattningen, potentialen och v\u00e4rdet av att anv\u00e4nda en Music Lab-metod och orkestern som ett verktyg f\u00f6r att fr\u00e4mja ungdomars engagemang och social inkludering. Den ger praktiska r\u00e5d till organisationer som arbetar med ungdomar i hela Europa s\u00e5 att de kan l\u00e4ra sig av EYRO och kopiera det i sina egna lokala sammanhang.<\/p> <p> <\/p>\n<a href=\"https:\/\/www.eyroproject.eu\/wp-content\/uploads\/2024\/03\/EYRO-Guidelines-for-replication_SWE.docx.pdf\" > Nedladdning <\/a>","_links":{"self":[{"href":"https:\/\/www.eyroproject.eu\/sv\/wp-json\/wp\/v2\/pages\/1595","targetHints":{"allow":["GET"]}}],"collection":[{"href":"https:\/\/www.eyroproject.eu\/sv\/wp-json\/wp\/v2\/pages"}],"about":[{"href":"https:\/\/www.eyroproject.eu\/sv\/wp-json\/wp\/v2\/types\/page"}],"author":[{"embeddable":true,"href":"https:\/\/www.eyroproject.eu\/sv\/wp-json\/wp\/v2\/users\/1"}],"replies":[{"embeddable":true,"href":"https:\/\/www.eyroproject.eu\/sv\/wp-json\/wp\/v2\/comments?post=1595"}],"version-history":[{"count":2,"href":"https:\/\/www.eyroproject.eu\/sv\/wp-json\/wp\/v2\/pages\/1595\/revisions"}],"predecessor-version":[{"id":1600,"href":"https:\/\/www.eyroproject.eu\/sv\/wp-json\/wp\/v2\/pages\/1595\/revisions\/1600"}],"wp:attachment":[{"href":"https:\/\/www.eyroproject.eu\/sv\/wp-json\/wp\/v2\/media?parent=1595"}],"curies":[{"name":"wp","href":"https:\/\/api.w.org\/{rel}","templated":true}]}}