{"id":1321,"date":"2022-12-27T16:34:07","date_gmt":"2022-12-27T16:34:07","guid":{"rendered":"https:\/\/www.xano.es\/eyro\/kethea\/"},"modified":"2023-03-07T13:00:40","modified_gmt":"2023-03-07T13:00:40","slug":"kethea","status":"publish","type":"page","link":"https:\/\/www.eyroproject.eu\/sv\/kethea\/","title":{"rendered":"KETHEA"},"content":{"rendered":"<!--themify_builder_content-->\n<div id=\"themify_builder_content-1321\" data-postid=\"1321\" class=\"themify_builder_content themify_builder_content-1321 themify_builder tf_clear\">\n    \t\t\t<!-- module_row -->\n\t<div  data-css_id=\"aadl050\" data-lazy=\"1\" class=\"module_row themify_builder_row fullwidth_row_container tb_aadl050 tb_first tf_w tf_clearfix\">\n\t    <div class=\"builder_row_cover tf_abs\"><\/div>\t\t\t<div class=\"row_inner col_align_top tb_col_count_1 tf_box tf_rel\">\n\t\t            <div  data-lazy=\"1\" class=\"module_column tb-column col-full tb_dgjp100 first\">\n                                                        <div class=\"tb-column-inner tf_box tf_w\">\n                        <!-- module text -->\n<div  class=\"module module-text tb_3esi550  repeat \" data-lazy=\"1\">\n        <div  class=\"tb_text_wrap\">\n    <h1><span dir=\"ltr\" role=\"presentation\">KETHEA<\/span><\/h1>\n<h2><span dir=\"ltr\" role=\"presentation\">KENTRO THERAPEIAS EXARTIMENON ATOMON <\/span><\/h2>    <\/div>\n<\/div>\n<!-- \/module text -->                    <\/div>\n                            <\/div>\n            \t    <\/div>\n\t    <!-- \/row_inner -->\n\t<\/div>\n\t<!-- \/module_row -->\n\t\t\t\t<!-- module_row -->\n\t<div  data-lazy=\"1\" class=\"module_row themify_builder_row tb_zk8s001 tf_w tf_clearfix\">\n\t    \t\t\t<div class=\"row_inner col_align_top tb_col_count_2 tf_box tf_rel\">\n\t\t            <div  data-lazy=\"1\" class=\"module_column tb-column col4-2 tb_2l7j228 first\">\n                                                        <div class=\"tb-column-inner tf_box tf_w\">\n                        <!-- module text -->\n<div  class=\"module module-text tb_ty78041  repeat \" data-lazy=\"1\">\n        <div  class=\"tb_text_wrap\">\n    <h2>Beskrivning<\/h2>    <\/div>\n<\/div>\n<!-- \/module text --><!-- module text -->\n<div  class=\"module module-text tb_9mrq108  repeat \" data-lazy=\"1\">\n        <div  class=\"tb_text_wrap\">\n    <p><span data-sheets-value=\"{\"1\":2,\"2\":\"KETHEA es la mayor red de rehabilitaci\u00f3n y reinserci\u00f3n social de Grecia. Lleva prestando sus servicios a drogodependientes y sus familias desde que en 1983 se cre\u00f3 Ithaki, la primera comunidad terap\u00e9utica griega. Sus servicios se ofrecen gratuitamente en la calle y en prisiones y unidades de rehabilitaci\u00f3n de toda Grecia. KETHEA tambi\u00e9n ayuda a personas que sufren otras formas de adicci\u00f3n, como el alcohol, el juego e Internet. Los programas de KETHEA est\u00e1n libres de drogas y ofrecen una amplia gama de servicios que pretenden ayudar al individuo a recuperarse y construirse una nueva vida en la que participe en la sociedad de forma productiva y en igualdad de condiciones. KETHEA ofrece asesoramiento y tratamiento contra las drogas, apoyo familiar, atenci\u00f3n sanitaria, educaci\u00f3n y formaci\u00f3n, apoyo jur\u00eddico y ayuda para reintegrarse en la sociedad y reincorporarse al mundo laboral. Los objetivos de KETHEA son la abstinencia total y sostenida de sustancias para el individuo y su reintegraci\u00f3n equitativa en la sociedad. KETHEA tambi\u00e9n lleva a cabo programas escolares y comunitarios de prevenci\u00f3n e intervenci\u00f3n temprana, y participa activamente en la formaci\u00f3n y la investigaci\u00f3n en el campo de la adicci\u00f3n. Sus programas y actividades terap\u00e9uticas pretenden concienciar sobre el fen\u00f3meno, promover el conocimiento cient\u00edfico y mejorar continuamente los servicios ofrecidos a los adictos y sus familias. Contacto: admin@kethea.gr; P\u00e1gina web: www.kethea.gr\"}\" data-sheets-userformat=\"{\"2\":957,\"3\":{\"1\":0},\"5\":{\"1\":[{\"1\":2,\"2\":0,\"5\":{\"1\":2,\"2\":0}},{\"1\":0,\"2\":0,\"3\":3},{\"1\":1,\"2\":0,\"4\":1}]},\"6\":{\"1\":[{\"1\":2,\"2\":0,\"5\":{\"1\":2,\"2\":0}},{\"1\":0,\"2\":0,\"3\":3},{\"1\":1,\"2\":0,\"4\":1}]},\"7\":{\"1\":[{\"1\":2,\"2\":0,\"5\":{\"1\":2,\"2\":0}},{\"1\":0,\"2\":0,\"3\":3},{\"1\":1,\"2\":0,\"4\":1}]},\"8\":{\"1\":[{\"1\":2,\"2\":0,\"5\":{\"1\":2,\"2\":0}},{\"1\":0,\"2\":0,\"3\":3},{\"1\":1,\"2\":0,\"4\":1}]},\"10\":0,\"11\":4,\"12\":0}\">KETHEA \u00e4r det st\u00f6rsta n\u00e4tverket f\u00f6r rehabilitering och social \u00e5teranpassning i Grekland. Den har tillhandah\u00e5llit sina tj\u00e4nster till drogmissbrukare och deras familjer sedan Ithaki, den f\u00f6rsta grekiska terapeutiska gemenskapen som bildades 1983. Dess tj\u00e4nster erbjuds gratis p\u00e5 gatan, i f\u00e4ngelser och rehabiliteringsenheter runt om i Grekland. KETHEA hj\u00e4lper ocks\u00e5 m\u00e4nniskor som lider av andra former av beroende, inklusive alkohol, spel och internet. KETHEA-programmen \u00e4r drogfria och erbjuder ett omfattande utbud av tj\u00e4nster som syftar till att hj\u00e4lpa individen att \u00e5terh\u00e4mta sig och bygga ett nytt liv f\u00f6r sig sj\u00e4lv d\u00e4r de deltar i samh\u00e4llet produktivt och p\u00e5 lika villkor. KETHEA tillhandah\u00e5ller r\u00e5dgivning och drogbehandling, familjest\u00f6d, h\u00e4lsov\u00e5rd, utbildning, juridiskt st\u00f6d och assistans f\u00f6r att \u00e5terintegrera in i samh\u00e4llet och \u00e5terintr\u00e4da i arbetslivet. KETHEAs m\u00e5l \u00e4r fullst\u00e4ndig och varaktig avh\u00e5llsamhet fr\u00e5n substanser f\u00f6r individen och deras r\u00e4ttvisa \u00e5teranpassning i samh\u00e4llet. KETHEA driver ocks\u00e5 skol- och samh\u00e4llsbaserade program f\u00f6r f\u00f6rebyggande och tidiga insatser, och \u00e4r aktiv inom utbildning och forskning inom missbruksomr\u00e5det. Dess terapeutiska program och aktiviteter syftar till att \u00f6ka medvetenheten om fenomenet, att fr\u00e4mja vetenskaplig kunskap och att st\u00e4ndigt f\u00f6rb\u00e4ttra de tj\u00e4nster som erbjuds missbrukare och deras familjer. Kontakt: admin@kethea.gr; Webbplats: www.kethea.gr        <\/span><\/p>    <\/div>\n<\/div>\n<!-- \/module text -->                    <\/div>\n                            <\/div>\n                        <div  data-lazy=\"1\" class=\"module_column tb-column col4-2 tb_jyh4101 last\">\n                                                        <div class=\"tb-column-inner tf_box tf_w\">\n                        <!-- module text -->\n<div  class=\"module module-text tb_utje050  repeat \" data-lazy=\"1\" data-parallax-element-speed=\"1\" data-lax-translate-y=\"vh 1,0 70\" data-lax=\"true\">\n        <div  class=\"tb_text_wrap\">\n    <p><span data-sheets-value=\"{\"1\":2,\"2\":\"KETHEA es la mayor red de rehabilitaci\u00f3n y reinserci\u00f3n social de Grecia. Lleva prestando sus servicios a drogodependientes y sus familias desde que en 1983 se cre\u00f3 Ithaki, la primera comunidad terap\u00e9utica griega. Sus servicios se ofrecen gratuitamente en la calle y en prisiones y unidades de rehabilitaci\u00f3n de toda Grecia. KETHEA tambi\u00e9n ayuda a personas que sufren otras formas de adicci\u00f3n, como el alcohol, el juego e Internet. Los programas de KETHEA est\u00e1n libres de drogas y ofrecen una amplia gama de servicios que pretenden ayudar al individuo a recuperarse y construirse una nueva vida en la que participe en la sociedad de forma productiva y en igualdad de condiciones. KETHEA ofrece asesoramiento y tratamiento contra las drogas, apoyo familiar, atenci\u00f3n sanitaria, educaci\u00f3n y formaci\u00f3n, apoyo jur\u00eddico y ayuda para reintegrarse en la sociedad y reincorporarse al mundo laboral. Los objetivos de KETHEA son la abstinencia total y sostenida de sustancias para el individuo y su reintegraci\u00f3n equitativa en la sociedad. KETHEA tambi\u00e9n lleva a cabo programas escolares y comunitarios de prevenci\u00f3n e intervenci\u00f3n temprana, y participa activamente en la formaci\u00f3n y la investigaci\u00f3n en el campo de la adicci\u00f3n. Sus programas y actividades terap\u00e9uticas pretenden concienciar sobre el fen\u00f3meno, promover el conocimiento cient\u00edfico y mejorar continuamente los servicios ofrecidos a los adictos y sus familias. Contacto: admin@kethea.gr; P\u00e1gina web: www.kethea.gr\"}\" data-sheets-userformat=\"{\"2\":957,\"3\":{\"1\":0},\"5\":{\"1\":[{\"1\":2,\"2\":0,\"5\":{\"1\":2,\"2\":0}},{\"1\":0,\"2\":0,\"3\":3},{\"1\":1,\"2\":0,\"4\":1}]},\"6\":{\"1\":[{\"1\":2,\"2\":0,\"5\":{\"1\":2,\"2\":0}},{\"1\":0,\"2\":0,\"3\":3},{\"1\":1,\"2\":0,\"4\":1}]},\"7\":{\"1\":[{\"1\":2,\"2\":0,\"5\":{\"1\":2,\"2\":0}},{\"1\":0,\"2\":0,\"3\":3},{\"1\":1,\"2\":0,\"4\":1}]},\"8\":{\"1\":[{\"1\":2,\"2\":0,\"5\":{\"1\":2,\"2\":0}},{\"1\":0,\"2\":0,\"3\":3},{\"1\":1,\"2\":0,\"4\":1}]},\"10\":0,\"11\":4,\"12\":0}\"> Kontakt: <\/span><\/p>\n<p><span data-sheets-value=\"{\"1\":2,\"2\":\"KETHEA es la mayor red de rehabilitaci\u00f3n y reinserci\u00f3n social de Grecia. Lleva prestando sus servicios a drogodependientes y sus familias desde que en 1983 se cre\u00f3 Ithaki, la primera comunidad terap\u00e9utica griega. Sus servicios se ofrecen gratuitamente en la calle y en prisiones y unidades de rehabilitaci\u00f3n de toda Grecia. KETHEA tambi\u00e9n ayuda a personas que sufren otras formas de adicci\u00f3n, como el alcohol, el juego e Internet. Los programas de KETHEA est\u00e1n libres de drogas y ofrecen una amplia gama de servicios que pretenden ayudar al individuo a recuperarse y construirse una nueva vida en la que participe en la sociedad de forma productiva y en igualdad de condiciones. KETHEA ofrece asesoramiento y tratamiento contra las drogas, apoyo familiar, atenci\u00f3n sanitaria, educaci\u00f3n y formaci\u00f3n, apoyo jur\u00eddico y ayuda para reintegrarse en la sociedad y reincorporarse al mundo laboral. Los objetivos de KETHEA son la abstinencia total y sostenida de sustancias para el individuo y su reintegraci\u00f3n equitativa en la sociedad. KETHEA tambi\u00e9n lleva a cabo programas escolares y comunitarios de prevenci\u00f3n e intervenci\u00f3n temprana, y participa activamente en la formaci\u00f3n y la investigaci\u00f3n en el campo de la adicci\u00f3n. Sus programas y actividades terap\u00e9uticas pretenden concienciar sobre el fen\u00f3meno, promover el conocimiento cient\u00edfico y mejorar continuamente los servicios ofrecidos a los adictos y sus familias. Contacto: admin@kethea.gr; P\u00e1gina web: www.kethea.gr\"}\" data-sheets-userformat=\"{\"2\":957,\"3\":{\"1\":0},\"5\":{\"1\":[{\"1\":2,\"2\":0,\"5\":{\"1\":2,\"2\":0}},{\"1\":0,\"2\":0,\"3\":3},{\"1\":1,\"2\":0,\"4\":1}]},\"6\":{\"1\":[{\"1\":2,\"2\":0,\"5\":{\"1\":2,\"2\":0}},{\"1\":0,\"2\":0,\"3\":3},{\"1\":1,\"2\":0,\"4\":1}]},\"7\":{\"1\":[{\"1\":2,\"2\":0,\"5\":{\"1\":2,\"2\":0}},{\"1\":0,\"2\":0,\"3\":3},{\"1\":1,\"2\":0,\"4\":1}]},\"8\":{\"1\":[{\"1\":2,\"2\":0,\"5\":{\"1\":2,\"2\":0}},{\"1\":0,\"2\":0,\"3\":3},{\"1\":1,\"2\":0,\"4\":1}]},\"10\":0,\"11\":4,\"12\":0}\">admin@kethea.gr <\/span><\/p>\n<p><span data-sheets-value=\"{\"1\":2,\"2\":\"KETHEA es la mayor red de rehabilitaci\u00f3n y reinserci\u00f3n social de Grecia. Lleva prestando sus servicios a drogodependientes y sus familias desde que en 1983 se cre\u00f3 Ithaki, la primera comunidad terap\u00e9utica griega. Sus servicios se ofrecen gratuitamente en la calle y en prisiones y unidades de rehabilitaci\u00f3n de toda Grecia. KETHEA tambi\u00e9n ayuda a personas que sufren otras formas de adicci\u00f3n, como el alcohol, el juego e Internet. Los programas de KETHEA est\u00e1n libres de drogas y ofrecen una amplia gama de servicios que pretenden ayudar al individuo a recuperarse y construirse una nueva vida en la que participe en la sociedad de forma productiva y en igualdad de condiciones. KETHEA ofrece asesoramiento y tratamiento contra las drogas, apoyo familiar, atenci\u00f3n sanitaria, educaci\u00f3n y formaci\u00f3n, apoyo jur\u00eddico y ayuda para reintegrarse en la sociedad y reincorporarse al mundo laboral. Los objetivos de KETHEA son la abstinencia total y sostenida de sustancias para el individuo y su reintegraci\u00f3n equitativa en la sociedad. KETHEA tambi\u00e9n lleva a cabo programas escolares y comunitarios de prevenci\u00f3n e intervenci\u00f3n temprana, y participa activamente en la formaci\u00f3n y la investigaci\u00f3n en el campo de la adicci\u00f3n. Sus programas y actividades terap\u00e9uticas pretenden concienciar sobre el fen\u00f3meno, promover el conocimiento cient\u00edfico y mejorar continuamente los servicios ofrecidos a los adictos y sus familias. Contacto: admin@kethea.gr; P\u00e1gina web: www.kethea.gr\"}\" data-sheets-userformat=\"{\"2\":957,\"3\":{\"1\":0},\"5\":{\"1\":[{\"1\":2,\"2\":0,\"5\":{\"1\":2,\"2\":0}},{\"1\":0,\"2\":0,\"3\":3},{\"1\":1,\"2\":0,\"4\":1}]},\"6\":{\"1\":[{\"1\":2,\"2\":0,\"5\":{\"1\":2,\"2\":0}},{\"1\":0,\"2\":0,\"3\":3},{\"1\":1,\"2\":0,\"4\":1}]},\"7\":{\"1\":[{\"1\":2,\"2\":0,\"5\":{\"1\":2,\"2\":0}},{\"1\":0,\"2\":0,\"3\":3},{\"1\":1,\"2\":0,\"4\":1}]},\"8\":{\"1\":[{\"1\":2,\"2\":0,\"5\":{\"1\":2,\"2\":0}},{\"1\":0,\"2\":0,\"3\":3},{\"1\":1,\"2\":0,\"4\":1}]},\"10\":0,\"11\":4,\"12\":0}\">Webbplats: <\/span><\/p>\n<p><a href=\"http:\/\/www.kethea.gr\"><span data-sheets-value=\"{\"1\":2,\"2\":\"KETHEA es la mayor red de rehabilitaci\u00f3n y reinserci\u00f3n social de Grecia. Lleva prestando sus servicios a drogodependientes y sus familias desde que en 1983 se cre\u00f3 Ithaki, la primera comunidad terap\u00e9utica griega. Sus servicios se ofrecen gratuitamente en la calle y en prisiones y unidades de rehabilitaci\u00f3n de toda Grecia. KETHEA tambi\u00e9n ayuda a personas que sufren otras formas de adicci\u00f3n, como el alcohol, el juego e Internet. Los programas de KETHEA est\u00e1n libres de drogas y ofrecen una amplia gama de servicios que pretenden ayudar al individuo a recuperarse y construirse una nueva vida en la que participe en la sociedad de forma productiva y en igualdad de condiciones. KETHEA ofrece asesoramiento y tratamiento contra las drogas, apoyo familiar, atenci\u00f3n sanitaria, educaci\u00f3n y formaci\u00f3n, apoyo jur\u00eddico y ayuda para reintegrarse en la sociedad y reincorporarse al mundo laboral. Los objetivos de KETHEA son la abstinencia total y sostenida de sustancias para el individuo y su reintegraci\u00f3n equitativa en la sociedad. KETHEA tambi\u00e9n lleva a cabo programas escolares y comunitarios de prevenci\u00f3n e intervenci\u00f3n temprana, y participa activamente en la formaci\u00f3n y la investigaci\u00f3n en el campo de la adicci\u00f3n. Sus programas y actividades terap\u00e9uticas pretenden concienciar sobre el fen\u00f3meno, promover el conocimiento cient\u00edfico y mejorar continuamente los servicios ofrecidos a los adictos y sus familias. Contacto: admin@kethea.gr; P\u00e1gina web: www.kethea.gr\"}\" data-sheets-userformat=\"{\"2\":957,\"3\":{\"1\":0},\"5\":{\"1\":[{\"1\":2,\"2\":0,\"5\":{\"1\":2,\"2\":0}},{\"1\":0,\"2\":0,\"3\":3},{\"1\":1,\"2\":0,\"4\":1}]},\"6\":{\"1\":[{\"1\":2,\"2\":0,\"5\":{\"1\":2,\"2\":0}},{\"1\":0,\"2\":0,\"3\":3},{\"1\":1,\"2\":0,\"4\":1}]},\"7\":{\"1\":[{\"1\":2,\"2\":0,\"5\":{\"1\":2,\"2\":0}},{\"1\":0,\"2\":0,\"3\":3},{\"1\":1,\"2\":0,\"4\":1}]},\"8\":{\"1\":[{\"1\":2,\"2\":0,\"5\":{\"1\":2,\"2\":0}},{\"1\":0,\"2\":0,\"3\":3},{\"1\":1,\"2\":0,\"4\":1}]},\"10\":0,\"11\":4,\"12\":0}\">www.kethea.gr<\/span><\/a><\/p>    <\/div>\n<\/div>\n<!-- \/module text -->                    <\/div>\n                            <\/div>\n            \t    <\/div>\n\t    <!-- \/row_inner -->\n\t<\/div>\n\t<!-- \/module_row -->\n\t<\/div>\n<!--\/themify_builder_content-->","protected":false},"excerpt":{"rendered":"<p>KETHEA KENTRO THERAPEIAS EXARTIMENON ATOMON<\/p>\n","protected":false},"author":1,"featured_media":0,"parent":0,"menu_order":0,"comment_status":"closed","ping_status":"closed","template":"","meta":{"footnotes":""},"class_list":["post-1321","page","type-page","status-publish","hentry","has-post-title","has-post-date","has-post-category","has-post-tag","has-post-comment","has-post-author",""],"builder_content":"<h1>KETHEA<\/h1> <h2>KENTRO THERAPEIAS EXARTIMENON ATOMON <\/h2>\n<h2>Beskrivning<\/h2>\n<p>KETHEA \u00e4r det st\u00f6rsta n\u00e4tverket f\u00f6r rehabilitering och social \u00e5teranpassning i Grekland. Den har tillhandah\u00e5llit sina tj\u00e4nster till drogmissbrukare och deras familjer sedan Ithaki, den f\u00f6rsta grekiska terapeutiska gemenskapen som bildades 1983. Dess tj\u00e4nster erbjuds gratis p\u00e5 gatan, i f\u00e4ngelser och rehabiliteringsenheter runt om i Grekland. KETHEA hj\u00e4lper ocks\u00e5 m\u00e4nniskor som lider av andra former av beroende, inklusive alkohol, spel och internet. KETHEA-programmen \u00e4r drogfria och erbjuder ett omfattande utbud av tj\u00e4nster som syftar till att hj\u00e4lpa individen att \u00e5terh\u00e4mta sig och bygga ett nytt liv f\u00f6r sig sj\u00e4lv d\u00e4r de deltar i samh\u00e4llet produktivt och p\u00e5 lika villkor. KETHEA tillhandah\u00e5ller r\u00e5dgivning och drogbehandling, familjest\u00f6d, h\u00e4lsov\u00e5rd, utbildning, juridiskt st\u00f6d och assistans f\u00f6r att \u00e5terintegrera in i samh\u00e4llet och \u00e5terintr\u00e4da i arbetslivet. KETHEAs m\u00e5l \u00e4r fullst\u00e4ndig och varaktig avh\u00e5llsamhet fr\u00e5n substanser f\u00f6r individen och deras r\u00e4ttvisa \u00e5teranpassning i samh\u00e4llet. KETHEA driver ocks\u00e5 skol- och samh\u00e4llsbaserade program f\u00f6r f\u00f6rebyggande och tidiga insatser, och \u00e4r aktiv inom utbildning och forskning inom missbruksomr\u00e5det. Dess terapeutiska program och aktiviteter syftar till att \u00f6ka medvetenheten om fenomenet, att fr\u00e4mja vetenskaplig kunskap och att st\u00e4ndigt f\u00f6rb\u00e4ttra de tj\u00e4nster som erbjuds missbrukare och deras familjer. Kontakt: admin@kethea.gr; Webbplats: www.kethea.gr <\/p>\n<p> Kontakt: <\/p> <p>admin@kethea.gr <\/p> <p>Webbplats: <\/p> <p><a href=\"http:\/\/www.kethea.gr\">www.kethea.gr<\/a><\/p>","_links":{"self":[{"href":"https:\/\/www.eyroproject.eu\/sv\/wp-json\/wp\/v2\/pages\/1321","targetHints":{"allow":["GET"]}}],"collection":[{"href":"https:\/\/www.eyroproject.eu\/sv\/wp-json\/wp\/v2\/pages"}],"about":[{"href":"https:\/\/www.eyroproject.eu\/sv\/wp-json\/wp\/v2\/types\/page"}],"author":[{"embeddable":true,"href":"https:\/\/www.eyroproject.eu\/sv\/wp-json\/wp\/v2\/users\/1"}],"replies":[{"embeddable":true,"href":"https:\/\/www.eyroproject.eu\/sv\/wp-json\/wp\/v2\/comments?post=1321"}],"version-history":[{"count":1,"href":"https:\/\/www.eyroproject.eu\/sv\/wp-json\/wp\/v2\/pages\/1321\/revisions"}],"predecessor-version":[{"id":1322,"href":"https:\/\/www.eyroproject.eu\/sv\/wp-json\/wp\/v2\/pages\/1321\/revisions\/1322"}],"wp:attachment":[{"href":"https:\/\/www.eyroproject.eu\/sv\/wp-json\/wp\/v2\/media?parent=1321"}],"curies":[{"name":"wp","href":"https:\/\/api.w.org\/{rel}","templated":true}]}}