{"id":1308,"date":"2022-12-27T16:11:47","date_gmt":"2022-12-27T16:11:47","guid":{"rendered":"https:\/\/www.xano.es\/eyro\/ajuntament-de-guadassuar\/"},"modified":"2023-03-07T12:04:33","modified_gmt":"2023-03-07T12:04:33","slug":"ajuntament-de-guadassuar","status":"publish","type":"page","link":"https:\/\/www.eyroproject.eu\/sv\/ajuntament-de-guadassuar\/","title":{"rendered":"Ajuntament de Guadassuar"},"content":{"rendered":"<!--themify_builder_content-->\n<div id=\"themify_builder_content-1308\" data-postid=\"1308\" class=\"themify_builder_content themify_builder_content-1308 themify_builder tf_clear\">\n    \t\t\t<!-- module_row -->\n\t<div  data-css_id=\"lce1174\" data-lazy=\"1\" class=\"module_row themify_builder_row fullwidth_row_container tb_lce1174 tb_first tf_w tf_clearfix\">\n\t    <div class=\"builder_row_cover tf_abs\"><\/div>\t\t\t<div class=\"row_inner col_align_top tb_col_count_1 tf_box tf_rel\">\n\t\t            <div  data-lazy=\"1\" class=\"module_column tb-column col-full tb_45v9174 first\">\n                                                        <div class=\"tb-column-inner tf_box tf_w\">\n                        <!-- module text -->\n<div  class=\"module module-text tb_glzs174  repeat \" data-lazy=\"1\">\n        <div  class=\"tb_text_wrap\">\n    <h1><span dir=\"ltr\" role=\"presentation\">Ajuntament de Guadassuar <\/span><\/h1>    <\/div>\n<\/div>\n<!-- \/module text -->                    <\/div>\n                            <\/div>\n            \t    <\/div>\n\t    <!-- \/row_inner -->\n\t<\/div>\n\t<!-- \/module_row -->\n\t\t\t\t<!-- module_row -->\n\t<div  data-lazy=\"1\" class=\"module_row themify_builder_row tb_8c7b175 tf_w tf_clearfix\">\n\t    \t\t\t<div class=\"row_inner col_align_top tb_col_count_2 tf_box tf_rel\">\n\t\t            <div  data-lazy=\"1\" class=\"module_column tb-column col4-2 tb_83ic175 first\">\n                                                        <div class=\"tb-column-inner tf_box tf_w\">\n                        <!-- module text -->\n<div  class=\"module module-text tb_rhom175  repeat \" data-lazy=\"1\">\n        <div  class=\"tb_text_wrap\">\n    <h2>Beskrivning<\/h2>    <\/div>\n<\/div>\n<!-- \/module text --><!-- module text -->\n<div  class=\"module module-text tb_8f81175  repeat \" data-lazy=\"1\">\n        <div  class=\"tb_text_wrap\">\n    <p><span data-sheets-value=\"{\"1\":2,\"2\":\"Guadassuar es un peque\u00f1o municipio de la Comunidad Valenciana, Espa\u00f1a, perteneciente a la provincia de Valencia, en la comarca de la Ribera Alta. Ribera Alta.\\n\\nGuadassuar se encuentra a 30 km de Valencia. La poblaci\u00f3n ronda los 6.000 habitantes. En los \u00faltimos a\u00f1os se han instalado en la ciudad inmigrantes procedentes de Ruman\u00eda, Bulgaria y otros pa\u00edses del Este. \\n\\nEl Ayuntamiento de Guadassuar promueve varias actividades sociales, econ\u00f3micas y culturales con el objetivo de difundir la cultura, el conocimiento y las tradiciones locales dentro y fuera de su comunidad e implicar a los ciudadanos en la participaci\u00f3n activa en la vida social de la comunidad. \\n\\nEl municipio de Guadassuar est\u00e1 muy comprometido con el uso de las nuevas tecnolog\u00edas, promoviendo diversas iniciativas relacionadas con el uso de las nuevas tecnolog\u00edas y la comunicaci\u00f3n a trav\u00e9s de las redes sociales entre los ciudadanos. Algunas de las actividades que se desarrollan en Guadassuar, promovidas por el Ayuntamiento con la colaboraci\u00f3n de otras entidades locales, son:\\n\\n - El \\\"Club de Lectores\\\": una iniciativa coordinada por la Biblioteca P\u00fablica de Guadassuar \\n\\n- Diversas actividades para la joventud local: con la finalidad de promover la participaci\u00f3n activa de los j\u00f3venes en el municipio.\\n\\n- El evento \\\"Dibujando por la Igualdad\\\": exposici\u00f3n de arte y M\u00fasica performance para sensibilizar sobre la igualdad de g\u00e9nero \\n\\n- \\\"Trivial Feminista\\\", que se celebra en la Casa de la Cultura de Guadassuar (Casa de la Cultura) en el D\u00eda Internacional de la Mujer, y coordinado por la Concejal\u00eda de Igualdad de la localidad\\n\\n - Varias iniciativas de sensibilizaci\u00f3n sobre h\u00e1bitos de vida y nutrici\u00f3n saludables \\n\\n- Campa\u00f1as de sensibilizaci\u00f3n y para fomentar la solidaridad: \\\"Ser Donant no pasa de moda\\\", una iniciativa para informar e implicar a la poblaci\u00f3n en las donaciones de sangre, y la campa\u00f1a titulada \\\"Carretera Segura\\\" \\n\\nEl Ayuntamiento apuesta decididamente por mantener vivas las tradiciones. Por ello, se iniciativas para perseguir este objetivo. Entre ellas \\n\\n- El Concurso de Fotograf\u00eda sobre la Semana Santa\\n\\n - Las Fallas: celebraci\u00f3n tradicional, muy arraigada en la historia de la Comunidad Valenciana \\n- Conciertos de M\u00fasica Renacentista, Conciertos de M\u00fasica Renacentista, interpretados con instrumentos musicales tradicionales Guadassuar cuenta con una gran tradici\u00f3n musical, por lo que la m\u00fasica es un elemento fundamental en todas las fiestas y celebraciones locales, elemento fundamental en todas las fiestas y celebraciones locales. \\n\\nEl Ayuntamiento tambi\u00e9n gestiona un Auditorio, donde se celebran conciertos y conciertos y representaciones art\u00edsticas. La Concejal\u00eda de Educaci\u00f3n, Deportes y Festejos del Ayuntamiento de Guadassuar ha participado en varios proyectos Erasmus relacionados con la inclusi\u00f3n social, la educaci\u00f3n y la inmigraci\u00f3n.\"}\" data-sheets-userformat=\"{\"2\":957,\"3\":{\"1\":0},\"5\":{\"1\":[{\"1\":2,\"2\":0,\"5\":{\"1\":2,\"2\":0}},{\"1\":0,\"2\":0,\"3\":3},{\"1\":1,\"2\":0,\"4\":1}]},\"6\":{\"1\":[{\"1\":2,\"2\":0,\"5\":{\"1\":2,\"2\":0}},{\"1\":0,\"2\":0,\"3\":3},{\"1\":1,\"2\":0,\"4\":1}]},\"7\":{\"1\":[{\"1\":2,\"2\":0,\"5\":{\"1\":2,\"2\":0}},{\"1\":0,\"2\":0,\"3\":3},{\"1\":1,\"2\":0,\"4\":1}]},\"8\":{\"1\":[{\"1\":2,\"2\":0,\"5\":{\"1\":2,\"2\":0}},{\"1\":0,\"2\":0,\"3\":3},{\"1\":1,\"2\":0,\"4\":1}]},\"10\":0,\"11\":4,\"12\":0}\">&#8221;Guadassuar \u00e4r en liten kommun i Valencia, Spanien, som tillh\u00f6r provinsen Valencia, i regionen Ribera Alta. Ribera Alta. <br><br>Guadassuar ligger 30 km fr\u00e5n Valencia. Befolkningen \u00e4r cirka 6 000 inv\u00e5nare. Under de senaste \u00e5ren har invandrare fr\u00e5n Rum\u00e4nien, Bulgarien och andra \u00f6stl\u00e4nder bosatt sig i staden.   <br><br>Guadassuars stadsfullm\u00e4ktige fr\u00e4mjar olika sociala, ekonomiska och kulturella aktiviteter i syfte att sprida lokal kultur, kunskap och traditioner inom och utanf\u00f6r sitt samh\u00e4lle och att involvera medborgarna i ett aktivt deltagande i samh\u00e4llets sociala liv. <br><br>Kommunen Guadassuar \u00e4r mycket engagerad i anv\u00e4ndningen av ny teknik och fr\u00e4mjar olika initiativ relaterade till anv\u00e4ndningen av ny teknik och kommunikation genom sociala n\u00e4tverk bland medborgarna. N\u00e5gra av de aktiviteter som utvecklas i Guadassuar, fr\u00e4mjas av kommunfullm\u00e4ktige i samarbete med andra lokala enheter, \u00e4r: <br><br>&#8211; &#8221;&#8221;L\u00e4sarklubben&#8221;&#8221;: ett initiativ som samordnas av Guadassuars offentliga bibliotek. <br><br>&#8211; Olika aktiviteter f\u00f6r lokala ungdomar: med syfte att fr\u00e4mja ungdomars aktiva deltagande i kommunen.<br><br>&#8211; Evenemanget &#8221;&#8221;Drawing for Equality&#8221;&#8221;: konstutst\u00e4llning och musikf\u00f6rest\u00e4llning f\u00f6r att \u00f6ka medvetenheten om j\u00e4mst\u00e4lldhet. <br><br>&#8211; &#8221;&#8221;Feministisk trivia&#8221;&#8221;, h\u00e5lls i Casa de la Cultura de Guadassuar (Kulturhuset) p\u00e5 Internationella kvinnodagen, och koordineras av den lokala j\u00e4mst\u00e4lldhetsdepartementet.<br><br>\u2013 Flera initiativ f\u00f6r att \u00f6ka medvetenheten om h\u00e4lsosam livsstil och kostvanor. <br><br>&#8211; Kampanjer f\u00f6r att \u00f6ka medvetenheten och fr\u00e4mja solidaritet: &#8221;&#8221;Ser Donant no pasa de moda&#8221;&#8221;, ett initiativ f\u00f6r att informera och involvera befolkningen i bloddonationer, och kampanjen med titeln &#8221;&#8221;Carretera Segura&#8221;&#8221; (S\u00e4ker v\u00e4g). <br><br>Kommunfullm\u00e4ktige \u00e4r fast beslutna att h\u00e5lla traditioner vid liv. D\u00e4rf\u00f6r tas initiativ f\u00f6r att n\u00e5 detta m\u00e5l. Bland dem   <br><br>&#8211; P\u00e5skveckans fotot\u00e4vling<br><br>&#8211; Las Fallas: en traditionell fest, djupt rotad i Valencias historia. <br>&#8211; Ren\u00e4ssansmusikkonserter, ren\u00e4ssansmusikkonserter, framf\u00f6rda med traditionella musikinstrument Guadassuar har en stor musiktradition, s\u00e5 musik \u00e4r ett grundl\u00e4ggande inslag i alla lokala festivaler och fester, ett grundl\u00e4ggande inslag i alla lokala festivaler och fester. <br><br>Stadshuset driver ocks\u00e5 ett Auditorium, d\u00e4r konserter och konstn\u00e4rliga upptr\u00e4danden h\u00e5lls. Institutionen f\u00f6r utbildning, idrott och festligheter i Guadassuars kommunfullm\u00e4ktige har deltagit i flera Erasmus-projekt relaterade till social integration, utbildning och immigration.(Ange det p\u00e5 engelska och sedan p\u00e5 ditt spr\u00e5k)&#8221; <\/span><\/p>    <\/div>\n<\/div>\n<!-- \/module text -->                    <\/div>\n                            <\/div>\n                        <div  data-lazy=\"1\" class=\"module_column tb-column col4-2 tb_9yma176 last\">\n                                                <\/div>\n            \t    <\/div>\n\t    <!-- \/row_inner -->\n\t<\/div>\n\t<!-- \/module_row -->\n\t<\/div>\n<!--\/themify_builder_content-->","protected":false},"excerpt":{"rendered":"<p>Ajuntament de Guadassuar Descripci\u00f3n Guadassuar es un peque\u00f1o municipio de la Comunidad Valenciana, Espa\u00f1a, perteneciente a la provincia de Valencia, en la comarca de la Ribera Alta. Ribera Alta. Guadassuar se encuentra a 30 km de Valencia. La poblaci\u00f3n ronda los 6.000 habitantes. En los \u00faltimos a\u00f1os se han instalado en la ciudad inmigrantes procedentes [&hellip;]<\/p>\n","protected":false},"author":1,"featured_media":0,"parent":0,"menu_order":0,"comment_status":"closed","ping_status":"closed","template":"","meta":{"footnotes":""},"class_list":["post-1308","page","type-page","status-publish","hentry","has-post-title","has-post-date","has-post-category","has-post-tag","has-post-comment","has-post-author",""],"builder_content":"<h1>Ajuntament de Guadassuar <\/h1>\n<h2>Beskrivning<\/h2>\n<p>\"Guadassuar \u00e4r en liten kommun i Valencia, Spanien, som tillh\u00f6r provinsen Valencia, i regionen Ribera Alta. Ribera Alta. <br><br>Guadassuar ligger 30 km fr\u00e5n Valencia. Befolkningen \u00e4r cirka 6 000 inv\u00e5nare. Under de senaste \u00e5ren har invandrare fr\u00e5n Rum\u00e4nien, Bulgarien och andra \u00f6stl\u00e4nder bosatt sig i staden. <br><br>Guadassuars stadsfullm\u00e4ktige fr\u00e4mjar olika sociala, ekonomiska och kulturella aktiviteter i syfte att sprida lokal kultur, kunskap och traditioner inom och utanf\u00f6r sitt samh\u00e4lle och att involvera medborgarna i ett aktivt deltagande i samh\u00e4llets sociala liv. <br><br>Kommunen Guadassuar \u00e4r mycket engagerad i anv\u00e4ndningen av ny teknik och fr\u00e4mjar olika initiativ relaterade till anv\u00e4ndningen av ny teknik och kommunikation genom sociala n\u00e4tverk bland medborgarna. N\u00e5gra av de aktiviteter som utvecklas i Guadassuar, fr\u00e4mjas av kommunfullm\u00e4ktige i samarbete med andra lokala enheter, \u00e4r: <br><br>- \"\"L\u00e4sarklubben\"\": ett initiativ som samordnas av Guadassuars offentliga bibliotek. <br><br>- Olika aktiviteter f\u00f6r lokala ungdomar: med syfte att fr\u00e4mja ungdomars aktiva deltagande i kommunen.<br><br>- Evenemanget \"\"Drawing for Equality\"\": konstutst\u00e4llning och musikf\u00f6rest\u00e4llning f\u00f6r att \u00f6ka medvetenheten om j\u00e4mst\u00e4lldhet. <br><br>- \"\"Feministisk trivia\"\", h\u00e5lls i Casa de la Cultura de Guadassuar (Kulturhuset) p\u00e5 Internationella kvinnodagen, och koordineras av den lokala j\u00e4mst\u00e4lldhetsdepartementet.<br><br>\u2013 Flera initiativ f\u00f6r att \u00f6ka medvetenheten om h\u00e4lsosam livsstil och kostvanor. <br><br>- Kampanjer f\u00f6r att \u00f6ka medvetenheten och fr\u00e4mja solidaritet: \"\"Ser Donant no pasa de moda\"\", ett initiativ f\u00f6r att informera och involvera befolkningen i bloddonationer, och kampanjen med titeln \"\"Carretera Segura\"\" (S\u00e4ker v\u00e4g). <br><br>Kommunfullm\u00e4ktige \u00e4r fast beslutna att h\u00e5lla traditioner vid liv. D\u00e4rf\u00f6r tas initiativ f\u00f6r att n\u00e5 detta m\u00e5l. Bland dem <br><br>- P\u00e5skveckans fotot\u00e4vling<br><br>- Las Fallas: en traditionell fest, djupt rotad i Valencias historia. <br>- Ren\u00e4ssansmusikkonserter, ren\u00e4ssansmusikkonserter, framf\u00f6rda med traditionella musikinstrument Guadassuar har en stor musiktradition, s\u00e5 musik \u00e4r ett grundl\u00e4ggande inslag i alla lokala festivaler och fester, ett grundl\u00e4ggande inslag i alla lokala festivaler och fester. <br><br>Stadshuset driver ocks\u00e5 ett Auditorium, d\u00e4r konserter och konstn\u00e4rliga upptr\u00e4danden h\u00e5lls. Institutionen f\u00f6r utbildning, idrott och festligheter i Guadassuars kommunfullm\u00e4ktige har deltagit i flera Erasmus-projekt relaterade till social integration, utbildning och immigration.(Ange det p\u00e5 engelska och sedan p\u00e5 ditt spr\u00e5k)\" <\/p>","_links":{"self":[{"href":"https:\/\/www.eyroproject.eu\/sv\/wp-json\/wp\/v2\/pages\/1308","targetHints":{"allow":["GET"]}}],"collection":[{"href":"https:\/\/www.eyroproject.eu\/sv\/wp-json\/wp\/v2\/pages"}],"about":[{"href":"https:\/\/www.eyroproject.eu\/sv\/wp-json\/wp\/v2\/types\/page"}],"author":[{"embeddable":true,"href":"https:\/\/www.eyroproject.eu\/sv\/wp-json\/wp\/v2\/users\/1"}],"replies":[{"embeddable":true,"href":"https:\/\/www.eyroproject.eu\/sv\/wp-json\/wp\/v2\/comments?post=1308"}],"version-history":[{"count":1,"href":"https:\/\/www.eyroproject.eu\/sv\/wp-json\/wp\/v2\/pages\/1308\/revisions"}],"predecessor-version":[{"id":1309,"href":"https:\/\/www.eyroproject.eu\/sv\/wp-json\/wp\/v2\/pages\/1308\/revisions\/1309"}],"wp:attachment":[{"href":"https:\/\/www.eyroproject.eu\/sv\/wp-json\/wp\/v2\/media?parent=1308"}],"curies":[{"name":"wp","href":"https:\/\/api.w.org\/{rel}","templated":true}]}}