{"id":1125,"date":"2022-12-03T17:40:39","date_gmt":"2022-12-03T17:40:39","guid":{"rendered":"https:\/\/www.xano.es\/eyro\/fjarrorkester\/"},"modified":"2024-03-20T16:49:57","modified_gmt":"2024-03-20T16:49:57","slug":"fjarrorkester","status":"publish","type":"page","link":"https:\/\/www.eyroproject.eu\/sv\/fjarrorkester\/","title":{"rendered":"Remote Orchestra"},"content":{"rendered":"<!--themify_builder_content-->\n<div id=\"themify_builder_content-1125\" data-postid=\"1125\" class=\"themify_builder_content themify_builder_content-1125 themify_builder tf_clear\">\n    \t\t\t<!-- module_row -->\n\t<div  data-css_id=\"ytqg925\" data-lazy=\"1\" class=\"module_row themify_builder_row fullheight fullwidth_row_container tb_ytqg925 tb_first tf_w tf_clearfix\">\n\t    \t\t\t<div class=\"row_inner col_align_middle tb_col_count_2 tf_box tf_rel\">\n\t\t            <div  data-lazy=\"1\" class=\"module_column tb-column col3-2 tb_p8nc925 first\">\n                                                        <div class=\"tb-column-inner tf_box tf_w\">\n                        <!-- module text -->\n<div  class=\"module module-text tb_34lm926  repeat \" data-lazy=\"1\">\n        <div  class=\"tb_text_wrap\">\n    <h1>Remote Orchestra<\/h1>    <\/div>\n<\/div>\n<!-- \/module text --><!-- module text -->\n<div  class=\"module module-text tb_t2gw926  repeat \" data-lazy=\"1\">\n        <div  class=\"tb_text_wrap\">\n    <p><span dir=\"ltr\" role=\"presentation\"><span data-sheets-value=\"{\"1\":2,\"2\":\"EYRO will create an inclusive, collaborative EU \u2018youth remote orchestra\u2019 for young people at risk of social exclusion, offering mentoring and coaching in playing music together across Europe. The orchestra will be created by connecting up the Music Labs in Spain, Italy, Greece and Sweden. Technology can be a challenge! To create the remote orchestra, EYRO's training programme for music teachers focuses on the technology needed to support a \\\"remote orchestra\\\".\"}\" data-sheets-userformat=\"{\"2\":2877,\"3\":{\"1\":0},\"5\":{\"1\":[{\"1\":2,\"2\":0,\"5\":{\"1\":2,\"2\":0}},{\"1\":0,\"2\":0,\"3\":3},{\"1\":1,\"2\":0,\"4\":1}]},\"6\":{\"1\":[{\"1\":2,\"2\":0,\"5\":{\"1\":2,\"2\":0}},{\"1\":0,\"2\":0,\"3\":3},{\"1\":1,\"2\":0,\"4\":1}]},\"7\":{\"1\":[{\"1\":2,\"2\":0,\"5\":{\"1\":2,\"2\":0}},{\"1\":0,\"2\":0,\"3\":3},{\"1\":1,\"2\":0,\"4\":1}]},\"8\":{\"1\":[{\"1\":2,\"2\":0,\"5\":{\"1\":2,\"2\":0}},{\"1\":0,\"2\":0,\"3\":3},{\"1\":1,\"2\":0,\"4\":1}]},\"11\":4,\"12\":0,\"14\":{\"1\":2,\"2\":0}}\">EYRO kommer att skapa en inkluderande och samarbetsinriktad europeisk &#8221;ungdomsorkester p\u00e5 distans&#8221; f\u00f6r ungdomar som riskerar social utslagning, och erbjuda mentorskap och coachning f\u00f6r att spela musik tillsammans i hela Europa. Orkestern kommer att skapas genom att koppla samman musiklaboratorierna i Spanien, Italien, Grekland och Sverige. Teknik kan vara en utmaning! F\u00f6r att skapa distansorkestern fokuserar EYRO:s utbildningsprogram f\u00f6r musikl\u00e4rare p\u00e5 den teknik som beh\u00f6vs f\u00f6r att st\u00f6dja en &#8221;distansorkester&#8221;.<\/span><\/span><\/p>    <\/div>\n<\/div>\n<!-- \/module text --><!-- module video -->\n<div  class=\"module module-video tb_jhbd815 video-top  \" data-lazy=\"1\">\n    \t\t\t\t<div class=\"video-wrap-outer\">\n\t\t\t<div class=\"video-wrap tf_rel tf_overflow\">\n\t\t\t\t\t\t\t\t\t<noscript><iframe data-no-script src=\"https:\/\/www.youtube.com\/embed\/w7eBgrlMtRg?pip=1&playsinline=1&autohide=1&border=0&wmode=opaque\" allow=\"accelerometer;encrypted-media;gyroscope;picture-in-picture\" class=\"tf_abs tf_w tf_h\"><\/iframe><\/noscript>\n\t\t\t\t    \t\t\t<\/div>\n\t\t\t<!-- \/video-wrap -->\n\t\t<\/div>\n\t\t<!-- \/video-wrap-outer -->\n\t\t\t<\/div>\n                    <\/div>\n                            <\/div>\n                        <div  data-lazy=\"1\" class=\"module_column tb-column col3-1 tb_n77g927 last\">\n                                                <\/div>\n            \t    <\/div>\n\t    <!-- \/row_inner -->\n\t<\/div>\n\t<!-- \/module_row -->\n\t<\/div>\n<!--\/themify_builder_content-->","protected":false},"excerpt":{"rendered":"<p>Remote Orchestra<\/p>\n","protected":false},"author":1,"featured_media":0,"parent":0,"menu_order":0,"comment_status":"closed","ping_status":"closed","template":"","meta":{"footnotes":""},"class_list":["post-1125","page","type-page","status-publish","hentry","has-post-title","has-post-date","has-post-category","has-post-tag","has-post-comment","has-post-author",""],"builder_content":"<h1>Remote Orchestra<\/h1>\n<p>EYRO kommer att skapa en inkluderande och samarbetsinriktad europeisk \"ungdomsorkester p\u00e5 distans\" f\u00f6r ungdomar som riskerar social utslagning, och erbjuda mentorskap och coachning f\u00f6r att spela musik tillsammans i hela Europa. Orkestern kommer att skapas genom att koppla samman musiklaboratorierna i Spanien, Italien, Grekland och Sverige. Teknik kan vara en utmaning! F\u00f6r att skapa distansorkestern fokuserar EYRO:s utbildningsprogram f\u00f6r musikl\u00e4rare p\u00e5 den teknik som beh\u00f6vs f\u00f6r att st\u00f6dja en \"distansorkester\".<\/p>\n\n<noscript><iframe data-no-script src=\"https:\/\/www.youtube.com\/embed\/w7eBgrlMtRg?pip=1&playsinline=1&autohide=1&border=0&wmode=opaque\" allow=\"accelerometer;encrypted-media;gyroscope;picture-in-picture\"><\/iframe><\/noscript>","_links":{"self":[{"href":"https:\/\/www.eyroproject.eu\/sv\/wp-json\/wp\/v2\/pages\/1125","targetHints":{"allow":["GET"]}}],"collection":[{"href":"https:\/\/www.eyroproject.eu\/sv\/wp-json\/wp\/v2\/pages"}],"about":[{"href":"https:\/\/www.eyroproject.eu\/sv\/wp-json\/wp\/v2\/types\/page"}],"author":[{"embeddable":true,"href":"https:\/\/www.eyroproject.eu\/sv\/wp-json\/wp\/v2\/users\/1"}],"replies":[{"embeddable":true,"href":"https:\/\/www.eyroproject.eu\/sv\/wp-json\/wp\/v2\/comments?post=1125"}],"version-history":[{"count":4,"href":"https:\/\/www.eyroproject.eu\/sv\/wp-json\/wp\/v2\/pages\/1125\/revisions"}],"predecessor-version":[{"id":1845,"href":"https:\/\/www.eyroproject.eu\/sv\/wp-json\/wp\/v2\/pages\/1125\/revisions\/1845"}],"wp:attachment":[{"href":"https:\/\/www.eyroproject.eu\/sv\/wp-json\/wp\/v2\/media?parent=1125"}],"curies":[{"name":"wp","href":"https:\/\/api.w.org\/{rel}","templated":true}]}}