{"id":1081,"date":"2022-12-27T16:30:31","date_gmt":"2022-12-27T16:30:31","guid":{"rendered":"https:\/\/www.xano.es\/eyro\/folkuniversitetet\/"},"modified":"2023-02-17T08:11:33","modified_gmt":"2023-02-17T08:11:33","slug":"folkuniversitetet","status":"publish","type":"page","link":"https:\/\/www.eyroproject.eu\/sv\/folkuniversitetet\/","title":{"rendered":"Folkuniversitetet"},"content":{"rendered":"<!--themify_builder_content-->\n<div id=\"themify_builder_content-1081\" data-postid=\"1081\" class=\"themify_builder_content themify_builder_content-1081 themify_builder tf_clear\">\n    \t\t\t<!-- module_row -->\n\t<div  data-css_id=\"9624961\" data-lazy=\"1\" class=\"module_row themify_builder_row fullwidth_row_container tb_9624961 tb_first tf_w tf_clearfix\">\n\t    <div class=\"builder_row_cover tf_abs\"><\/div>\t\t\t<div class=\"row_inner col_align_top tb_col_count_1 tf_box tf_rel\">\n\t\t            <div  data-lazy=\"1\" class=\"module_column tb-column col-full tb_hqg4070 first\">\n                                                        <div class=\"tb-column-inner tf_box tf_w\">\n                        <!-- module text -->\n<div  class=\"module module-text tb_w0os070  repeat \" data-lazy=\"1\">\n        <div  class=\"tb_text_wrap\">\n    <h1><span dir=\"ltr\" role=\"presentation\">Folkuniversitetet<\/span><\/h1>    <\/div>\n<\/div>\n<!-- \/module text -->                    <\/div>\n                            <\/div>\n            \t    <\/div>\n\t    <!-- \/row_inner -->\n\t<\/div>\n\t<!-- \/module_row -->\n\t\t\t\t<!-- module_row -->\n\t<div  data-lazy=\"1\" class=\"module_row themify_builder_row tb_ozsg600 tf_w tf_clearfix\">\n\t    \t\t\t<div class=\"row_inner col_align_top tb_col_count_2 tf_box tf_rel\">\n\t\t            <div  data-lazy=\"1\" class=\"module_column tb-column col4-2 tb_3xsc112 first\">\n                                                        <div class=\"tb-column-inner tf_box tf_w\">\n                        <!-- module text -->\n<div  class=\"module module-text tb_fcdo660  repeat \" data-lazy=\"1\">\n        <div  class=\"tb_text_wrap\">\n    <h2>Beskrivning<\/h2>    <\/div>\n<\/div>\n<!-- \/module text --><!-- module text -->\n<div  class=\"module module-text tb_73oi866  repeat \" data-lazy=\"1\">\n        <div  class=\"tb_text_wrap\">\n    <p>Folkuniversitetet \u00e4r ett av Sveriges tio studief\u00f6rbund. Folkuniversitetet bedriver folkbildning och vuxenutbildning p\u00e5 cirka 100 orter i Sverige och utomlands. Det bildas av de fem stiftelserna Kursverksamheten vid Stockholms, Uppsala, G\u00f6teborgs, Lunds respektive Ume\u00e5 universitet. Folkuniversitetet \u00e4r en id\u00e9baserad organisation, oberoende fr\u00e5n partipolitiska, religi\u00f6sa, fackliga och kommersiella s\u00e4rintressen Folkuniversitetet bedriver folkbildning och vuxenutbildning i hela Sverige V\u00e5r tanke \u00e4r att ge m\u00e4nniskor f\u00f6ruts\u00e4ttningar f\u00f6r ett rikare liv genom kunskap och kreativitet Kunskapsf\u00f6r\u00e4ndringar<\/p>    <\/div>\n<\/div>\n<!-- \/module text -->                    <\/div>\n                            <\/div>\n                        <div  data-lazy=\"1\" class=\"module_column tb-column col4-2 tb_kn5d606 last\">\n                                                        <div class=\"tb-column-inner tf_box tf_w\">\n                        <!-- module text -->\n<div  class=\"module module-text tb_rrsa610  repeat \" data-lazy=\"1\" data-parallax-element-speed=\"1\" data-lax-translate-y=\"vh 1,0 70\" data-lax=\"true\">\n        <div  class=\"tb_text_wrap\">\n    <h2>Web:<\/h2>\n<div>\n<p><a href=\"http:\/\/www.folkuniversitetet.se\" target=\"_blank\" rel=\"noopener\" data-saferedirecturl=\"https:\/\/www.google.com\/url?q=http:\/\/www.folkuniversitetet.se&#038;source=gmail&#038;ust=1676131685137000&#038;usg=AOvVaw2UneMIcJG74Q7FhXmYP2z_\">www.folkuniversitetet.se<\/a><\/p>\n<\/div>\n<h2>Adress:<\/h2>\n<div><br><span lang=\"SV-SE\"><a href=\"https:\/\/www.google.com\/maps\/search\/Tr%C3%A4dg%C3%A5rdsgatan%0D%0A+25,+252+25,+Helsingborg,+SWEDEN?entry=gmail&#038;source=g\" target=\"_blank\" rel=\"noopener\" data-saferedirecturl=\"https:\/\/www.google.com\/url?q=https:\/\/www.google.com\/maps\/search\/Tr%25C3%25A4dg%25C3%25A5rdsgatan%250D%250A%2B25,%2B252%2B25,%2BHelsingborg,%2BSWEDEN?entry%3Dgmail%26source%3Dg&#038;source=gmail&#038;ust=1676131685137000&#038;usg=AOvVaw14hMwQ2fwthr4UB02a4hJj\">Tr\u00e4dg\u00e5rdsgatan 25, 252 25, Helsingborg, SWEDEN<\/a><\/span> <br><span lang=\"SV-SE\">Email: <\/span><a rel=\"noreferrer noopener\"><span lang=\"SV-SE\">info.sydvast@<wbr><\/wbr>folkuniversitetet.se<\/span><\/a> <br><span lang=\"SV-SE\">Tel: +4642-385600<br><\/span><\/div>\n<div> <\/div>\n<h2>Kontakt:<\/h2>\n<div><br><span lang=\"SV-SE\">Joel Andersson, <\/span><a rel=\"noreferrer noopener\"><span lang=\"SV-SE\">joel.andersson@<wbr><\/wbr>folkuniversitetet.se<\/span><\/a> <\/div>\n<div><span lang=\"SV-SE\">Peter L\u00f6vin <\/span><a rel=\"noreferrer noopener\"><span lang=\"SV-SE\">peter.lovin@<wbr><\/wbr>folkuniversitetet.se<\/span><\/a> <\/div>\n<div><span lang=\"SV-SE\">Anna-Karin Sj\u00f6str\u00f6m <\/span><a rel=\"noreferrer noopener\"><span lang=\"SV-SE\">Annakarin.sjostrom@<wbr><\/wbr>folkuniversitetet.se<\/span><\/a><span lang=\"SV-SE\"> <\/span><\/div>    <\/div>\n<\/div>\n<!-- \/module text -->                    <\/div>\n                            <\/div>\n            \t    <\/div>\n\t    <!-- \/row_inner -->\n\t<\/div>\n\t<!-- \/module_row -->\n\t<\/div>\n<!--\/themify_builder_content-->","protected":false},"excerpt":{"rendered":"<p>Folkuniversitetet<\/p>\n","protected":false},"author":1,"featured_media":0,"parent":0,"menu_order":0,"comment_status":"closed","ping_status":"closed","template":"","meta":{"footnotes":""},"class_list":["post-1081","page","type-page","status-publish","hentry","has-post-title","has-post-date","has-post-category","has-post-tag","has-post-comment","has-post-author",""],"builder_content":"<h1>Folkuniversitetet<\/h1>\n<h2>Beskrivning<\/h2>\n<p>Folkuniversitetet \u00e4r ett av Sveriges tio studief\u00f6rbund. Folkuniversitetet bedriver folkbildning och vuxenutbildning p\u00e5 cirka 100 orter i Sverige och utomlands. Det bildas av de fem stiftelserna Kursverksamheten vid Stockholms, Uppsala, G\u00f6teborgs, Lunds respektive Ume\u00e5 universitet. Folkuniversitetet \u00e4r en id\u00e9baserad organisation, oberoende fr\u00e5n partipolitiska, religi\u00f6sa, fackliga och kommersiella s\u00e4rintressen Folkuniversitetet bedriver folkbildning och vuxenutbildning i hela Sverige V\u00e5r tanke \u00e4r att ge m\u00e4nniskor f\u00f6ruts\u00e4ttningar f\u00f6r ett rikare liv genom kunskap och kreativitet Kunskapsf\u00f6r\u00e4ndringar<\/p>\n<h2>Web:<\/h2>\n<p><a href=\"http:\/\/www.folkuniversitetet.se\" target=\"_blank\" rel=\"noopener\" data-saferedirecturl=\"https:\/\/www.google.com\/url?q=http:\/\/www.folkuniversitetet.se&source=gmail&ust=1676131685137000&usg=AOvVaw2UneMIcJG74Q7FhXmYP2z_\">www.folkuniversitetet.se<\/a><\/p>\n<h2>Adress:<\/h2> <br><a href=\"https:\/\/www.google.com\/maps\/search\/Tr%C3%A4dg%C3%A5rdsgatan%0D%0A+25,+252+25,+Helsingborg,+SWEDEN?entry=gmail&source=g\" target=\"_blank\" rel=\"noopener\" data-saferedirecturl=\"https:\/\/www.google.com\/url?q=https:\/\/www.google.com\/maps\/search\/Tr%25C3%25A4dg%25C3%25A5rdsgatan%250D%250A%2B25,%2B252%2B25,%2BHelsingborg,%2BSWEDEN?entry%3Dgmail%26source%3Dg&source=gmail&ust=1676131685137000&usg=AOvVaw14hMwQ2fwthr4UB02a4hJj\">Tr\u00e4dg\u00e5rdsgatan 25, 252 25, Helsingborg, SWEDEN<\/a> <br>Email: <a rel=\"noreferrer noopener\">info.sydvast@<wbr><\/wbr>folkuniversitetet.se<\/a> <br>Tel: +4642-385600<br> <h2>Kontakt:<\/h2> <br>Joel Andersson, <a rel=\"noreferrer noopener\">joel.andersson@<wbr><\/wbr>folkuniversitetet.se<\/a> Peter L\u00f6vin <a rel=\"noreferrer noopener\">peter.lovin@<wbr><\/wbr>folkuniversitetet.se<\/a> Anna-Karin Sj\u00f6str\u00f6m <a rel=\"noreferrer noopener\">Annakarin.sjostrom@<wbr><\/wbr>folkuniversitetet.se<\/a>","_links":{"self":[{"href":"https:\/\/www.eyroproject.eu\/sv\/wp-json\/wp\/v2\/pages\/1081","targetHints":{"allow":["GET"]}}],"collection":[{"href":"https:\/\/www.eyroproject.eu\/sv\/wp-json\/wp\/v2\/pages"}],"about":[{"href":"https:\/\/www.eyroproject.eu\/sv\/wp-json\/wp\/v2\/types\/page"}],"author":[{"embeddable":true,"href":"https:\/\/www.eyroproject.eu\/sv\/wp-json\/wp\/v2\/users\/1"}],"replies":[{"embeddable":true,"href":"https:\/\/www.eyroproject.eu\/sv\/wp-json\/wp\/v2\/comments?post=1081"}],"version-history":[{"count":1,"href":"https:\/\/www.eyroproject.eu\/sv\/wp-json\/wp\/v2\/pages\/1081\/revisions"}],"predecessor-version":[{"id":1082,"href":"https:\/\/www.eyroproject.eu\/sv\/wp-json\/wp\/v2\/pages\/1081\/revisions\/1082"}],"wp:attachment":[{"href":"https:\/\/www.eyroproject.eu\/sv\/wp-json\/wp\/v2\/media?parent=1081"}],"curies":[{"name":"wp","href":"https:\/\/api.w.org\/{rel}","templated":true}]}}