{"id":252,"date":"2022-12-03T17:24:30","date_gmt":"2022-12-03T17:24:30","guid":{"rendered":"https:\/\/www.alqueriaeducatius.org\/eyro\/handbook\/"},"modified":"2024-03-20T14:56:52","modified_gmt":"2024-03-20T14:56:52","slug":"handbook","status":"publish","type":"page","link":"https:\/\/www.eyroproject.eu\/it\/handbook\/","title":{"rendered":"Handbook"},"content":{"rendered":"<!--themify_builder_content-->\n<div id=\"themify_builder_content-252\" data-postid=\"252\" class=\"themify_builder_content themify_builder_content-252 themify_builder tf_clear\">\n    \t\t\t<!-- module_row -->\n\t<div  data-css_id=\"lh87286\" data-lazy=\"1\" class=\"module_row themify_builder_row fullheight fullwidth tb_lh87286 tb_first tf_w tf_clearfix\">\n\t    \t\t\t<div class=\"row_inner col_align_middle gutter-none tb_col_count_2 tf_box tf_rel\">\n\t\t            <div  data-lazy=\"1\" class=\"module_column tb-column col4-2 tb_tapb286 first\">\n                    <div class=\"builder_row_cover tf_abs\"><\/div>                                    <div class=\"tb-column-inner tf_box tf_w\">\n                        <!-- module text -->\n<div  class=\"module module-text tb_sbog286  repeat  wow\" data-tf-animation=\"flipInX\" data-lazy=\"1\">\n        <div  class=\"tb_text_wrap\">\n    <h1><span data-sheets-value=\"{\"1\":2,\"2\":\"GUIA EYRO\"}\" data-sheets-userformat=\"{\"2\":2877,\"3\":{\"1\":0},\"5\":{\"1\":[{\"1\":2,\"2\":0,\"5\":{\"1\":2,\"2\":0}},{\"1\":0,\"2\":0,\"3\":3},{\"1\":1,\"2\":0,\"4\":1}]},\"6\":{\"1\":[{\"1\":2,\"2\":0,\"5\":{\"1\":2,\"2\":0}},{\"1\":0,\"2\":0,\"3\":3},{\"1\":1,\"2\":0,\"4\":1}]},\"7\":{\"1\":[{\"1\":2,\"2\":0,\"5\":{\"1\":2,\"2\":0}},{\"1\":0,\"2\":0,\"3\":3},{\"1\":1,\"2\":0,\"4\":1}]},\"8\":{\"1\":[{\"1\":2,\"2\":0,\"5\":{\"1\":2,\"2\":0}},{\"1\":0,\"2\":0,\"3\":3},{\"1\":1,\"2\":0,\"4\":1}]},\"11\":4,\"12\":0,\"14\":{\"1\":2,\"2\":0}}\">Handbook<\/span><\/h1>\n<p><span data-sheets-value=\"{\"1\":2,\"2\":\"Guia: M\u00fasica para la inclusi\u00f3n\"}\" data-sheets-userformat=\"{\"2\":2877,\"3\":{\"1\":0},\"5\":{\"1\":[{\"1\":2,\"2\":0,\"5\":{\"1\":2,\"2\":0}},{\"1\":0,\"2\":0,\"3\":3},{\"1\":1,\"2\":0,\"4\":1}]},\"6\":{\"1\":[{\"1\":2,\"2\":0,\"5\":{\"1\":2,\"2\":0}},{\"1\":0,\"2\":0,\"3\":3},{\"1\":1,\"2\":0,\"4\":1}]},\"7\":{\"1\":[{\"1\":2,\"2\":0,\"5\":{\"1\":2,\"2\":0}},{\"1\":0,\"2\":0,\"3\":3},{\"1\":1,\"2\":0,\"4\":1}]},\"8\":{\"1\":[{\"1\":2,\"2\":0,\"5\":{\"1\":2,\"2\":0}},{\"1\":0,\"2\":0,\"3\":3},{\"1\":1,\"2\":0,\"4\":1}]},\"11\":4,\"12\":0,\"14\":{\"1\":2,\"2\":0}}\">Guida: Musica per l&#8217;inclusione<\/span><\/p>\n<p><span data-sheets-value=\"{\"1\":2,\"2\":\"Este documento es el primer resultado del proyecto EYRO.\"}\" data-sheets-userformat=\"{\"2\":3005,\"3\":{\"1\":0},\"5\":{\"1\":[{\"1\":2,\"2\":0,\"5\":{\"1\":2,\"2\":0}},{\"1\":0,\"2\":0,\"3\":3},{\"1\":1,\"2\":0,\"4\":1}]},\"6\":{\"1\":[{\"1\":2,\"2\":0,\"5\":{\"1\":2,\"2\":0}},{\"1\":0,\"2\":0,\"3\":3},{\"1\":1,\"2\":0,\"4\":1}]},\"7\":{\"1\":[{\"1\":2,\"2\":0,\"5\":{\"1\":2,\"2\":0}},{\"1\":0,\"2\":0,\"3\":3},{\"1\":1,\"2\":0,\"4\":1}]},\"8\":{\"1\":[{\"1\":2,\"2\":0,\"5\":{\"1\":2,\"2\":0}},{\"1\":0,\"2\":0,\"3\":3},{\"1\":1,\"2\":0,\"4\":1}]},\"10\":0,\"11\":4,\"12\":0,\"14\":{\"1\":2,\"2\":0}}\">Questo documento \u00e8 il primo risultato del progetto EYRO.<\/span><\/p>\n<p><span data-sheets-value=\"{\"1\":2,\"2\":\"Se trata de un Manual, que incluye 9 m\u00f3dulos que llevar\u00e1n al alumno a trav\u00e9s de un programa de formaci\u00f3n dirigido a profesores de m\u00fasica para fomentar los procesos de inclusi\u00f3n social de los j\u00f3venes.\"}\" data-sheets-userformat=\"{\"2\":3005,\"3\":{\"1\":0},\"5\":{\"1\":[{\"1\":2,\"2\":0,\"5\":{\"1\":2,\"2\":0}},{\"1\":0,\"2\":0,\"3\":3},{\"1\":1,\"2\":0,\"4\":1}]},\"6\":{\"1\":[{\"1\":2,\"2\":0,\"5\":{\"1\":2,\"2\":0}},{\"1\":0,\"2\":0,\"3\":3},{\"1\":1,\"2\":0,\"4\":1}]},\"7\":{\"1\":[{\"1\":2,\"2\":0,\"5\":{\"1\":2,\"2\":0}},{\"1\":0,\"2\":0,\"3\":3},{\"1\":1,\"2\":0,\"4\":1}]},\"8\":{\"1\":[{\"1\":2,\"2\":0,\"5\":{\"1\":2,\"2\":0}},{\"1\":0,\"2\":0,\"3\":3},{\"1\":1,\"2\":0,\"4\":1}]},\"10\":0,\"11\":4,\"12\":0,\"14\":{\"1\":2,\"2\":0}}\">Si tratta di un Manuale che comprende 9 moduli che accompagnano lo studente attraverso un programma di formazione rivolto agli insegnanti di musica per favorire i processi di inclusione sociale dei giovani.<\/span><\/p>\n<p><span data-sheets-value=\"{\"1\":2,\"2\":\"Siguiendo los m\u00f3dulos, quedar\u00e1 claro el significado de la inclusi\u00f3n a trav\u00e9s de la m\u00fasica y de la orquesta.\"}\" data-sheets-userformat=\"{\"2\":3005,\"3\":{\"1\":0},\"5\":{\"1\":[{\"1\":2,\"2\":0,\"5\":{\"1\":2,\"2\":0}},{\"1\":0,\"2\":0,\"3\":3},{\"1\":1,\"2\":0,\"4\":1}]},\"6\":{\"1\":[{\"1\":2,\"2\":0,\"5\":{\"1\":2,\"2\":0}},{\"1\":0,\"2\":0,\"3\":3},{\"1\":1,\"2\":0,\"4\":1}]},\"7\":{\"1\":[{\"1\":2,\"2\":0,\"5\":{\"1\":2,\"2\":0}},{\"1\":0,\"2\":0,\"3\":3},{\"1\":1,\"2\":0,\"4\":1}]},\"8\":{\"1\":[{\"1\":2,\"2\":0,\"5\":{\"1\":2,\"2\":0}},{\"1\":0,\"2\":0,\"3\":3},{\"1\":1,\"2\":0,\"4\":1}]},\"10\":0,\"11\":4,\"12\":0,\"14\":{\"1\":2,\"2\":0}}\">Seguendo i moduli, il significato dell&#8217;inclusione attraverso la musica e l&#8217;orchestra diventer\u00e0 chiaro.<\/span><\/p>    <\/div>\n<\/div>\n<!-- \/module text --><!-- module buttons -->\n<div  class=\"module module-buttons tb_oss5286 buttons-horizontal outline  xlarge\" data-lazy=\"1\">\n    \t<div class=\"module-buttons-item tf_inline_b\">\n\t\t\t\t\t\t\t<a href=\"https:\/\/www.eyroproject.eu\/wp-content\/uploads\/2023\/04\/handbookeyrospa.pdf\" class=\"ui builder_button tb_default_color\" >\n\t\t\t\t\t\t\t\t\t\t\t<span class=\"tf_inline_b tf_vmiddle\">Scaricare<\/span>\n\t\t\t\t\t\t\t\t\t\t\t<\/a>\n\t\t\t    \t<\/div>\n    <\/div>\n<!-- \/module buttons -->\n                    <\/div>\n                            <\/div>\n                        <div  data-lazy=\"1\" class=\"module_column tb-column col4-2 tb_5g19286 last\">\n                                                <\/div>\n            \t    <\/div>\n\t    <!-- \/row_inner -->\n\t<\/div>\n\t<!-- \/module_row -->\n\t\t\t\t<!-- module_row -->\n\t<div  data-lazy=\"1\" class=\"module_row themify_builder_row tb_916f37d tf_w tf_clearfix\">\n\t    \t\t\t<div class=\"row_inner col_align_top tb_col_count_2 tf_box tf_rel\">\n\t\t            <div  data-lazy=\"1\" class=\"module_column tb-column col4-2 tb_9dfc43f first\">\n                                                        <div class=\"tb-column-inner tf_box tf_w\">\n                        <!-- module text -->\n<div  class=\"module module-text tb_1009e4f  repeat \" data-lazy=\"1\">\n        <div  class=\"tb_text_wrap\">\n    <h2><span data-sheets-value=\"{\"1\":2,\"2\":\"\u00bfQu\u00e9 es un laboratorio musical EYRO?\"}\" data-sheets-userformat=\"{\"2\":385,\"3\":{\"1\":0},\"10\":0,\"11\":4}\">Che cos&#8217;\u00e8 un laboratorio musicale EYRO?<\/span><\/h2>    <\/div>\n<\/div>\n<!-- \/module text --><!-- module text -->\n<div  class=\"module module-text tb_c9383e8  repeat \" data-lazy=\"1\">\n        <div  class=\"tb_text_wrap\">\n    <p><span data-sheets-value=\"{\"1\":2,\"2\":\"A Music Lab is a physical space where a trained EYRO music teacher works with young vulnerable people (NEET, youth with addictions, youth with migratory background, victims of violence etc\u2026) by teaching them to play music together as an orchestra.\"}\" data-sheets-userformat=\"{\"2\":6915,\"3\":{\"1\":0},\"4\":{\"1\":2,\"2\":16777215},\"11\":4,\"12\":0,\"14\":{\"1\":2,\"2\":0},\"15\":\"\\\"PT Sans\\\", Arial, sans-serif\"}\">Un laboratorio musicale \u00e8 uno spazio fisico in cui un insegnante di musica formato dall&#8217;EYRO lavora con giovani vulnerabili (ninis, giovani con dipendenze, giovani immigrati, vittime di violenza, ecc.) insegnando loro a suonare insieme come un&#8217;orchestra.<\/span><\/p>    <\/div>\n<\/div>\n<!-- \/module text --><!-- module image -->\n<div  class=\"module module-image tb_1d88f18   image-top tf_mw\" data-lazy=\"1\" data-parallax-element-speed=\"2\" data-lax-translate-y=\"vh 1,0 -140\" data-lax=\"true\">\n        <div class=\"image-wrap tf_rel tf_mw\">\n\t\t    <img loading=\"lazy\" decoding=\"async\" src=\"https:\/\/www.alqueriaeducatius.org\/eyro\/wp-content\/uploads\/2022\/12\/oboeyoung.png\" width=\"648\" height=\"417\" title=\"Handbook\" alt=\"Handbook\">\t\n\t\t<\/div>\n\t<!-- \/image-wrap -->\n    \n    \t<\/div>\n<!-- \/module image -->                    <\/div>\n                            <\/div>\n                        <div  data-lazy=\"1\" class=\"module_column tb-column col4-2 tb_8c03b4b last\">\n                                                        <div class=\"tb-column-inner tf_box tf_w\">\n                        <!-- module text -->\n<div  class=\"module module-text tb_b90fda5  repeat \" data-lazy=\"1\" data-parallax-element-speed=\"1\" data-lax-translate-y=\"vh 1,0 70\" data-lax=\"true\">\n        <div  class=\"tb_text_wrap\">\n    <h3><span data-sheets-value=\"{\"1\":2,\"2\":\"Contenido del m\u00f3dulo\"}\" data-sheets-userformat=\"{\"2\":2877,\"3\":{\"1\":0},\"5\":{\"1\":[{\"1\":2,\"2\":0,\"5\":{\"1\":2,\"2\":0}},{\"1\":0,\"2\":0,\"3\":3},{\"1\":1,\"2\":0,\"4\":1}]},\"6\":{\"1\":[{\"1\":2,\"2\":0,\"5\":{\"1\":2,\"2\":0}},{\"1\":0,\"2\":0,\"3\":3},{\"1\":1,\"2\":0,\"4\":1}]},\"7\":{\"1\":[{\"1\":2,\"2\":0,\"5\":{\"1\":2,\"2\":0}},{\"1\":0,\"2\":0,\"3\":3},{\"1\":1,\"2\":0,\"4\":1}]},\"8\":{\"1\":[{\"1\":2,\"2\":0,\"5\":{\"1\":2,\"2\":0}},{\"1\":0,\"2\":0,\"3\":3},{\"1\":1,\"2\":0,\"4\":1}]},\"11\":4,\"12\":0,\"14\":{\"1\":2,\"2\":0}}\">Contenuto del modulo<\/span><\/h3>\n<ol>\n<li><span data-sheets-value=\"{\"1\":2,\"2\":\"Instrucciones de EYRO\"}\" data-sheets-userformat=\"{\"2\":2877,\"3\":{\"1\":0},\"5\":{\"1\":[{\"1\":2,\"2\":0,\"5\":{\"1\":2,\"2\":0}},{\"1\":0,\"2\":0,\"3\":3},{\"1\":1,\"2\":0,\"4\":1}]},\"6\":{\"1\":[{\"1\":2,\"2\":0,\"5\":{\"1\":2,\"2\":0}},{\"1\":0,\"2\":0,\"3\":3},{\"1\":1,\"2\":0,\"4\":1}]},\"7\":{\"1\":[{\"1\":2,\"2\":0,\"5\":{\"1\":2,\"2\":0}},{\"1\":0,\"2\":0,\"3\":3},{\"1\":1,\"2\":0,\"4\":1}]},\"8\":{\"1\":[{\"1\":2,\"2\":0,\"5\":{\"1\":2,\"2\":0}},{\"1\":0,\"2\":0,\"3\":3},{\"1\":1,\"2\":0,\"4\":1}]},\"11\":4,\"12\":0,\"14\":{\"1\":2,\"2\":0}}\">Istruzioni EYRO<\/span><\/li>\n<li><span data-sheets-value=\"{\"1\":2,\"2\":\"Competencias de Inteligencia Emocional\"}\" data-sheets-userformat=\"{\"2\":2877,\"3\":{\"1\":0},\"5\":{\"1\":[{\"1\":2,\"2\":0,\"5\":{\"1\":2,\"2\":0}},{\"1\":0,\"2\":0,\"3\":3},{\"1\":1,\"2\":0,\"4\":1}]},\"6\":{\"1\":[{\"1\":2,\"2\":0,\"5\":{\"1\":2,\"2\":0}},{\"1\":0,\"2\":0,\"3\":3},{\"1\":1,\"2\":0,\"4\":1}]},\"7\":{\"1\":[{\"1\":2,\"2\":0,\"5\":{\"1\":2,\"2\":0}},{\"1\":0,\"2\":0,\"3\":3},{\"1\":1,\"2\":0,\"4\":1}]},\"8\":{\"1\":[{\"1\":2,\"2\":0,\"5\":{\"1\":2,\"2\":0}},{\"1\":0,\"2\":0,\"3\":3},{\"1\":1,\"2\":0,\"4\":1}]},\"11\":4,\"12\":0,\"14\":{\"1\":2,\"2\":0}}\">Competenze di intelligenza emotiva<\/span><\/li>\n<li><span data-sheets-value=\"{\"1\":2,\"2\":\"La orquesta: tocar juntos para superar lo individual\"}\" data-sheets-userformat=\"{\"2\":3005,\"3\":{\"1\":0},\"5\":{\"1\":[{\"1\":2,\"2\":0,\"5\":{\"1\":2,\"2\":0}},{\"1\":0,\"2\":0,\"3\":3},{\"1\":1,\"2\":0,\"4\":1}]},\"6\":{\"1\":[{\"1\":2,\"2\":0,\"5\":{\"1\":2,\"2\":0}},{\"1\":0,\"2\":0,\"3\":3},{\"1\":1,\"2\":0,\"4\":1}]},\"7\":{\"1\":[{\"1\":2,\"2\":0,\"5\":{\"1\":2,\"2\":0}},{\"1\":0,\"2\":0,\"3\":3},{\"1\":1,\"2\":0,\"4\":1}]},\"8\":{\"1\":[{\"1\":2,\"2\":0,\"5\":{\"1\":2,\"2\":0}},{\"1\":0,\"2\":0,\"3\":3},{\"1\":1,\"2\":0,\"4\":1}]},\"10\":0,\"11\":4,\"12\":0,\"14\":{\"1\":2,\"2\":0}}\">L&#8217;orchestra: suonare insieme per superare l&#8217;individualit\u00e0<\/span><\/li>\n<li><span data-sheets-value=\"{\"1\":2,\"2\":\"Utilizar los lMUSIC LABS para implicar a los j\u00f3venes vulnerables\"}\" data-sheets-userformat=\"{\"2\":2877,\"3\":{\"1\":0},\"5\":{\"1\":[{\"1\":2,\"2\":0,\"5\":{\"1\":2,\"2\":0}},{\"1\":0,\"2\":0,\"3\":3},{\"1\":1,\"2\":0,\"4\":1}]},\"6\":{\"1\":[{\"1\":2,\"2\":0,\"5\":{\"1\":2,\"2\":0}},{\"1\":0,\"2\":0,\"3\":3},{\"1\":1,\"2\":0,\"4\":1}]},\"7\":{\"1\":[{\"1\":2,\"2\":0,\"5\":{\"1\":2,\"2\":0}},{\"1\":0,\"2\":0,\"3\":3},{\"1\":1,\"2\":0,\"4\":1}]},\"8\":{\"1\":[{\"1\":2,\"2\":0,\"5\":{\"1\":2,\"2\":0}},{\"1\":0,\"2\":0,\"3\":3},{\"1\":1,\"2\":0,\"4\":1}]},\"11\":4,\"12\":0,\"14\":{\"1\":2,\"2\":0}}\">L&#8217;uso dei laboratori musicali per coinvolgere i giovani vulnerabili<\/span><\/li>\n<li><span data-sheets-value=\"{\"1\":2,\"2\":\"Estrategias de divulgaci\u00f3n y participaci\u00f3n\"}\" data-sheets-userformat=\"{\"2\":2877,\"3\":{\"1\":0},\"5\":{\"1\":[{\"1\":2,\"2\":0,\"5\":{\"1\":2,\"2\":0}},{\"1\":0,\"2\":0,\"3\":3},{\"1\":1,\"2\":0,\"4\":1}]},\"6\":{\"1\":[{\"1\":2,\"2\":0,\"5\":{\"1\":2,\"2\":0}},{\"1\":0,\"2\":0,\"3\":3},{\"1\":1,\"2\":0,\"4\":1}]},\"7\":{\"1\":[{\"1\":2,\"2\":0,\"5\":{\"1\":2,\"2\":0}},{\"1\":0,\"2\":0,\"3\":3},{\"1\":1,\"2\":0,\"4\":1}]},\"8\":{\"1\":[{\"1\":2,\"2\":0,\"5\":{\"1\":2,\"2\":0}},{\"1\":0,\"2\":0,\"3\":3},{\"1\":1,\"2\":0,\"4\":1}]},\"11\":4,\"12\":0,\"14\":{\"1\":2,\"2\":0}}\">Strategie di sensibilizzazione e coinvolgimento<\/span><\/li>\n<li><span data-sheets-value=\"{\"1\":2,\"2\":\"La UE como perspectiva para los j\u00f3venes\"}\" data-sheets-userformat=\"{\"2\":2877,\"3\":{\"1\":0},\"5\":{\"1\":[{\"1\":2,\"2\":0,\"5\":{\"1\":2,\"2\":0}},{\"1\":0,\"2\":0,\"3\":3},{\"1\":1,\"2\":0,\"4\":1}]},\"6\":{\"1\":[{\"1\":2,\"2\":0,\"5\":{\"1\":2,\"2\":0}},{\"1\":0,\"2\":0,\"3\":3},{\"1\":1,\"2\":0,\"4\":1}]},\"7\":{\"1\":[{\"1\":2,\"2\":0,\"5\":{\"1\":2,\"2\":0}},{\"1\":0,\"2\":0,\"3\":3},{\"1\":1,\"2\":0,\"4\":1}]},\"8\":{\"1\":[{\"1\":2,\"2\":0,\"5\":{\"1\":2,\"2\":0}},{\"1\":0,\"2\":0,\"3\":3},{\"1\":1,\"2\":0,\"4\":1}]},\"11\":4,\"12\":0,\"14\":{\"1\":2,\"2\":0}}\">L&#8217;UE come prospettiva per i giovani<\/span><\/li>\n<li><span data-sheets-value=\"{\"1\":2,\"2\":\"Ense\u00f1ar a tocar con otros: la orquesta\"}\" data-sheets-userformat=\"{\"2\":2877,\"3\":{\"1\":0},\"5\":{\"1\":[{\"1\":2,\"2\":0,\"5\":{\"1\":2,\"2\":0}},{\"1\":0,\"2\":0,\"3\":3},{\"1\":1,\"2\":0,\"4\":1}]},\"6\":{\"1\":[{\"1\":2,\"2\":0,\"5\":{\"1\":2,\"2\":0}},{\"1\":0,\"2\":0,\"3\":3},{\"1\":1,\"2\":0,\"4\":1}]},\"7\":{\"1\":[{\"1\":2,\"2\":0,\"5\":{\"1\":2,\"2\":0}},{\"1\":0,\"2\":0,\"3\":3},{\"1\":1,\"2\":0,\"4\":1}]},\"8\":{\"1\":[{\"1\":2,\"2\":0,\"5\":{\"1\":2,\"2\":0}},{\"1\":0,\"2\":0,\"3\":3},{\"1\":1,\"2\":0,\"4\":1}]},\"11\":4,\"12\":0,\"14\":{\"1\":2,\"2\":0}}\">Insegnare a suonare con gli altri: l&#8217;orchestra<\/span><\/li>\n<li><span data-sheets-value=\"{\"1\":2,\"2\":\"Din\u00e1mica de una orquesta\"}\" data-sheets-userformat=\"{\"2\":3005,\"3\":{\"1\":0},\"5\":{\"1\":[{\"1\":2,\"2\":0,\"5\":{\"1\":2,\"2\":0}},{\"1\":0,\"2\":0,\"3\":3},{\"1\":1,\"2\":0,\"4\":1}]},\"6\":{\"1\":[{\"1\":2,\"2\":0,\"5\":{\"1\":2,\"2\":0}},{\"1\":0,\"2\":0,\"3\":3},{\"1\":1,\"2\":0,\"4\":1}]},\"7\":{\"1\":[{\"1\":2,\"2\":0,\"5\":{\"1\":2,\"2\":0}},{\"1\":0,\"2\":0,\"3\":3},{\"1\":1,\"2\":0,\"4\":1}]},\"8\":{\"1\":[{\"1\":2,\"2\":0,\"5\":{\"1\":2,\"2\":0}},{\"1\":0,\"2\":0,\"3\":3},{\"1\":1,\"2\":0,\"4\":1}]},\"10\":0,\"11\":4,\"12\":0,\"14\":{\"1\":2,\"2\":0}}\">Dinamica di un&#8217;orchestra<\/span><\/li>\n<li><span data-sheets-value=\"{\"1\":2,\"2\":\"Tecnolog\u00eda de apoyo a la orquesta a distancia\"}\" data-sheets-userformat=\"{\"2\":2877,\"3\":{\"1\":0},\"5\":{\"1\":[{\"1\":2,\"2\":0,\"5\":{\"1\":2,\"2\":0}},{\"1\":0,\"2\":0,\"3\":3},{\"1\":1,\"2\":0,\"4\":1}]},\"6\":{\"1\":[{\"1\":2,\"2\":0,\"5\":{\"1\":2,\"2\":0}},{\"1\":0,\"2\":0,\"3\":3},{\"1\":1,\"2\":0,\"4\":1}]},\"7\":{\"1\":[{\"1\":2,\"2\":0,\"5\":{\"1\":2,\"2\":0}},{\"1\":0,\"2\":0,\"3\":3},{\"1\":1,\"2\":0,\"4\":1}]},\"8\":{\"1\":[{\"1\":2,\"2\":0,\"5\":{\"1\":2,\"2\":0}},{\"1\":0,\"2\":0,\"3\":3},{\"1\":1,\"2\":0,\"4\":1}]},\"11\":4,\"12\":0,\"14\":{\"1\":2,\"2\":0}}\">Tecnologia di assistenza orchestrale a distanza<\/span><\/li>\n<li><span data-sheets-value=\"{\"1\":2,\"2\":\"Clausura\"}\" data-sheets-userformat=\"{\"2\":2877,\"3\":{\"1\":0},\"5\":{\"1\":[{\"1\":2,\"2\":0,\"5\":{\"1\":2,\"2\":0}},{\"1\":0,\"2\":0,\"3\":3},{\"1\":1,\"2\":0,\"4\":1}]},\"6\":{\"1\":[{\"1\":2,\"2\":0,\"5\":{\"1\":2,\"2\":0}},{\"1\":0,\"2\":0,\"3\":3},{\"1\":1,\"2\":0,\"4\":1}]},\"7\":{\"1\":[{\"1\":2,\"2\":0,\"5\":{\"1\":2,\"2\":0}},{\"1\":0,\"2\":0,\"3\":3},{\"1\":1,\"2\":0,\"4\":1}]},\"8\":{\"1\":[{\"1\":2,\"2\":0,\"5\":{\"1\":2,\"2\":0}},{\"1\":0,\"2\":0,\"3\":3},{\"1\":1,\"2\":0,\"4\":1}]},\"11\":4,\"12\":0,\"14\":{\"1\":2,\"2\":0}}\">Chiusura<\/span><\/li>\n<\/ol>    <\/div>\n<\/div>\n<!-- \/module text -->                    <\/div>\n                            <\/div>\n            \t    <\/div>\n\t    <!-- \/row_inner -->\n\t<\/div>\n\t<!-- \/module_row -->\n\t\t\t\t<!-- module_row -->\n\t<div  data-css_id=\"c158813\" data-lazy=\"1\" class=\"module_row themify_builder_row fullwidth_row_container tb_c158813 tf_w tf_clearfix\">\n\t    <div class=\"builder_row_cover tf_abs\"><\/div>\t\t\t<div class=\"row_inner col_align_top tb_col_count_1 tf_box tf_rel\">\n\t\t            <div  data-lazy=\"1\" class=\"module_column tb-column col-full tb_864e5b6 first\">\n                                                        <div class=\"tb-column-inner tf_box tf_w\">\n                        <!-- module fancy heading -->\n<div  class=\"module module-fancy-heading tb_uf7431  tb_hide_divider\" data-lazy=\"1\">\n        <h2 class=\"fancy-heading\">\n    <span class=\"main-head tf_block\">\n\t\t\t\t\tModuli\t\t    <\/span>\n\n\t\n    <span class=\"sub-head tf_block tf_rel\">\n\t\t\t\t\t\t\t    <\/span>\n    <\/h2>\n<\/div>\n<!-- \/module fancy heading -->\n<!-- module post -->\n<div  class=\"module module-post tb_fvmr21 \">\n        <div  class=\"builder-posts-wrap loops-wrapper grid3 masonry classic tf_rel tf_clear tf_clearfix\" data-lazy=\"1\">\n\t<\/div><!-- .builder-posts-wrap -->\n    <\/div>\n    <!-- \/module post -->\n                    <\/div>\n                            <\/div>\n            \t    <\/div>\n\t    <!-- \/row_inner -->\n\t<\/div>\n\t<!-- \/module_row -->\n\t<\/div>\n<!--\/themify_builder_content-->","protected":false},"excerpt":{"rendered":"<p>Handbook Guida: Musica per l&#8217;inclusione Questo documento \u00e8 il primo risultato del progetto EYRO. Si tratta di un Manuale che comprende 9 moduli che accompagnano lo studente attraverso un programma di formazione rivolto agli insegnanti di musica per favorire i processi di inclusione sociale dei giovani. Seguendo i moduli, il significato dell&#8217;inclusione attraverso la musica [&hellip;]<\/p>\n","protected":false},"author":1,"featured_media":0,"parent":0,"menu_order":0,"comment_status":"closed","ping_status":"closed","template":"","meta":{"footnotes":""},"class_list":["post-252","page","type-page","status-publish","hentry","has-post-title","has-post-date","has-post-category","has-post-tag","has-post-comment","has-post-author",""],"builder_content":"<h1>Handbook<\/h1> <p>Guida: Musica per l'inclusione<\/p> <p>Questo documento \u00e8 il primo risultato del progetto EYRO.<\/p> <p>Si tratta di un Manuale che comprende 9 moduli che accompagnano lo studente attraverso un programma di formazione rivolto agli insegnanti di musica per favorire i processi di inclusione sociale dei giovani.<\/p> <p>Seguendo i moduli, il significato dell'inclusione attraverso la musica e l'orchestra diventer\u00e0 chiaro.<\/p>\n<a href=\"https:\/\/www.eyroproject.eu\/wp-content\/uploads\/2023\/04\/handbookeyrospa.pdf\" > Scaricare <\/a>\n<h2>Che cos'\u00e8 un laboratorio musicale EYRO?<\/h2>\n<p>Un laboratorio musicale \u00e8 uno spazio fisico in cui un insegnante di musica formato dall'EYRO lavora con giovani vulnerabili (ninis, giovani con dipendenze, giovani immigrati, vittime di violenza, ecc.) insegnando loro a suonare insieme come un'orchestra.<\/p>\n<img src=\"https:\/\/www.alqueriaeducatius.org\/eyro\/wp-content\/uploads\/2022\/12\/oboeyoung.png\" width=\"648\" height=\"417\" title=\"Handbook\" alt=\"Handbook\">\n<h3>Contenuto del modulo<\/h3> <ol> <li>Istruzioni EYRO<\/li> <li>Competenze di intelligenza emotiva<\/li> <li>L'orchestra: suonare insieme per superare l'individualit\u00e0<\/li> <li>L'uso dei laboratori musicali per coinvolgere i giovani vulnerabili<\/li> <li>Strategie di sensibilizzazione e coinvolgimento<\/li> <li>L'UE come prospettiva per i giovani<\/li> <li>Insegnare a suonare con gli altri: l'orchestra<\/li> <li>Dinamica di un'orchestra<\/li> <li>Tecnologia di assistenza orchestrale a distanza<\/li> <li>Chiusura<\/li> <\/ol>\n<h2>Moduli<br\/><\/h2>","_links":{"self":[{"href":"https:\/\/www.eyroproject.eu\/it\/wp-json\/wp\/v2\/pages\/252","targetHints":{"allow":["GET"]}}],"collection":[{"href":"https:\/\/www.eyroproject.eu\/it\/wp-json\/wp\/v2\/pages"}],"about":[{"href":"https:\/\/www.eyroproject.eu\/it\/wp-json\/wp\/v2\/types\/page"}],"author":[{"embeddable":true,"href":"https:\/\/www.eyroproject.eu\/it\/wp-json\/wp\/v2\/users\/1"}],"replies":[{"embeddable":true,"href":"https:\/\/www.eyroproject.eu\/it\/wp-json\/wp\/v2\/comments?post=252"}],"version-history":[{"count":30,"href":"https:\/\/www.eyroproject.eu\/it\/wp-json\/wp\/v2\/pages\/252\/revisions"}],"predecessor-version":[{"id":1553,"href":"https:\/\/www.eyroproject.eu\/it\/wp-json\/wp\/v2\/pages\/252\/revisions\/1553"}],"wp:attachment":[{"href":"https:\/\/www.eyroproject.eu\/it\/wp-json\/wp\/v2\/media?parent=252"}],"curies":[{"name":"wp","href":"https:\/\/api.w.org\/{rel}","templated":true}]}}