{"id":216,"date":"2022-12-01T18:33:03","date_gmt":"2022-12-01T18:33:03","guid":{"rendered":"https:\/\/www.alqueriaeducatius.org\/eyro\/progetto\/"},"modified":"2023-12-13T12:32:03","modified_gmt":"2023-12-13T12:32:03","slug":"progetto","status":"publish","type":"page","link":"https:\/\/www.eyroproject.eu\/it\/progetto\/","title":{"rendered":"Progetto"},"content":{"rendered":"<!--themify_builder_content-->\n<div id=\"themify_builder_content-216\" data-postid=\"216\" class=\"themify_builder_content themify_builder_content-216 themify_builder tf_clear\">\n    \t\t\t<!-- module_row -->\n\t<div  data-lazy=\"1\" class=\"module_row themify_builder_row tb_3ek3710 tb_first tf_w tf_clearfix\">\n\t    \t\t\t<div class=\"row_inner col_align_top tb_col_count_1 tf_box tf_rel\">\n\t\t            <div  data-lazy=\"1\" class=\"module_column tb-column col-full tb_6u1y711 first\">\n                                                        <div class=\"tb-column-inner tf_box tf_w\">\n                        <!-- module text -->\n<div  class=\"module module-text tb_pl2q362   \" data-lazy=\"1\">\n        <div  class=\"tb_text_wrap\">\n    <p><span data-sheets-value=\"{\"1\":2,\"2\":\"Proyecto \\nEYRO utiliza la m\u00fasica en espacios divertidos y seguros (Music Labs) para trabajar con los j\u00f3venes, especialmente los m\u00e1s vulnerables, con el fin de sacarlos del aislamiento y ayudarles a trabajar en habilidades sociales y vitales fundamentales.\\nLos Laboratorios de M\u00fasica de EYRO involucrar\u00e1n a j\u00f3venes vulnerables en riesgo de exclusi\u00f3n social de toda Europa. Los Laboratorios se organizar\u00e1n como \\\"orquestas\\\", con el objetivo de reforzar el sentimiento de pertenencia de los j\u00f3venes a un grupo, aprender a fijarse objetivos ambiciosos pero realistas, estimular su creatividad y su deseo de aprender nuevas habilidades. EYRO crear\u00e1:\\n\\n1. Una \\\"orquesta juvenil a distancia\\\" europea, inclusiva y colaborativa, que ofrezca tutor\u00edas y preparaci\u00f3n para tocar m\u00fasica juntos en toda Europa. \\n\\n2. Un programa de formaci\u00f3n que permita a los profesores de m\u00fasica trabajar eficazmente con j\u00f3venes vulnerables (es decir, competencias basadas en la inteligencia emocional) y con la tecnolog\u00eda seleccionada (competencias digitales). \\n\\n3. Unas directrices para ofrecer a las instituciones y organizaciones de la UE que trabajan con j\u00f3venes vulnerables un enfoque innovador para su compromiso e inclusi\u00f3n social, as\u00ed como una herramienta para fomentar el sentimiento de pertenencia a la UE.\\\"\"}\" data-sheets-userformat=\"{\"2\":961,\"3\":{\"1\":0},\"9\":0,\"10\":0,\"11\":4,\"12\":0}\">EYRO utilizza la musica in spazi divertenti e sicuri (Music Labs) per lavorare con i giovani, in particolare i giovani vulnerabili, per portarli fuori dall&#8217;isolamento e aiutarli a lavorare sulle abilit\u00e0 sociali e &#8220;life skills&#8221;.<br>EYRO Music Labs coinvolger\u00e0 i giovani vulnerabili a rischio di esclusione sociale in tutta Europa. I Laboratori saranno organizzati come &#8220;orchestre&#8221;, con l&#8217;obiettivo di rafforzare il senso di appartenenza dei giovani a un gruppo, imparare a porsi obiettivi ambiziosi ma realistici, stimolare la loro creativit\u00e0 e il loro desiderio di apprendere nuove competenze. EYRO creer\u00e0:<br><br>1. Un'&#8221;orchestra giovanile remota&#8221; (a distanza) europea, inclusiva e collaborativa per i giovani, che offre coaching per suonare musica insieme in tutta Europa. <br><br>2. Un programma di formazione per consentire agli insegnanti di musica di lavorare efficacemente con i giovani vulnerabili (ad es. competenze basate sull&#8217;intelligenza emotiva) e con la tecnologia selezionata (competenze digitali). <br><br>3. Una linea guida per offrire alle istituzioni e alle organizzazioni in tutta l&#8217;UE che lavorano con i giovani vulnerabili un approccio innovativo per il loro coinvolgimento e l&#8217;inclusione sociale, nonch\u00e9 uno strumento per promuovere un senso di appartenenza all&#8217;UE.<\/span><\/p>    <\/div>\n<\/div>\n<!-- \/module text --><!-- module image -->\n<div  class=\"module module-image tb_2ze6469 rounded  image-top tf_mw\" data-lazy=\"1\">\n        <div class=\"image-wrap tf_rel tf_mw\">\n\t\t    <img loading=\"lazy\" decoding=\"async\" width=\"1000\" height=\"707\" src=\"https:\/\/www.eyroproject.eu\/wp-content\/uploads\/2022\/12\/Brochure-EYROb_web.jpg\" class=\"wp-post-image wp-image-229\" title=\"Orchestra music labs as a tool for inclusion of vulnerable youth\" alt=\"Orchestra music labs as a tool for inclusion of vulnerable youth\" srcset=\"https:\/\/www.eyroproject.eu\/wp-content\/uploads\/2022\/12\/Brochure-EYROb_web.jpg 1000w, https:\/\/www.eyroproject.eu\/wp-content\/uploads\/2022\/12\/Brochure-EYROb_web-300x212.jpg 300w, https:\/\/www.eyroproject.eu\/wp-content\/uploads\/2022\/12\/Brochure-EYROb_web-768x543.jpg 768w\" sizes=\"auto, (max-width: 1000px) 100vw, 1000px\" \/>\t\n\t\t<\/div>\n\t<!-- \/image-wrap -->\n    \n    \t<\/div>\n<!-- \/module image --><!-- module image -->\n<div  class=\"module module-image tb_0wx1219   image-top tf_mw\" data-lazy=\"1\">\n        <div class=\"image-wrap tf_rel tf_mw\">\n\t\t    <img loading=\"lazy\" decoding=\"async\" width=\"1000\" height=\"707\" src=\"https:\/\/www.eyroproject.eu\/wp-content\/uploads\/2022\/12\/Brochure-EYRO_web.jpg\" class=\"wp-post-image wp-image-224\" title=\"Orchestra music labs as a tool for inclusion of vulnerable youth\" alt=\"Orchestra music labs as a tool for inclusion of vulnerable youth\" srcset=\"https:\/\/www.eyroproject.eu\/wp-content\/uploads\/2022\/12\/Brochure-EYRO_web.jpg 1000w, https:\/\/www.eyroproject.eu\/wp-content\/uploads\/2022\/12\/Brochure-EYRO_web-300x212.jpg 300w, https:\/\/www.eyroproject.eu\/wp-content\/uploads\/2022\/12\/Brochure-EYRO_web-768x543.jpg 768w\" sizes=\"auto, (max-width: 1000px) 100vw, 1000px\" \/>\t\n\t\t<\/div>\n\t<!-- \/image-wrap -->\n    \n    \t<\/div>\n<!-- \/module image -->                    <\/div>\n                            <\/div>\n            \t    <\/div>\n\t    <!-- \/row_inner -->\n\t<\/div>\n\t<!-- \/module_row -->\n\t<\/div>\n<!--\/themify_builder_content-->","protected":false},"excerpt":{"rendered":"","protected":false},"author":1,"featured_media":0,"parent":0,"menu_order":0,"comment_status":"closed","ping_status":"closed","template":"","meta":{"footnotes":""},"class_list":["post-216","page","type-page","status-publish","hentry","has-post-title","has-post-date","has-post-category","has-post-tag","has-post-comment","has-post-author",""],"builder_content":"<p>EYRO utilizza la musica in spazi divertenti e sicuri (Music Labs) per lavorare con i giovani, in particolare i giovani vulnerabili, per portarli fuori dall'isolamento e aiutarli a lavorare sulle abilit\u00e0 sociali e \"life skills\".<br>EYRO Music Labs coinvolger\u00e0 i giovani vulnerabili a rischio di esclusione sociale in tutta Europa. I Laboratori saranno organizzati come \"orchestre\", con l'obiettivo di rafforzare il senso di appartenenza dei giovani a un gruppo, imparare a porsi obiettivi ambiziosi ma realistici, stimolare la loro creativit\u00e0 e il loro desiderio di apprendere nuove competenze. EYRO creer\u00e0:<br><br>1. Un'\"orchestra giovanile remota\" (a distanza) europea, inclusiva e collaborativa per i giovani, che offre coaching per suonare musica insieme in tutta Europa. <br><br>2. Un programma di formazione per consentire agli insegnanti di musica di lavorare efficacemente con i giovani vulnerabili (ad es. competenze basate sull'intelligenza emotiva) e con la tecnologia selezionata (competenze digitali). <br><br>3. Una linea guida per offrire alle istituzioni e alle organizzazioni in tutta l'UE che lavorano con i giovani vulnerabili un approccio innovativo per il loro coinvolgimento e l'inclusione sociale, nonch\u00e9 uno strumento per promuovere un senso di appartenenza all'UE.<\/p>\n<img src=\"https:\/\/www.eyroproject.eu\/wp-content\/uploads\/2022\/12\/Brochure-EYROb_web.jpg\" title=\"Orchestra music labs as a tool for inclusion of vulnerable youth\" alt=\"Orchestra music labs as a tool for inclusion of vulnerable youth\" srcset=\"https:\/\/www.eyroproject.eu\/wp-content\/uploads\/2022\/12\/Brochure-EYROb_web.jpg 1000w, https:\/\/www.eyroproject.eu\/wp-content\/uploads\/2022\/12\/Brochure-EYROb_web-300x212.jpg 300w, https:\/\/www.eyroproject.eu\/wp-content\/uploads\/2022\/12\/Brochure-EYROb_web-768x543.jpg 768w\" sizes=\"(max-width: 1000px) 100vw, 1000px\" \/>\n<img src=\"https:\/\/www.eyroproject.eu\/wp-content\/uploads\/2022\/12\/Brochure-EYRO_web.jpg\" title=\"Orchestra music labs as a tool for inclusion of vulnerable youth\" alt=\"Orchestra music labs as a tool for inclusion of vulnerable youth\" srcset=\"https:\/\/www.eyroproject.eu\/wp-content\/uploads\/2022\/12\/Brochure-EYRO_web.jpg 1000w, https:\/\/www.eyroproject.eu\/wp-content\/uploads\/2022\/12\/Brochure-EYRO_web-300x212.jpg 300w, https:\/\/www.eyroproject.eu\/wp-content\/uploads\/2022\/12\/Brochure-EYRO_web-768x543.jpg 768w\" sizes=\"(max-width: 1000px) 100vw, 1000px\" \/>","_links":{"self":[{"href":"https:\/\/www.eyroproject.eu\/it\/wp-json\/wp\/v2\/pages\/216","targetHints":{"allow":["GET"]}}],"collection":[{"href":"https:\/\/www.eyroproject.eu\/it\/wp-json\/wp\/v2\/pages"}],"about":[{"href":"https:\/\/www.eyroproject.eu\/it\/wp-json\/wp\/v2\/types\/page"}],"author":[{"embeddable":true,"href":"https:\/\/www.eyroproject.eu\/it\/wp-json\/wp\/v2\/users\/1"}],"replies":[{"embeddable":true,"href":"https:\/\/www.eyroproject.eu\/it\/wp-json\/wp\/v2\/comments?post=216"}],"version-history":[{"count":1,"href":"https:\/\/www.eyroproject.eu\/it\/wp-json\/wp\/v2\/pages\/216\/revisions"}],"predecessor-version":[{"id":217,"href":"https:\/\/www.eyroproject.eu\/it\/wp-json\/wp\/v2\/pages\/216\/revisions\/217"}],"wp:attachment":[{"href":"https:\/\/www.eyroproject.eu\/it\/wp-json\/wp\/v2\/media?parent=216"}],"curies":[{"name":"wp","href":"https:\/\/api.w.org\/{rel}","templated":true}]}}