{"id":1349,"date":"2022-12-27T16:34:07","date_gmt":"2022-12-27T16:34:07","guid":{"rendered":"https:\/\/www.xano.es\/eyro\/kethea\/"},"modified":"2023-05-02T13:48:38","modified_gmt":"2023-05-02T13:48:38","slug":"kethea","status":"publish","type":"page","link":"https:\/\/www.eyroproject.eu\/it\/kethea\/","title":{"rendered":"KETHEA"},"content":{"rendered":"<!--themify_builder_content-->\n<div id=\"themify_builder_content-1349\" data-postid=\"1349\" class=\"themify_builder_content themify_builder_content-1349 themify_builder tf_clear\">\n    \t\t\t<!-- module_row -->\n\t<div  data-css_id=\"aadl050\" data-lazy=\"1\" class=\"module_row themify_builder_row fullwidth_row_container tb_aadl050 tb_first tf_w tf_clearfix\">\n\t    <div class=\"builder_row_cover tf_abs\"><\/div>\t\t\t<div class=\"row_inner col_align_top tb_col_count_1 tf_box tf_rel\">\n\t\t            <div  data-lazy=\"1\" class=\"module_column tb-column col-full tb_dgjp100 first\">\n                                                        <div class=\"tb-column-inner tf_box tf_w\">\n                        <!-- module text -->\n<div  class=\"module module-text tb_3esi550  repeat \" data-lazy=\"1\">\n        <div  class=\"tb_text_wrap\">\n    <h1><span dir=\"ltr\" role=\"presentation\">KETHEA<\/span><\/h1>\n<h2><span dir=\"ltr\" role=\"presentation\">KENTRO THERAPEIAS EXARTIMENON ATOMON <\/span><\/h2>    <\/div>\n<\/div>\n<!-- \/module text -->                    <\/div>\n                            <\/div>\n            \t    <\/div>\n\t    <!-- \/row_inner -->\n\t<\/div>\n\t<!-- \/module_row -->\n\t\t\t\t<!-- module_row -->\n\t<div  data-lazy=\"1\" class=\"module_row themify_builder_row tb_zk8s001 tf_w tf_clearfix\">\n\t    \t\t\t<div class=\"row_inner col_align_top tb_col_count_2 tf_box tf_rel\">\n\t\t            <div  data-lazy=\"1\" class=\"module_column tb-column col4-2 tb_2l7j228 first\">\n                                                        <div class=\"tb-column-inner tf_box tf_w\">\n                        <!-- module text -->\n<div  class=\"module module-text tb_ty78041  repeat \" data-lazy=\"1\">\n        <div  class=\"tb_text_wrap\">\n    <h2>Descrizione<\/h2>    <\/div>\n<\/div>\n<!-- \/module text --><!-- module text -->\n<div  class=\"module module-text tb_9mrq108  repeat \" data-lazy=\"1\">\n        <div  class=\"tb_text_wrap\">\n    <p><span data-sheets-value=\"{\"1\":2,\"2\":\"KETHEA es la mayor red de rehabilitaci\u00f3n y reinserci\u00f3n social de Grecia. Lleva prestando sus servicios a drogodependientes y sus familias desde que en 1983 se cre\u00f3 Ithaki, la primera comunidad terap\u00e9utica griega. Sus servicios se ofrecen gratuitamente en la calle y en prisiones y unidades de rehabilitaci\u00f3n de toda Grecia. KETHEA tambi\u00e9n ayuda a personas que sufren otras formas de adicci\u00f3n, como el alcohol, el juego e Internet. Los programas de KETHEA est\u00e1n libres de drogas y ofrecen una amplia gama de servicios que pretenden ayudar al individuo a recuperarse y construirse una nueva vida en la que participe en la sociedad de forma productiva y en igualdad de condiciones. KETHEA ofrece asesoramiento y tratamiento contra las drogas, apoyo familiar, atenci\u00f3n sanitaria, educaci\u00f3n y formaci\u00f3n, apoyo jur\u00eddico y ayuda para reintegrarse en la sociedad y reincorporarse al mundo laboral. Los objetivos de KETHEA son la abstinencia total y sostenida de sustancias para el individuo y su reintegraci\u00f3n equitativa en la sociedad. KETHEA tambi\u00e9n lleva a cabo programas escolares y comunitarios de prevenci\u00f3n e intervenci\u00f3n temprana, y participa activamente en la formaci\u00f3n y la investigaci\u00f3n en el campo de la adicci\u00f3n. Sus programas y actividades terap\u00e9uticas pretenden concienciar sobre el fen\u00f3meno, promover el conocimiento cient\u00edfico y mejorar continuamente los servicios ofrecidos a los adictos y sus familias. Contacto: admin@kethea.gr; P\u00e1gina web: www.kethea.gr\"}\" data-sheets-userformat=\"{\"2\":957,\"3\":{\"1\":0},\"5\":{\"1\":[{\"1\":2,\"2\":0,\"5\":{\"1\":2,\"2\":0}},{\"1\":0,\"2\":0,\"3\":3},{\"1\":1,\"2\":0,\"4\":1}]},\"6\":{\"1\":[{\"1\":2,\"2\":0,\"5\":{\"1\":2,\"2\":0}},{\"1\":0,\"2\":0,\"3\":3},{\"1\":1,\"2\":0,\"4\":1}]},\"7\":{\"1\":[{\"1\":2,\"2\":0,\"5\":{\"1\":2,\"2\":0}},{\"1\":0,\"2\":0,\"3\":3},{\"1\":1,\"2\":0,\"4\":1}]},\"8\":{\"1\":[{\"1\":2,\"2\":0,\"5\":{\"1\":2,\"2\":0}},{\"1\":0,\"2\":0,\"3\":3},{\"1\":1,\"2\":0,\"4\":1}]},\"10\":0,\"11\":4,\"12\":0}\">KETHEA \u00e8 la pi\u00f9 grande rete di riabilitazione e reinserimento sociale della Grecia. Fornisce servizi ai tossicodipendenti e alle loro famiglie sin dalla fondazione di Ithaki, la prima comunit\u00e0 terapeutica greca, nel 1983. I suoi servizi sono offerti gratuitamente nelle strade, nelle carceri e nelle unit\u00e0 di riabilitazione in tutta la Grecia. KETHEA aiuta anche le persone che soffrono di altre forme di dipendenza, come quella da alcol, gioco d&#8217;azzardo e Internet. I programmi della KETHEA sono liberi da droghe e offrono un&#8217;ampia gamma di servizi che mirano ad aiutare l&#8217;individuo a riprendersi e a costruirsi una nuova vita in cui partecipare alla societ\u00e0 in modo produttivo e su un piano di parit\u00e0. KETHEA offre consulenza e trattamento delle tossicodipendenze, sostegno alla famiglia, assistenza sanitaria, istruzione e formazione, supporto legale e aiuto per il reinserimento nella societ\u00e0 e nel mondo del lavoro. Gli obiettivi di KETHEA sono l&#8217;astinenza totale e duratura dalle sostanze per l&#8217;individuo e il suo equo reinserimento nella societ\u00e0. La KETHEA gestisce anche programmi di prevenzione e intervento precoce nelle scuole e nelle comunit\u00e0 ed \u00e8 attivamente coinvolta nella formazione e nella ricerca nel campo delle dipendenze. I suoi programmi e le sue attivit\u00e0 terapeutiche mirano ad accrescere la consapevolezza del fenomeno, a promuovere la conoscenza scientifica e a migliorare continuamente i servizi offerti ai tossicodipendenti e alle loro famiglie.        <\/span><\/p>    <\/div>\n<\/div>\n<!-- \/module text -->                    <\/div>\n                            <\/div>\n                        <div  data-lazy=\"1\" class=\"module_column tb-column col4-2 tb_jyh4101 last\">\n                                                        <div class=\"tb-column-inner tf_box tf_w\">\n                        <!-- module text -->\n<div  class=\"module module-text tb_utje050  repeat \" data-lazy=\"1\" data-parallax-element-speed=\"1\" data-lax-translate-y=\"vh 1,0 70\" data-lax=\"true\">\n        <div  class=\"tb_text_wrap\">\n    <p><span data-sheets-value=\"{\"1\":2,\"2\":\"KETHEA es la mayor red de rehabilitaci\u00f3n y reinserci\u00f3n social de Grecia. Lleva prestando sus servicios a drogodependientes y sus familias desde que en 1983 se cre\u00f3 Ithaki, la primera comunidad terap\u00e9utica griega. Sus servicios se ofrecen gratuitamente en la calle y en prisiones y unidades de rehabilitaci\u00f3n de toda Grecia. KETHEA tambi\u00e9n ayuda a personas que sufren otras formas de adicci\u00f3n, como el alcohol, el juego e Internet. Los programas de KETHEA est\u00e1n libres de drogas y ofrecen una amplia gama de servicios que pretenden ayudar al individuo a recuperarse y construirse una nueva vida en la que participe en la sociedad de forma productiva y en igualdad de condiciones. KETHEA ofrece asesoramiento y tratamiento contra las drogas, apoyo familiar, atenci\u00f3n sanitaria, educaci\u00f3n y formaci\u00f3n, apoyo jur\u00eddico y ayuda para reintegrarse en la sociedad y reincorporarse al mundo laboral. Los objetivos de KETHEA son la abstinencia total y sostenida de sustancias para el individuo y su reintegraci\u00f3n equitativa en la sociedad. KETHEA tambi\u00e9n lleva a cabo programas escolares y comunitarios de prevenci\u00f3n e intervenci\u00f3n temprana, y participa activamente en la formaci\u00f3n y la investigaci\u00f3n en el campo de la adicci\u00f3n. Sus programas y actividades terap\u00e9uticas pretenden concienciar sobre el fen\u00f3meno, promover el conocimiento cient\u00edfico y mejorar continuamente los servicios ofrecidos a los adictos y sus familias. Contacto: admin@kethea.gr; P\u00e1gina web: www.kethea.gr\"}\" data-sheets-userformat=\"{\"2\":957,\"3\":{\"1\":0},\"5\":{\"1\":[{\"1\":2,\"2\":0,\"5\":{\"1\":2,\"2\":0}},{\"1\":0,\"2\":0,\"3\":3},{\"1\":1,\"2\":0,\"4\":1}]},\"6\":{\"1\":[{\"1\":2,\"2\":0,\"5\":{\"1\":2,\"2\":0}},{\"1\":0,\"2\":0,\"3\":3},{\"1\":1,\"2\":0,\"4\":1}]},\"7\":{\"1\":[{\"1\":2,\"2\":0,\"5\":{\"1\":2,\"2\":0}},{\"1\":0,\"2\":0,\"3\":3},{\"1\":1,\"2\":0,\"4\":1}]},\"8\":{\"1\":[{\"1\":2,\"2\":0,\"5\":{\"1\":2,\"2\":0}},{\"1\":0,\"2\":0,\"3\":3},{\"1\":1,\"2\":0,\"4\":1}]},\"10\":0,\"11\":4,\"12\":0}\"> Contatto: <\/span><\/p>\n<p><span data-sheets-value=\"{\"1\":2,\"2\":\"KETHEA es la mayor red de rehabilitaci\u00f3n y reinserci\u00f3n social de Grecia. Lleva prestando sus servicios a drogodependientes y sus familias desde que en 1983 se cre\u00f3 Ithaki, la primera comunidad terap\u00e9utica griega. Sus servicios se ofrecen gratuitamente en la calle y en prisiones y unidades de rehabilitaci\u00f3n de toda Grecia. KETHEA tambi\u00e9n ayuda a personas que sufren otras formas de adicci\u00f3n, como el alcohol, el juego e Internet. Los programas de KETHEA est\u00e1n libres de drogas y ofrecen una amplia gama de servicios que pretenden ayudar al individuo a recuperarse y construirse una nueva vida en la que participe en la sociedad de forma productiva y en igualdad de condiciones. KETHEA ofrece asesoramiento y tratamiento contra las drogas, apoyo familiar, atenci\u00f3n sanitaria, educaci\u00f3n y formaci\u00f3n, apoyo jur\u00eddico y ayuda para reintegrarse en la sociedad y reincorporarse al mundo laboral. Los objetivos de KETHEA son la abstinencia total y sostenida de sustancias para el individuo y su reintegraci\u00f3n equitativa en la sociedad. KETHEA tambi\u00e9n lleva a cabo programas escolares y comunitarios de prevenci\u00f3n e intervenci\u00f3n temprana, y participa activamente en la formaci\u00f3n y la investigaci\u00f3n en el campo de la adicci\u00f3n. Sus programas y actividades terap\u00e9uticas pretenden concienciar sobre el fen\u00f3meno, promover el conocimiento cient\u00edfico y mejorar continuamente los servicios ofrecidos a los adictos y sus familias. Contacto: admin@kethea.gr; P\u00e1gina web: www.kethea.gr\"}\" data-sheets-userformat=\"{\"2\":957,\"3\":{\"1\":0},\"5\":{\"1\":[{\"1\":2,\"2\":0,\"5\":{\"1\":2,\"2\":0}},{\"1\":0,\"2\":0,\"3\":3},{\"1\":1,\"2\":0,\"4\":1}]},\"6\":{\"1\":[{\"1\":2,\"2\":0,\"5\":{\"1\":2,\"2\":0}},{\"1\":0,\"2\":0,\"3\":3},{\"1\":1,\"2\":0,\"4\":1}]},\"7\":{\"1\":[{\"1\":2,\"2\":0,\"5\":{\"1\":2,\"2\":0}},{\"1\":0,\"2\":0,\"3\":3},{\"1\":1,\"2\":0,\"4\":1}]},\"8\":{\"1\":[{\"1\":2,\"2\":0,\"5\":{\"1\":2,\"2\":0}},{\"1\":0,\"2\":0,\"3\":3},{\"1\":1,\"2\":0,\"4\":1}]},\"10\":0,\"11\":4,\"12\":0}\">admin@kethea.gr <\/span><\/p>\n<p><span data-sheets-value=\"{\"1\":2,\"2\":\"KETHEA es la mayor red de rehabilitaci\u00f3n y reinserci\u00f3n social de Grecia. Lleva prestando sus servicios a drogodependientes y sus familias desde que en 1983 se cre\u00f3 Ithaki, la primera comunidad terap\u00e9utica griega. Sus servicios se ofrecen gratuitamente en la calle y en prisiones y unidades de rehabilitaci\u00f3n de toda Grecia. KETHEA tambi\u00e9n ayuda a personas que sufren otras formas de adicci\u00f3n, como el alcohol, el juego e Internet. Los programas de KETHEA est\u00e1n libres de drogas y ofrecen una amplia gama de servicios que pretenden ayudar al individuo a recuperarse y construirse una nueva vida en la que participe en la sociedad de forma productiva y en igualdad de condiciones. KETHEA ofrece asesoramiento y tratamiento contra las drogas, apoyo familiar, atenci\u00f3n sanitaria, educaci\u00f3n y formaci\u00f3n, apoyo jur\u00eddico y ayuda para reintegrarse en la sociedad y reincorporarse al mundo laboral. Los objetivos de KETHEA son la abstinencia total y sostenida de sustancias para el individuo y su reintegraci\u00f3n equitativa en la sociedad. KETHEA tambi\u00e9n lleva a cabo programas escolares y comunitarios de prevenci\u00f3n e intervenci\u00f3n temprana, y participa activamente en la formaci\u00f3n y la investigaci\u00f3n en el campo de la adicci\u00f3n. Sus programas y actividades terap\u00e9uticas pretenden concienciar sobre el fen\u00f3meno, promover el conocimiento cient\u00edfico y mejorar continuamente los servicios ofrecidos a los adictos y sus familias. Contacto: admin@kethea.gr; P\u00e1gina web: www.kethea.gr\"}\" data-sheets-userformat=\"{\"2\":957,\"3\":{\"1\":0},\"5\":{\"1\":[{\"1\":2,\"2\":0,\"5\":{\"1\":2,\"2\":0}},{\"1\":0,\"2\":0,\"3\":3},{\"1\":1,\"2\":0,\"4\":1}]},\"6\":{\"1\":[{\"1\":2,\"2\":0,\"5\":{\"1\":2,\"2\":0}},{\"1\":0,\"2\":0,\"3\":3},{\"1\":1,\"2\":0,\"4\":1}]},\"7\":{\"1\":[{\"1\":2,\"2\":0,\"5\":{\"1\":2,\"2\":0}},{\"1\":0,\"2\":0,\"3\":3},{\"1\":1,\"2\":0,\"4\":1}]},\"8\":{\"1\":[{\"1\":2,\"2\":0,\"5\":{\"1\":2,\"2\":0}},{\"1\":0,\"2\":0,\"3\":3},{\"1\":1,\"2\":0,\"4\":1}]},\"10\":0,\"11\":4,\"12\":0}\">P\u00e1gina web: <\/span><\/p>\n<p><a href=\"http:\/\/www.kethea.gr\"><span data-sheets-value=\"{\"1\":2,\"2\":\"KETHEA es la mayor red de rehabilitaci\u00f3n y reinserci\u00f3n social de Grecia. Lleva prestando sus servicios a drogodependientes y sus familias desde que en 1983 se cre\u00f3 Ithaki, la primera comunidad terap\u00e9utica griega. Sus servicios se ofrecen gratuitamente en la calle y en prisiones y unidades de rehabilitaci\u00f3n de toda Grecia. KETHEA tambi\u00e9n ayuda a personas que sufren otras formas de adicci\u00f3n, como el alcohol, el juego e Internet. Los programas de KETHEA est\u00e1n libres de drogas y ofrecen una amplia gama de servicios que pretenden ayudar al individuo a recuperarse y construirse una nueva vida en la que participe en la sociedad de forma productiva y en igualdad de condiciones. KETHEA ofrece asesoramiento y tratamiento contra las drogas, apoyo familiar, atenci\u00f3n sanitaria, educaci\u00f3n y formaci\u00f3n, apoyo jur\u00eddico y ayuda para reintegrarse en la sociedad y reincorporarse al mundo laboral. Los objetivos de KETHEA son la abstinencia total y sostenida de sustancias para el individuo y su reintegraci\u00f3n equitativa en la sociedad. KETHEA tambi\u00e9n lleva a cabo programas escolares y comunitarios de prevenci\u00f3n e intervenci\u00f3n temprana, y participa activamente en la formaci\u00f3n y la investigaci\u00f3n en el campo de la adicci\u00f3n. Sus programas y actividades terap\u00e9uticas pretenden concienciar sobre el fen\u00f3meno, promover el conocimiento cient\u00edfico y mejorar continuamente los servicios ofrecidos a los adictos y sus familias. Contacto: admin@kethea.gr; P\u00e1gina web: www.kethea.gr\"}\" data-sheets-userformat=\"{\"2\":957,\"3\":{\"1\":0},\"5\":{\"1\":[{\"1\":2,\"2\":0,\"5\":{\"1\":2,\"2\":0}},{\"1\":0,\"2\":0,\"3\":3},{\"1\":1,\"2\":0,\"4\":1}]},\"6\":{\"1\":[{\"1\":2,\"2\":0,\"5\":{\"1\":2,\"2\":0}},{\"1\":0,\"2\":0,\"3\":3},{\"1\":1,\"2\":0,\"4\":1}]},\"7\":{\"1\":[{\"1\":2,\"2\":0,\"5\":{\"1\":2,\"2\":0}},{\"1\":0,\"2\":0,\"3\":3},{\"1\":1,\"2\":0,\"4\":1}]},\"8\":{\"1\":[{\"1\":2,\"2\":0,\"5\":{\"1\":2,\"2\":0}},{\"1\":0,\"2\":0,\"3\":3},{\"1\":1,\"2\":0,\"4\":1}]},\"10\":0,\"11\":4,\"12\":0}\">www.kethea.gr<\/span><\/a><\/p>    <\/div>\n<\/div>\n<!-- \/module text -->                    <\/div>\n                            <\/div>\n            \t    <\/div>\n\t    <!-- \/row_inner -->\n\t<\/div>\n\t<!-- \/module_row -->\n\t<\/div>\n<!--\/themify_builder_content-->","protected":false},"excerpt":{"rendered":"<p>KETHEA KENTRO THERAPEIAS EXARTIMENON ATOMON<\/p>\n","protected":false},"author":1,"featured_media":0,"parent":0,"menu_order":0,"comment_status":"closed","ping_status":"closed","template":"","meta":{"footnotes":""},"class_list":["post-1349","page","type-page","status-publish","hentry","has-post-title","has-post-date","has-post-category","has-post-tag","has-post-comment","has-post-author",""],"builder_content":"<h1>KETHEA<\/h1> <h2>KENTRO THERAPEIAS EXARTIMENON ATOMON <\/h2>\n<h2>Descrizione<\/h2>\n<p>KETHEA \u00e8 la pi\u00f9 grande rete di riabilitazione e reinserimento sociale della Grecia. Fornisce servizi ai tossicodipendenti e alle loro famiglie sin dalla fondazione di Ithaki, la prima comunit\u00e0 terapeutica greca, nel 1983. I suoi servizi sono offerti gratuitamente nelle strade, nelle carceri e nelle unit\u00e0 di riabilitazione in tutta la Grecia. KETHEA aiuta anche le persone che soffrono di altre forme di dipendenza, come quella da alcol, gioco d'azzardo e Internet. I programmi della KETHEA sono liberi da droghe e offrono un'ampia gamma di servizi che mirano ad aiutare l'individuo a riprendersi e a costruirsi una nuova vita in cui partecipare alla societ\u00e0 in modo produttivo e su un piano di parit\u00e0. KETHEA offre consulenza e trattamento delle tossicodipendenze, sostegno alla famiglia, assistenza sanitaria, istruzione e formazione, supporto legale e aiuto per il reinserimento nella societ\u00e0 e nel mondo del lavoro. Gli obiettivi di KETHEA sono l'astinenza totale e duratura dalle sostanze per l'individuo e il suo equo reinserimento nella societ\u00e0. La KETHEA gestisce anche programmi di prevenzione e intervento precoce nelle scuole e nelle comunit\u00e0 ed \u00e8 attivamente coinvolta nella formazione e nella ricerca nel campo delle dipendenze. I suoi programmi e le sue attivit\u00e0 terapeutiche mirano ad accrescere la consapevolezza del fenomeno, a promuovere la conoscenza scientifica e a migliorare continuamente i servizi offerti ai tossicodipendenti e alle loro famiglie. <\/p>\n<p> Contatto: <\/p> <p>admin@kethea.gr <\/p> <p>P\u00e1gina web: <\/p> <p><a href=\"http:\/\/www.kethea.gr\">www.kethea.gr<\/a><\/p>","_links":{"self":[{"href":"https:\/\/www.eyroproject.eu\/it\/wp-json\/wp\/v2\/pages\/1349","targetHints":{"allow":["GET"]}}],"collection":[{"href":"https:\/\/www.eyroproject.eu\/it\/wp-json\/wp\/v2\/pages"}],"about":[{"href":"https:\/\/www.eyroproject.eu\/it\/wp-json\/wp\/v2\/types\/page"}],"author":[{"embeddable":true,"href":"https:\/\/www.eyroproject.eu\/it\/wp-json\/wp\/v2\/users\/1"}],"replies":[{"embeddable":true,"href":"https:\/\/www.eyroproject.eu\/it\/wp-json\/wp\/v2\/comments?post=1349"}],"version-history":[{"count":1,"href":"https:\/\/www.eyroproject.eu\/it\/wp-json\/wp\/v2\/pages\/1349\/revisions"}],"predecessor-version":[{"id":1350,"href":"https:\/\/www.eyroproject.eu\/it\/wp-json\/wp\/v2\/pages\/1349\/revisions\/1350"}],"wp:attachment":[{"href":"https:\/\/www.eyroproject.eu\/it\/wp-json\/wp\/v2\/media?parent=1349"}],"curies":[{"name":"wp","href":"https:\/\/api.w.org\/{rel}","templated":true}]}}