{"id":1064,"date":"2022-12-27T16:41:36","date_gmt":"2022-12-27T16:41:36","guid":{"rendered":"https:\/\/www.xano.es\/eyro\/armonica-mente\/"},"modified":"2023-03-07T13:03:33","modified_gmt":"2023-03-07T13:03:33","slug":"armonica-mente","status":"publish","type":"page","link":"https:\/\/www.eyroproject.eu\/it\/armonica-mente\/","title":{"rendered":"Armonica-mente"},"content":{"rendered":"<!--themify_builder_content-->\n<div id=\"themify_builder_content-1064\" data-postid=\"1064\" class=\"themify_builder_content themify_builder_content-1064 themify_builder tf_clear\">\n    \t\t\t<!-- module_row -->\n\t<div  data-css_id=\"fxam502\" data-lazy=\"1\" class=\"module_row themify_builder_row fullwidth_row_container tb_fxam502 tb_first tf_w tf_clearfix\">\n\t    <div class=\"builder_row_cover tf_abs\"><\/div>\t\t\t<div class=\"row_inner col_align_top tb_col_count_1 tf_box tf_rel\">\n\t\t            <div  data-lazy=\"1\" class=\"module_column tb-column col-full tb_kd6o444 first\">\n                                                        <div class=\"tb-column-inner tf_box tf_w\">\n                        <!-- module text -->\n<div  class=\"module module-text tb_3t83660  repeat \" data-lazy=\"1\">\n        <div  class=\"tb_text_wrap\">\n    <h1><span dir=\"ltr\" role=\"presentation\">Armonica-mente<\/span><\/h1>    <\/div>\n<\/div>\n<!-- \/module text -->                    <\/div>\n                            <\/div>\n            \t    <\/div>\n\t    <!-- \/row_inner -->\n\t<\/div>\n\t<!-- \/module_row -->\n\t\t\t\t<!-- module_row -->\n\t<div  data-lazy=\"1\" class=\"module_row themify_builder_row tb_adyg500 tf_w tf_clearfix\">\n\t    \t\t\t<div class=\"row_inner col_align_top tb_col_count_2 tf_box tf_rel\">\n\t\t            <div  data-lazy=\"1\" class=\"module_column tb-column col4-2 tb_0pc4250 first\">\n                                                        <div class=\"tb-column-inner tf_box tf_w\">\n                        <!-- module text -->\n<div  class=\"module module-text tb_r41b053  repeat \" data-lazy=\"1\">\n        <div  class=\"tb_text_wrap\">\n    <h2>Descrizione<\/h2>    <\/div>\n<\/div>\n<!-- \/module text --><!-- module text -->\n<div  class=\"module module-text tb_snij722  repeat \" data-lazy=\"1\">\n        <div  class=\"tb_text_wrap\">\n    <p><span data-sheets-value=\"{\"1\":2,\"2\":\"\\\"Armonica-Mente\\\" es una asociaci\u00f3n cultural que opera en el \u00e1mbito de la ense\u00f1anza y la producci\u00f3n musical desde 2008 con cursos instrumentales, arreglos, composici\u00f3n, ensemble, big band, conciertos y producciones discogr\u00e1ficas.\\nEntre nuestras actividades, la concepci\u00f3n y promoci\u00f3n de proyectos, los cursos 2-U, con un equipo de profesores que realizan clases de m\u00fasica a domicilio, las producciones con el sello discogr\u00e1fico JAzZMUD, el ciclo de conciertos HEGEL, los cursos J4D (Jazz for Dummies), programa educativo musical online.\\\"\"}\" data-sheets-userformat=\"{\"2\":957,\"3\":{\"1\":0},\"5\":{\"1\":[{\"1\":2,\"2\":0,\"5\":{\"1\":2,\"2\":0}},{\"1\":0,\"2\":0,\"3\":3},{\"1\":1,\"2\":0,\"4\":1}]},\"6\":{\"1\":[{\"1\":2,\"2\":0,\"5\":{\"1\":2,\"2\":0}},{\"1\":0,\"2\":0,\"3\":3},{\"1\":1,\"2\":0,\"4\":1}]},\"7\":{\"1\":[{\"1\":2,\"2\":0,\"5\":{\"1\":2,\"2\":0}},{\"1\":0,\"2\":0,\"3\":3},{\"1\":1,\"2\":0,\"4\":1}]},\"8\":{\"1\":[{\"1\":2,\"2\":0,\"5\":{\"1\":2,\"2\":0}},{\"1\":0,\"2\":0,\"3\":3},{\"1\":1,\"2\":0,\"4\":1}]},\"10\":0,\"11\":4,\"12\":0}\">Armonica-Mente \u00e8 un&#8217;associazione culturale che opera nel campo della didattica e della produzione musicale dal 2008 con corsi di strumentale, arrangiamento, composizione, ensemble, big band, concerti e produzioni discografiche.<br>Tra le nostre attivit\u00e0, l&#8217;ideazione e la promozione di progetti, i corsi 2-U, con un team di insegnanti che svolgono lezioni di musica a domicilio, le produzioni con l&#8217;etichetta discografica JAzZMUD, la serie di concerti HEGEL, i corsi J4D (Jazz for Dummies ), programma didattico musicale online.<\/span><\/p>    <\/div>\n<\/div>\n<!-- \/module text -->                    <\/div>\n                            <\/div>\n                        <div  data-lazy=\"1\" class=\"module_column tb-column col4-2 tb_lwy5055 last\">\n                                                        <div class=\"tb-column-inner tf_box tf_w\">\n                        <!-- module text -->\n<div  class=\"module module-text tb_f712070  repeat \" data-lazy=\"1\" data-parallax-element-speed=\"1\" data-lax-translate-y=\"vh 1,0 70\" data-lax=\"true\">\n        <div  class=\"tb_text_wrap\">\n    <h2><b>Indirizzo:<\/b><\/h2>\n<div>Armonica-Mente, via Piana 110 S. Brigida, Pontassieve (FI) 50065 ITALY.<\/div>\n<div> <\/div>\n<h2><b>Web:<\/b><\/h2>\n<div><a href=\"https:\/\/armonica-mente.org\/\">https:\/\/armonica-mente.org\/<\/a><b><br><\/b><\/div>\n<div> <\/div>\n<div>\n<h2><b>Contatto:<\/b><\/h2>\n<div>Alessandro Galati, <a href=\"mailto:a.galati.mailbox@gmail.com\" target=\"_blank\" rel=\"noopener\">a.galati.mailbox@gmail.com<\/a><\/div>\n<\/div>\n<div> <\/div>    <\/div>\n<\/div>\n<!-- \/module text -->                    <\/div>\n                            <\/div>\n            \t    <\/div>\n\t    <!-- \/row_inner -->\n\t<\/div>\n\t<!-- \/module_row -->\n\t<\/div>\n<!--\/themify_builder_content-->","protected":false},"excerpt":{"rendered":"<p>Armonica-mente<\/p>\n","protected":false},"author":1,"featured_media":0,"parent":0,"menu_order":0,"comment_status":"closed","ping_status":"closed","template":"","meta":{"footnotes":""},"class_list":["post-1064","page","type-page","status-publish","hentry","has-post-title","has-post-date","has-post-category","has-post-tag","has-post-comment","has-post-author",""],"builder_content":"<h1>Armonica-mente<\/h1>\n<h2>Descrizione<\/h2>\n<p>Armonica-Mente \u00e8 un'associazione culturale che opera nel campo della didattica e della produzione musicale dal 2008 con corsi di strumentale, arrangiamento, composizione, ensemble, big band, concerti e produzioni discografiche.<br>Tra le nostre attivit\u00e0, l'ideazione e la promozione di progetti, i corsi 2-U, con un team di insegnanti che svolgono lezioni di musica a domicilio, le produzioni con l'etichetta discografica JAzZMUD, la serie di concerti HEGEL, i corsi J4D (Jazz for Dummies ), programma didattico musicale online.<\/p>\n<h2><b>Indirizzo:<\/b><\/h2> Armonica-Mente, via Piana 110 S. Brigida, Pontassieve (FI) 50065 ITALY. <h2><b>Web:<\/b><\/h2> <a href=\"https:\/\/armonica-mente.org\/\">https:\/\/armonica-mente.org\/<\/a><b><br><\/b> \n<h2><b>Contatto:<\/b><\/h2> Alessandro Galati, <a href=\"mailto:a.galati.mailbox@gmail.com\" target=\"_blank\" rel=\"noopener\">a.galati.mailbox@gmail.com<\/a>","_links":{"self":[{"href":"https:\/\/www.eyroproject.eu\/it\/wp-json\/wp\/v2\/pages\/1064","targetHints":{"allow":["GET"]}}],"collection":[{"href":"https:\/\/www.eyroproject.eu\/it\/wp-json\/wp\/v2\/pages"}],"about":[{"href":"https:\/\/www.eyroproject.eu\/it\/wp-json\/wp\/v2\/types\/page"}],"author":[{"embeddable":true,"href":"https:\/\/www.eyroproject.eu\/it\/wp-json\/wp\/v2\/users\/1"}],"replies":[{"embeddable":true,"href":"https:\/\/www.eyroproject.eu\/it\/wp-json\/wp\/v2\/comments?post=1064"}],"version-history":[{"count":1,"href":"https:\/\/www.eyroproject.eu\/it\/wp-json\/wp\/v2\/pages\/1064\/revisions"}],"predecessor-version":[{"id":1065,"href":"https:\/\/www.eyroproject.eu\/it\/wp-json\/wp\/v2\/pages\/1064\/revisions\/1065"}],"wp:attachment":[{"href":"https:\/\/www.eyroproject.eu\/it\/wp-json\/wp\/v2\/media?parent=1064"}],"curies":[{"name":"wp","href":"https:\/\/api.w.org\/{rel}","templated":true}]}}