{"id":789,"date":"2023-01-16T18:57:22","date_gmt":"2023-01-16T18:57:22","guid":{"rendered":"https:\/\/www.alqueriaeducatius.org\/eyro\/?page_id=789"},"modified":"2024-03-20T16:42:43","modified_gmt":"2024-03-20T16:42:43","slug":"music-labs","status":"publish","type":"page","link":"https:\/\/www.eyroproject.eu\/es\/music-labs\/","title":{"rendered":"Music Labs"},"content":{"rendered":"<!--themify_builder_content-->\n<div id=\"themify_builder_content-789\" data-postid=\"789\" class=\"themify_builder_content themify_builder_content-789 themify_builder tf_clear\">\n    \t\t\t<!-- module_row -->\n\t<div  data-lazy=\"1\" class=\"module_row themify_builder_row tb_z4w1138 tb_first tf_w tf_clearfix\">\n\t    \t\t\t<div class=\"row_inner col_align_top tb_col_count_1 tf_box tf_rel\">\n\t\t            <div  data-lazy=\"1\" class=\"module_column tb-column col-full tb_vvuk138 first\">\n                                                        <div class=\"tb-column-inner tf_box tf_w\">\n                        \t<div  data-lazy=\"1\" class=\"module_subrow themify_builder_sub_row tb_c45c142 tf_w tf_clearfix\">\n\t    \t\t\t<div class=\"subrow_inner col_align_middle gutter-none tb_col_count_2 tf_box tf_w\">\n\t\t            <div  data-lazy=\"1\" class=\"module_column sub_column tb_684e142 first\">\n                                                        <div class=\"tb-column-inner tf_box tf_w\">\n                        <!-- module fancy heading -->\n<div  class=\"module module-fancy-heading tb_87g1142  tb_hide_divider\" data-lazy=\"1\">\n        <h2 class=\"fancy-heading tf_textl\">\n    <span class=\"main-head tf_block\">\n\t\t\t\t\tMusic Labs\t\t    <\/span>\n\n\t\n    <span class=\"sub-head tf_block tf_rel\">\n\t\t\t\t\t\t\t    <\/span>\n    <\/h2>\n<\/div>\n<!-- \/module fancy heading -->\n<!-- module text -->\n<div  class=\"module module-text tb_eqf5143   \" data-lazy=\"1\">\n        <div  class=\"tb_text_wrap\">\n    <p><span data-sheets-value=\"{&quot;1&quot;:2,&quot;2&quot;:&quot;In Spain, Italy, Sweden and Greece, Music Labs will be fun and safe spaces where our EYRO music teachers will work with the\\nyoung people, teaching them to play music as an orchestra. They will select the music and play together. Later in the project, the Music Labs will connect up and the young people will meet their European peers and play together with them in the Remote Orchestra setting.&quot;}\" data-sheets-userformat=\"{&quot;2&quot;:2877,&quot;3&quot;:{&quot;1&quot;:0},&quot;5&quot;:{&quot;1&quot;:[{&quot;1&quot;:2,&quot;2&quot;:0,&quot;5&quot;:{&quot;1&quot;:2,&quot;2&quot;:0}},{&quot;1&quot;:0,&quot;2&quot;:0,&quot;3&quot;:3},{&quot;1&quot;:1,&quot;2&quot;:0,&quot;4&quot;:1}]},&quot;6&quot;:{&quot;1&quot;:[{&quot;1&quot;:2,&quot;2&quot;:0,&quot;5&quot;:{&quot;1&quot;:2,&quot;2&quot;:0}},{&quot;1&quot;:0,&quot;2&quot;:0,&quot;3&quot;:3},{&quot;1&quot;:1,&quot;2&quot;:0,&quot;4&quot;:1}]},&quot;7&quot;:{&quot;1&quot;:[{&quot;1&quot;:2,&quot;2&quot;:0,&quot;5&quot;:{&quot;1&quot;:2,&quot;2&quot;:0}},{&quot;1&quot;:0,&quot;2&quot;:0,&quot;3&quot;:3},{&quot;1&quot;:1,&quot;2&quot;:0,&quot;4&quot;:1}]},&quot;8&quot;:{&quot;1&quot;:[{&quot;1&quot;:2,&quot;2&quot;:0,&quot;5&quot;:{&quot;1&quot;:2,&quot;2&quot;:0}},{&quot;1&quot;:0,&quot;2&quot;:0,&quot;3&quot;:3},{&quot;1&quot;:1,&quot;2&quot;:0,&quot;4&quot;:1}]},&quot;11&quot;:4,&quot;12&quot;:0,&quot;14&quot;:{&quot;1&quot;:2,&quot;2&quot;:0}}\">En Espa\u00f1a, Italia, Suecia y Grecia, los Laboratorios de M\u00fasica ser\u00e1n espacios divertidos y seguros donde nuestros profesores de m\u00fasica de la EYRO trabajar\u00e1n con los j\u00f3venes, ense\u00f1\u00e1ndoles a formar parte de una orquesta. Seleccionar\u00e1n la m\u00fasica y tocar\u00e1n juntos. M\u00e1s adelante en el proyecto, los Laboratorios de M\u00fasica se conectar\u00e1n y los j\u00f3venes conocer\u00e1n a sus compa\u00f1eros europeos y tocar\u00e1n con ellos en el entorno de la Orquesta a Distancia.<\/span><\/p>    <\/div>\n<\/div>\n<!-- \/module text -->                    <\/div>\n                            <\/div>\n                        <div  data-lazy=\"1\" class=\"module_column sub_column tb_uqz4143 last\">\n                                                <\/div>\n            \t    <\/div>\n\t<\/div><!-- \/themify_builder_sub_row -->\n\t                    <\/div>\n                            <\/div>\n            \t    <\/div>\n\t    <!-- \/row_inner -->\n\t<\/div>\n\t<!-- \/module_row -->\n\t\t\t\t<!-- module_row -->\n\t<div  data-lazy=\"1\" class=\"module_row themify_builder_row tb_t50n652 tf_w tf_clearfix\">\n\t    \t\t\t<div class=\"row_inner col_align_top tb_col_count_1 tf_box tf_rel\">\n\t\t            <div  data-lazy=\"1\" class=\"module_column tb-column col-full tb_omx3445 first\">\n                                                        <div class=\"tb-column-inner tf_box tf_w\">\n                        \t<div  data-lazy=\"1\" class=\"module_subrow themify_builder_sub_row tb_nesm446 tf_w tf_clearfix\">\n\t    \t\t\t<div class=\"subrow_inner col_align_top tb_col_count_1 tf_box tf_w\">\n\t\t            <div  data-lazy=\"1\" class=\"module_column sub_column col-full tb_hmt7447 first\">\n                                                        <div class=\"tb-column-inner tf_box tf_w\">\n                        <!-- module post -->\n<div  class=\"module module-post tb_aijt447 \">\n        <div  class=\"builder-posts-wrap loops-wrapper grid4 masonry classic tf_rel tf_clear tf_clearfix\" data-lazy=\"1\">\n\t<article id=\"post-2011\" class=\"post tf_clearfix post-2011 type-post status-publish format-standard has-post-thumbnail hentry category-music-labs-es-2 has-post-title has-post-date has-post-category has-post-tag has-post-comment has-post-author \">\n\t    \n\t\t\t\t<figure class=\"post-image tf_clearfix\">\n\t\t\t    \t\t\t\t\t\t\t\t<a href=\"https:\/\/www.eyroproject.eu\/es\/music-labs-italia\/\">\n\t\t\t\t\t\t\t\t<img loading=\"lazy\" decoding=\"async\" width=\"2048\" height=\"1536\" src=\"https:\/\/www.eyroproject.eu\/wp-content\/uploads\/2024\/03\/farplay.jpeg\" class=\"wp-post-image wp-image-1987\" title=\"farplay\" alt=\"farplay\" srcset=\"https:\/\/www.eyroproject.eu\/wp-content\/uploads\/2024\/03\/farplay.jpeg 2048w, https:\/\/www.eyroproject.eu\/wp-content\/uploads\/2024\/03\/farplay-300x225.jpeg 300w, https:\/\/www.eyroproject.eu\/wp-content\/uploads\/2024\/03\/farplay-1024x768.jpeg 1024w, https:\/\/www.eyroproject.eu\/wp-content\/uploads\/2024\/03\/farplay-768x576.jpeg 768w, https:\/\/www.eyroproject.eu\/wp-content\/uploads\/2024\/03\/farplay-1536x1152.jpeg 1536w\" sizes=\"auto, (max-width: 2048px) 100vw, 2048px\" \/>\t\t\t\t\t\t\t\t    \t\t\t\t<\/a>\n\t\t\t\t\t\t\t    \t\t\t<\/figure>\n\t\t\t\t<div class=\"post-content\">\n\t\t<div class=\"post-content-inner\">\n\n\t\t\t\t\t\t\t\t<div class=\"post-date-wrap post-date-inline\">\n\t\t<time class=\"post-date entry-date updated\" datetime=\"2024-03-20\">\n\t\t\t\t\t<span class=\"year\">20 de marzo de 2024<\/span>\n\t\t\t\t<\/time>\n\t<\/div><!-- .post-date-wrap -->\n\t\t\t\t\n\t\t\t<h2 class=\"post-title entry-title\"><a href=\"https:\/\/www.eyroproject.eu\/es\/music-labs-italia\/\">Music Labs Italia<\/a><\/h2>\n\t\t\t\t\t\t\t<p class=\"post-meta entry-meta\">\n\t\t\t\t\t\t\t\t\t\t\t<span class=\"post-author\"><span class=\"author vcard\"><a class=\"url fn n\" href=\"https:\/\/www.eyroproject.eu\/es\/author\/eyroadmin\/\" rel=\"author\">eyroadmin<\/a><\/span><\/span>\n\t\t\t\t\t\n\t\t\t\t\t<span class=\"post-category\"><a href=\"https:\/\/www.eyroproject.eu\/es\/category\/music-labs-es-2\/\" rel=\"tag\" class=\"term-music-labs-es-2\">music labs<\/a><\/span>\n\t\t\t\t\t\t\t\t\t\t\t\t\t\t\t\t\n\t\t\t\t\t\t\t\t\t<\/p>\n\t\t\t\t<!-- \/post-meta -->\n\t\t\t\n\t\t\t\n\t\t\t\t<div class=\"entry-content\">\n\n        \n\t\t<p>Music Labs Italia<\/p>\n\n\t\t\n\t    \n\t<\/div><!-- \/.entry-content -->\n\t\n\t\t<\/div>\n\t\t<!-- \/.post-content-inner -->\n\t<\/div>\n\t<!-- \/.post-content -->\n\t\n<\/article>\n<!-- \/.post -->\n<article id=\"post-1977\" class=\"post tf_clearfix post-1977 type-post status-publish format-standard has-post-thumbnail hentry category-music-labs-es-2 has-post-title has-post-date has-post-category has-post-tag has-post-comment has-post-author \">\n\t    \n\t\t\t\t<figure class=\"post-image tf_clearfix\">\n\t\t\t    \t\t\t\t\t\t\t\t<a href=\"https:\/\/www.eyroproject.eu\/es\/music-labs-grecia\/\">\n\t\t\t\t\t\t\t\t<img loading=\"lazy\" decoding=\"async\" width=\"1920\" height=\"1440\" src=\"https:\/\/www.eyroproject.eu\/wp-content\/uploads\/2024\/03\/thumbnail_1702637848568.jpg\" class=\"wp-post-image wp-image-1967\" title=\"thumbnail_1702637848568\" alt=\"thumbnail_1702637848568\" srcset=\"https:\/\/www.eyroproject.eu\/wp-content\/uploads\/2024\/03\/thumbnail_1702637848568.jpg 1920w, https:\/\/www.eyroproject.eu\/wp-content\/uploads\/2024\/03\/thumbnail_1702637848568-300x225.jpg 300w, https:\/\/www.eyroproject.eu\/wp-content\/uploads\/2024\/03\/thumbnail_1702637848568-1024x768.jpg 1024w, https:\/\/www.eyroproject.eu\/wp-content\/uploads\/2024\/03\/thumbnail_1702637848568-768x576.jpg 768w, https:\/\/www.eyroproject.eu\/wp-content\/uploads\/2024\/03\/thumbnail_1702637848568-1536x1152.jpg 1536w\" sizes=\"auto, (max-width: 1920px) 100vw, 1920px\" \/>\t\t\t\t\t\t\t\t    \t\t\t\t<\/a>\n\t\t\t\t\t\t\t    \t\t\t<\/figure>\n\t\t\t\t<div class=\"post-content\">\n\t\t<div class=\"post-content-inner\">\n\n\t\t\t\t\t\t\t\t<div class=\"post-date-wrap post-date-inline\">\n\t\t<time class=\"post-date entry-date updated\" datetime=\"2024-03-20\">\n\t\t\t\t\t<span class=\"year\">20 de marzo de 2024<\/span>\n\t\t\t\t<\/time>\n\t<\/div><!-- .post-date-wrap -->\n\t\t\t\t\n\t\t\t<h2 class=\"post-title entry-title\"><a href=\"https:\/\/www.eyroproject.eu\/es\/music-labs-grecia\/\">Music Labs Grecia<\/a><\/h2>\n\t\t\t\t\t\t\t<p class=\"post-meta entry-meta\">\n\t\t\t\t\t\t\t\t\t\t\t<span class=\"post-author\"><span class=\"author vcard\"><a class=\"url fn n\" href=\"https:\/\/www.eyroproject.eu\/es\/author\/eyroadmin\/\" rel=\"author\">eyroadmin<\/a><\/span><\/span>\n\t\t\t\t\t\n\t\t\t\t\t<span class=\"post-category\"><a href=\"https:\/\/www.eyroproject.eu\/es\/category\/music-labs-es-2\/\" rel=\"tag\" class=\"term-music-labs-es-2\">music labs<\/a><\/span>\n\t\t\t\t\t\t\t\t\t\t\t\t\t\t\t\t\n\t\t\t\t\t\t\t\t\t<\/p>\n\t\t\t\t<!-- \/post-meta -->\n\t\t\t\n\t\t\t\n\t\t\t\t<div class=\"entry-content\">\n\n        \n\t\t<p>Music Labs Grecia<\/p>\n\n\t\t\n\t    \n\t<\/div><!-- \/.entry-content -->\n\t\n\t\t<\/div>\n\t\t<!-- \/.post-content-inner -->\n\t<\/div>\n\t<!-- \/.post-content -->\n\t\n<\/article>\n<!-- \/.post -->\n<article id=\"post-1951\" class=\"post tf_clearfix post-1951 type-post status-publish format-standard has-post-thumbnail hentry category-music-labs-es-2 has-post-title has-post-date has-post-category has-post-tag has-post-comment has-post-author \">\n\t    \n\t\t\t\t<figure class=\"post-image tf_clearfix\">\n\t\t\t    \t\t\t\t\t\t\t\t<a href=\"https:\/\/www.eyroproject.eu\/es\/music-labs-suecia\/\">\n\t\t\t\t\t\t\t\t<img loading=\"lazy\" decoding=\"async\" width=\"2048\" height=\"1536\" src=\"https:\/\/www.eyroproject.eu\/wp-content\/uploads\/2024\/03\/EYRO-rep-1.jpg\" class=\"wp-post-image wp-image-1902\" title=\"EYRO-rep (1)\" alt=\"EYRO-rep (1)\" srcset=\"https:\/\/www.eyroproject.eu\/wp-content\/uploads\/2024\/03\/EYRO-rep-1.jpg 2048w, https:\/\/www.eyroproject.eu\/wp-content\/uploads\/2024\/03\/EYRO-rep-1-300x225.jpg 300w, https:\/\/www.eyroproject.eu\/wp-content\/uploads\/2024\/03\/EYRO-rep-1-1024x768.jpg 1024w, https:\/\/www.eyroproject.eu\/wp-content\/uploads\/2024\/03\/EYRO-rep-1-768x576.jpg 768w, https:\/\/www.eyroproject.eu\/wp-content\/uploads\/2024\/03\/EYRO-rep-1-1536x1152.jpg 1536w\" sizes=\"auto, (max-width: 2048px) 100vw, 2048px\" \/>\t\t\t\t\t\t\t\t    \t\t\t\t<\/a>\n\t\t\t\t\t\t\t    \t\t\t<\/figure>\n\t\t\t\t<div class=\"post-content\">\n\t\t<div class=\"post-content-inner\">\n\n\t\t\t\t\t\t\t\t<div class=\"post-date-wrap post-date-inline\">\n\t\t<time class=\"post-date entry-date updated\" datetime=\"2024-03-20\">\n\t\t\t\t\t<span class=\"year\">20 de marzo de 2024<\/span>\n\t\t\t\t<\/time>\n\t<\/div><!-- .post-date-wrap -->\n\t\t\t\t\n\t\t\t<h2 class=\"post-title entry-title\"><a href=\"https:\/\/www.eyroproject.eu\/es\/music-labs-suecia\/\">Music Labs Suecia<\/a><\/h2>\n\t\t\t\t\t\t\t<p class=\"post-meta entry-meta\">\n\t\t\t\t\t\t\t\t\t\t\t<span class=\"post-author\"><span class=\"author vcard\"><a class=\"url fn n\" href=\"https:\/\/www.eyroproject.eu\/es\/author\/eyroadmin\/\" rel=\"author\">eyroadmin<\/a><\/span><\/span>\n\t\t\t\t\t\n\t\t\t\t\t<span class=\"post-category\"><a href=\"https:\/\/www.eyroproject.eu\/es\/category\/music-labs-es-2\/\" rel=\"tag\" class=\"term-music-labs-es-2\">music labs<\/a><\/span>\n\t\t\t\t\t\t\t\t\t\t\t\t\t\t\t\t\n\t\t\t\t\t\t\t\t\t<\/p>\n\t\t\t\t<!-- \/post-meta -->\n\t\t\t\n\t\t\t\n\t\t\t\t<div class=\"entry-content\">\n\n        \n\t\t<p>Music Labs Suecia<\/p>\n\n\t\t\n\t    \n\t<\/div><!-- \/.entry-content -->\n\t\n\t\t<\/div>\n\t\t<!-- \/.post-content-inner -->\n\t<\/div>\n\t<!-- \/.post-content -->\n\t\n<\/article>\n<!-- \/.post -->\n<article id=\"post-1887\" class=\"post tf_clearfix post-1887 type-post status-publish format-standard has-post-thumbnail hentry category-music-labs-es-2 has-post-title has-post-date has-post-category has-post-tag has-post-comment has-post-author \">\n\t    \n\t\t\t\t<figure class=\"post-image tf_clearfix\">\n\t\t\t    \t\t\t\t\t\t\t\t<a href=\"https:\/\/www.eyroproject.eu\/es\/music-labs-espana\/\">\n\t\t\t\t\t\t\t\t<img loading=\"lazy\" decoding=\"async\" width=\"2560\" height=\"1707\" src=\"https:\/\/www.eyroproject.eu\/wp-content\/uploads\/2024\/03\/IMG_8908-scaled.jpg\" class=\"wp-post-image wp-image-1849\" title=\"IMG_8908\" alt=\"IMG_8908\" srcset=\"https:\/\/www.eyroproject.eu\/wp-content\/uploads\/2024\/03\/IMG_8908-scaled.jpg 2560w, https:\/\/www.eyroproject.eu\/wp-content\/uploads\/2024\/03\/IMG_8908-300x200.jpg 300w, https:\/\/www.eyroproject.eu\/wp-content\/uploads\/2024\/03\/IMG_8908-1024x683.jpg 1024w, https:\/\/www.eyroproject.eu\/wp-content\/uploads\/2024\/03\/IMG_8908-768x512.jpg 768w, https:\/\/www.eyroproject.eu\/wp-content\/uploads\/2024\/03\/IMG_8908-1536x1024.jpg 1536w, https:\/\/www.eyroproject.eu\/wp-content\/uploads\/2024\/03\/IMG_8908-2048x1365.jpg 2048w\" sizes=\"auto, (max-width: 2560px) 100vw, 2560px\" \/>\t\t\t\t\t\t\t\t    \t\t\t\t<\/a>\n\t\t\t\t\t\t\t    \t\t\t<\/figure>\n\t\t\t\t<div class=\"post-content\">\n\t\t<div class=\"post-content-inner\">\n\n\t\t\t\t\t\t\t\t<div class=\"post-date-wrap post-date-inline\">\n\t\t<time class=\"post-date entry-date updated\" datetime=\"2024-03-20\">\n\t\t\t\t\t<span class=\"year\">20 de marzo de 2024<\/span>\n\t\t\t\t<\/time>\n\t<\/div><!-- .post-date-wrap -->\n\t\t\t\t\n\t\t\t<h2 class=\"post-title entry-title\"><a href=\"https:\/\/www.eyroproject.eu\/es\/music-labs-espana\/\">Music Labs Espa\u00f1a<\/a><\/h2>\n\t\t\t\t\t\t\t<p class=\"post-meta entry-meta\">\n\t\t\t\t\t\t\t\t\t\t\t<span class=\"post-author\"><span class=\"author vcard\"><a class=\"url fn n\" href=\"https:\/\/www.eyroproject.eu\/es\/author\/eyroadmin\/\" rel=\"author\">eyroadmin<\/a><\/span><\/span>\n\t\t\t\t\t\n\t\t\t\t\t<span class=\"post-category\"><a href=\"https:\/\/www.eyroproject.eu\/es\/category\/music-labs-es-2\/\" rel=\"tag\" class=\"term-music-labs-es-2\">music labs<\/a><\/span>\n\t\t\t\t\t\t\t\t\t\t\t\t\t\t\t\t\n\t\t\t\t\t\t\t\t\t<\/p>\n\t\t\t\t<!-- \/post-meta -->\n\t\t\t\n\t\t\t\n\t\t\t\t<div class=\"entry-content\">\n\n        \n\t\t<p>Music Labs Espa\u00f1a<\/p>\n\n\t\t\n\t    \n\t<\/div><!-- \/.entry-content -->\n\t\n\t\t<\/div>\n\t\t<!-- \/.post-content-inner -->\n\t<\/div>\n\t<!-- \/.post-content -->\n\t\n<\/article>\n<!-- \/.post -->\n<\/div><!-- .builder-posts-wrap -->\n    <\/div>\n    <!-- \/module post -->\n                    <\/div>\n                            <\/div>\n            \t    <\/div>\n\t<\/div><!-- \/themify_builder_sub_row -->\n\t                    <\/div>\n                            <\/div>\n            \t    <\/div>\n\t    <!-- \/row_inner -->\n\t<\/div>\n\t<!-- \/module_row -->\n\t<\/div>\n<!--\/themify_builder_content-->","protected":false},"excerpt":{"rendered":"<p>En Espa\u00f1a, Italia, Suecia y Grecia, los Laboratorios de M\u00fasica ser\u00e1n espacios divertidos y seguros donde nuestros profesores de m\u00fasica de la EYRO trabajar\u00e1n con los j\u00f3venes, ense\u00f1\u00e1ndoles a formar parte de una orquesta. Seleccionar\u00e1n la m\u00fasica y tocar\u00e1n juntos. M\u00e1s adelante en el proyecto, los Laboratorios de M\u00fasica se conectar\u00e1n y los j\u00f3venes conocer\u00e1n [&hellip;]<\/p>\n","protected":false},"author":1,"featured_media":0,"parent":0,"menu_order":0,"comment_status":"closed","ping_status":"closed","template":"","meta":{"footnotes":""},"class_list":["post-789","page","type-page","status-publish","hentry","has-post-title","has-post-date","has-post-category","has-post-tag","has-post-comment","has-post-author",""],"builder_content":"<h2>Music Labs<br\/><\/h2>\n<p>En Espa\u00f1a, Italia, Suecia y Grecia, los Laboratorios de M\u00fasica ser\u00e1n espacios divertidos y seguros donde nuestros profesores de m\u00fasica de la EYRO trabajar\u00e1n con los j\u00f3venes, ense\u00f1\u00e1ndoles a formar parte de una orquesta. Seleccionar\u00e1n la m\u00fasica y tocar\u00e1n juntos. M\u00e1s adelante en el proyecto, los Laboratorios de M\u00fasica se conectar\u00e1n y los j\u00f3venes conocer\u00e1n a sus compa\u00f1eros europeos y tocar\u00e1n con ellos en el entorno de la Orquesta a Distancia.<\/p>","_links":{"self":[{"href":"https:\/\/www.eyroproject.eu\/es\/wp-json\/wp\/v2\/pages\/789","targetHints":{"allow":["GET"]}}],"collection":[{"href":"https:\/\/www.eyroproject.eu\/es\/wp-json\/wp\/v2\/pages"}],"about":[{"href":"https:\/\/www.eyroproject.eu\/es\/wp-json\/wp\/v2\/types\/page"}],"author":[{"embeddable":true,"href":"https:\/\/www.eyroproject.eu\/es\/wp-json\/wp\/v2\/users\/1"}],"replies":[{"embeddable":true,"href":"https:\/\/www.eyroproject.eu\/es\/wp-json\/wp\/v2\/comments?post=789"}],"version-history":[{"count":12,"href":"https:\/\/www.eyroproject.eu\/es\/wp-json\/wp\/v2\/pages\/789\/revisions"}],"predecessor-version":[{"id":1834,"href":"https:\/\/www.eyroproject.eu\/es\/wp-json\/wp\/v2\/pages\/789\/revisions\/1834"}],"wp:attachment":[{"href":"https:\/\/www.eyroproject.eu\/es\/wp-json\/wp\/v2\/media?parent=789"}],"curies":[{"name":"wp","href":"https:\/\/api.w.org\/{rel}","templated":true}]}}