{"id":707,"date":"2022-12-27T16:41:36","date_gmt":"2022-12-27T16:41:36","guid":{"rendered":"https:\/\/www.alqueriaeducatius.org\/eyro\/kethea-copy\/"},"modified":"2023-03-07T13:02:15","modified_gmt":"2023-03-07T13:02:15","slug":"armonica-mente","status":"publish","type":"page","link":"https:\/\/www.eyroproject.eu\/es\/armonica-mente\/","title":{"rendered":"Armonica-mente"},"content":{"rendered":"<!--themify_builder_content-->\n<div id=\"themify_builder_content-707\" data-postid=\"707\" class=\"themify_builder_content themify_builder_content-707 themify_builder tf_clear\">\n    \t\t\t<!-- module_row -->\n\t<div  data-css_id=\"fxam502\" data-lazy=\"1\" class=\"module_row themify_builder_row fullwidth_row_container tb_fxam502 tb_first tf_w tf_clearfix\">\n\t    <div class=\"builder_row_cover tf_abs\"><\/div>\t\t\t<div class=\"row_inner col_align_top tb_col_count_1 tf_box tf_rel\">\n\t\t            <div  data-lazy=\"1\" class=\"module_column tb-column col-full tb_kd6o444 first\">\n                                                        <div class=\"tb-column-inner tf_box tf_w\">\n                        <!-- module text -->\n<div  class=\"module module-text tb_3t83660  repeat \" data-lazy=\"1\">\n        <div  class=\"tb_text_wrap\">\n    <h1><span dir=\"ltr\" role=\"presentation\">Armonica-mente<\/span><\/h1>    <\/div>\n<\/div>\n<!-- \/module text -->                    <\/div>\n                            <\/div>\n            \t    <\/div>\n\t    <!-- \/row_inner -->\n\t<\/div>\n\t<!-- \/module_row -->\n\t\t\t\t<!-- module_row -->\n\t<div  data-lazy=\"1\" class=\"module_row themify_builder_row tb_adyg500 tf_w tf_clearfix\">\n\t    \t\t\t<div class=\"row_inner col_align_top tb_col_count_2 tf_box tf_rel\">\n\t\t            <div  data-lazy=\"1\" class=\"module_column tb-column col4-2 tb_0pc4250 first\">\n                                                        <div class=\"tb-column-inner tf_box tf_w\">\n                        <!-- module text -->\n<div  class=\"module module-text tb_r41b053  repeat \" data-lazy=\"1\">\n        <div  class=\"tb_text_wrap\">\n    <h2>Descripci\u00f3n<\/h2>    <\/div>\n<\/div>\n<!-- \/module text --><!-- module text -->\n<div  class=\"module module-text tb_snij722  repeat \" data-lazy=\"1\">\n        <div  class=\"tb_text_wrap\">\n    <p><span data-sheets-value=\"{&quot;1&quot;:2,&quot;2&quot;:&quot;\\&quot;Armonica-Mente\\&quot; es una asociaci\u00f3n cultural que opera en el \u00e1mbito de la ense\u00f1anza y la producci\u00f3n musical desde 2008 con cursos instrumentales, arreglos, composici\u00f3n, ensemble, big band, conciertos y producciones discogr\u00e1ficas.\\nEntre nuestras actividades, la concepci\u00f3n y promoci\u00f3n de proyectos, los cursos 2-U, con un equipo de profesores que realizan clases de m\u00fasica a domicilio, las producciones con el sello discogr\u00e1fico JAzZMUD, el ciclo de conciertos HEGEL, los cursos J4D (Jazz for Dummies), programa educativo musical online.\\&quot;&quot;}\" data-sheets-userformat=\"{&quot;2&quot;:957,&quot;3&quot;:{&quot;1&quot;:0},&quot;5&quot;:{&quot;1&quot;:[{&quot;1&quot;:2,&quot;2&quot;:0,&quot;5&quot;:{&quot;1&quot;:2,&quot;2&quot;:0}},{&quot;1&quot;:0,&quot;2&quot;:0,&quot;3&quot;:3},{&quot;1&quot;:1,&quot;2&quot;:0,&quot;4&quot;:1}]},&quot;6&quot;:{&quot;1&quot;:[{&quot;1&quot;:2,&quot;2&quot;:0,&quot;5&quot;:{&quot;1&quot;:2,&quot;2&quot;:0}},{&quot;1&quot;:0,&quot;2&quot;:0,&quot;3&quot;:3},{&quot;1&quot;:1,&quot;2&quot;:0,&quot;4&quot;:1}]},&quot;7&quot;:{&quot;1&quot;:[{&quot;1&quot;:2,&quot;2&quot;:0,&quot;5&quot;:{&quot;1&quot;:2,&quot;2&quot;:0}},{&quot;1&quot;:0,&quot;2&quot;:0,&quot;3&quot;:3},{&quot;1&quot;:1,&quot;2&quot;:0,&quot;4&quot;:1}]},&quot;8&quot;:{&quot;1&quot;:[{&quot;1&quot;:2,&quot;2&quot;:0,&quot;5&quot;:{&quot;1&quot;:2,&quot;2&quot;:0}},{&quot;1&quot;:0,&quot;2&quot;:0,&quot;3&quot;:3},{&quot;1&quot;:1,&quot;2&quot;:0,&quot;4&quot;:1}]},&quot;10&quot;:0,&quot;11&quot;:4,&quot;12&quot;:0}\">\u00abArmonica-Mente\u00bb es una asociaci\u00f3n cultural que opera en el \u00e1mbito de la ense\u00f1anza y la producci\u00f3n musical desde 2008 con cursos instrumentales, arreglos, composici\u00f3n, ensemble, big band, conciertos y producciones discogr\u00e1ficas.<br \/>Entre nuestras actividades, la concepci\u00f3n y promoci\u00f3n de proyectos, los cursos 2-U, con un equipo de profesores que realizan clases de m\u00fasica a domicilio, las producciones con el sello discogr\u00e1fico JAzZMUD, el ciclo de conciertos HEGEL, los cursos J4D (Jazz for Dummies), programa educativo musical online.\u00bb<\/span><\/p>    <\/div>\n<\/div>\n<!-- \/module text -->                    <\/div>\n                            <\/div>\n                        <div  data-lazy=\"1\" class=\"module_column tb-column col4-2 tb_lwy5055 last\">\n                                                        <div class=\"tb-column-inner tf_box tf_w\">\n                        <!-- module text -->\n<div  class=\"module module-text tb_f712070  repeat \" data-lazy=\"1\" data-parallax-element-speed=\"1\" data-lax-translate-y=\"vh 1,0 70\" data-lax=\"true\">\n        <div  class=\"tb_text_wrap\">\n    <h2><b>Direcci\u00f3n:<\/b><\/h2>\n<div>Armonica-Mente, via Piana 110 S. Brigida, Pontassieve (FI) 50065 ITALY.<\/div>\n<div>\u00a0<\/div>\n<h2><b>Web:<\/b><\/h2>\n<div><a href=\"https:\/\/armonica-mente.org\/\">https:\/\/armonica-mente.org\/<\/a><b><br \/><\/b><\/div>\n<div>\u00a0<\/div>\n<div>\n<h2><b>Contacto:<\/b><\/h2>\n<div>Alessandro Galati, <a href=\"mailto:a.galati.mailbox@gmail.com\" target=\"_blank\" rel=\"noopener\">a.galati.mailbox@gmail.com<\/a><\/div>\n<\/div>\n<div>\u00a0<\/div>    <\/div>\n<\/div>\n<!-- \/module text -->                    <\/div>\n                            <\/div>\n            \t    <\/div>\n\t    <!-- \/row_inner -->\n\t<\/div>\n\t<!-- \/module_row -->\n\t<\/div>\n<!--\/themify_builder_content-->","protected":false},"excerpt":{"rendered":"<p>Armonica-mente<\/p>\n","protected":false},"author":1,"featured_media":0,"parent":0,"menu_order":0,"comment_status":"closed","ping_status":"closed","template":"","meta":{"footnotes":""},"class_list":["post-707","page","type-page","status-publish","hentry","has-post-title","has-post-date","has-post-category","has-post-tag","has-post-comment","has-post-author",""],"builder_content":"<h1>Armonica-mente<\/h1>\n<h2>Descripci\u00f3n<\/h2>\n<p>\"Armonica-Mente\" es una asociaci\u00f3n cultural que opera en el \u00e1mbito de la ense\u00f1anza y la producci\u00f3n musical desde 2008 con cursos instrumentales, arreglos, composici\u00f3n, ensemble, big band, conciertos y producciones discogr\u00e1ficas.<br \/>Entre nuestras actividades, la concepci\u00f3n y promoci\u00f3n de proyectos, los cursos 2-U, con un equipo de profesores que realizan clases de m\u00fasica a domicilio, las producciones con el sello discogr\u00e1fico JAzZMUD, el ciclo de conciertos HEGEL, los cursos J4D (Jazz for Dummies), programa educativo musical online.\"<\/p>\n<h2><b>Direcci\u00f3n:<\/b><\/h2> Armonica-Mente, via Piana 110 S. Brigida, Pontassieve (FI) 50065 ITALY. \u00a0 <h2><b>Web:<\/b><\/h2> <a href=\"https:\/\/armonica-mente.org\/\">https:\/\/armonica-mente.org\/<\/a><b><br \/><\/b> \u00a0\n<h2><b>Contacto:<\/b><\/h2> Alessandro Galati, <a href=\"mailto:a.galati.mailbox@gmail.com\" target=\"_blank\" rel=\"noopener\">a.galati.mailbox@gmail.com<\/a>\n\u00a0","_links":{"self":[{"href":"https:\/\/www.eyroproject.eu\/es\/wp-json\/wp\/v2\/pages\/707","targetHints":{"allow":["GET"]}}],"collection":[{"href":"https:\/\/www.eyroproject.eu\/es\/wp-json\/wp\/v2\/pages"}],"about":[{"href":"https:\/\/www.eyroproject.eu\/es\/wp-json\/wp\/v2\/types\/page"}],"author":[{"embeddable":true,"href":"https:\/\/www.eyroproject.eu\/es\/wp-json\/wp\/v2\/users\/1"}],"replies":[{"embeddable":true,"href":"https:\/\/www.eyroproject.eu\/es\/wp-json\/wp\/v2\/comments?post=707"}],"version-history":[{"count":17,"href":"https:\/\/www.eyroproject.eu\/es\/wp-json\/wp\/v2\/pages\/707\/revisions"}],"predecessor-version":[{"id":1326,"href":"https:\/\/www.eyroproject.eu\/es\/wp-json\/wp\/v2\/pages\/707\/revisions\/1326"}],"wp:attachment":[{"href":"https:\/\/www.eyroproject.eu\/es\/wp-json\/wp\/v2\/media?parent=707"}],"curies":[{"name":"wp","href":"https:\/\/api.w.org\/{rel}","templated":true}]}}