{"id":686,"date":"2022-12-27T16:30:31","date_gmt":"2022-12-27T16:30:31","guid":{"rendered":"https:\/\/www.alqueriaeducatius.org\/eyro\/xano-channel-copy\/"},"modified":"2023-03-07T12:15:04","modified_gmt":"2023-03-07T12:15:04","slug":"folkuniversitetet","status":"publish","type":"page","link":"https:\/\/www.eyroproject.eu\/es\/folkuniversitetet\/","title":{"rendered":"Folkuniversitetet"},"content":{"rendered":"<!--themify_builder_content-->\n<div id=\"themify_builder_content-686\" data-postid=\"686\" class=\"themify_builder_content themify_builder_content-686 themify_builder tf_clear\">\n    \t\t\t<!-- module_row -->\n\t<div  data-css_id=\"9624961\" data-lazy=\"1\" class=\"module_row themify_builder_row fullwidth_row_container tb_9624961 tb_first tf_w tf_clearfix\">\n\t    <div class=\"builder_row_cover tf_abs\"><\/div>\t\t\t<div class=\"row_inner col_align_top tb_col_count_1 tf_box tf_rel\">\n\t\t            <div  data-lazy=\"1\" class=\"module_column tb-column col-full tb_hqg4070 first\">\n                                                        <div class=\"tb-column-inner tf_box tf_w\">\n                        <!-- module text -->\n<div  class=\"module module-text tb_w0os070  repeat \" data-lazy=\"1\">\n        <div  class=\"tb_text_wrap\">\n    <h1><span dir=\"ltr\" role=\"presentation\">Folkuniversitetet<\/span><\/h1>    <\/div>\n<\/div>\n<!-- \/module text -->                    <\/div>\n                            <\/div>\n            \t    <\/div>\n\t    <!-- \/row_inner -->\n\t<\/div>\n\t<!-- \/module_row -->\n\t\t\t\t<!-- module_row -->\n\t<div  data-lazy=\"1\" class=\"module_row themify_builder_row tb_ozsg600 tf_w tf_clearfix\">\n\t    \t\t\t<div class=\"row_inner col_align_top tb_col_count_2 tf_box tf_rel\">\n\t\t            <div  data-lazy=\"1\" class=\"module_column tb-column col4-2 tb_3xsc112 first\">\n                                                        <div class=\"tb-column-inner tf_box tf_w\">\n                        <!-- module text -->\n<div  class=\"module module-text tb_fcdo660  repeat \" data-lazy=\"1\">\n        <div  class=\"tb_text_wrap\">\n    <h2>Descripci\u00f3n<\/h2>    <\/div>\n<\/div>\n<!-- \/module text --><!-- module text -->\n<div  class=\"module module-text tb_73oi866  repeat \" data-lazy=\"1\">\n        <div  class=\"tb_text_wrap\">\n    <p><span data-sheets-value=\"{&quot;1&quot;:2,&quot;2&quot;:&quot;Folkuniversitetet es una de las diez asociaciones de estudios de Suecia. Folkuniversitetet imparte ense\u00f1anza p\u00fablica y educaci\u00f3n de adultos en un centenar de localidades de Suecia y el extranjero. Est\u00e1 formada por las cinco fundaciones Actividades del curso en las universidades de Estocolmo, Uppsala, Gotemburgo, Lund y Ume\u00e5, respectivamente. Folkuniversitetet es una organizaci\u00f3n basada en ideas, independiente de intereses particulares partidistas, religiosos, sindicales y comerciales. Folkuniversitetet imparte educaci\u00f3n p\u00fablica y de adultos en toda Suecia. Nuestra idea es dar a la gente las condiciones para una vida m\u00e1s rica a trav\u00e9s del conocimiento y la creatividad. El conocimiento cambia.&quot;}\" data-sheets-userformat=\"{&quot;2&quot;:957,&quot;3&quot;:{&quot;1&quot;:0},&quot;5&quot;:{&quot;1&quot;:[{&quot;1&quot;:2,&quot;2&quot;:0,&quot;5&quot;:{&quot;1&quot;:2,&quot;2&quot;:0}},{&quot;1&quot;:0,&quot;2&quot;:0,&quot;3&quot;:3},{&quot;1&quot;:1,&quot;2&quot;:0,&quot;4&quot;:1}]},&quot;6&quot;:{&quot;1&quot;:[{&quot;1&quot;:2,&quot;2&quot;:0,&quot;5&quot;:{&quot;1&quot;:2,&quot;2&quot;:0}},{&quot;1&quot;:0,&quot;2&quot;:0,&quot;3&quot;:3},{&quot;1&quot;:1,&quot;2&quot;:0,&quot;4&quot;:1}]},&quot;7&quot;:{&quot;1&quot;:[{&quot;1&quot;:2,&quot;2&quot;:0,&quot;5&quot;:{&quot;1&quot;:2,&quot;2&quot;:0}},{&quot;1&quot;:0,&quot;2&quot;:0,&quot;3&quot;:3},{&quot;1&quot;:1,&quot;2&quot;:0,&quot;4&quot;:1}]},&quot;8&quot;:{&quot;1&quot;:[{&quot;1&quot;:2,&quot;2&quot;:0,&quot;5&quot;:{&quot;1&quot;:2,&quot;2&quot;:0}},{&quot;1&quot;:0,&quot;2&quot;:0,&quot;3&quot;:3},{&quot;1&quot;:1,&quot;2&quot;:0,&quot;4&quot;:1}]},&quot;10&quot;:0,&quot;11&quot;:4,&quot;12&quot;:0}\">Folkuniversitetet es una de las diez asociaciones de estudios de Suecia. Folkuniversitetet imparte ense\u00f1anza p\u00fablica y educaci\u00f3n de adultos en un centenar de localidades de Suecia y el extranjero. Est\u00e1 formada por las cinco fundaciones Actividades del curso en las universidades de Estocolmo, Uppsala, Gotemburgo, Lund y Ume\u00e5, respectivamente. Folkuniversitetet es una organizaci\u00f3n basada en ideas, independiente de intereses particulares partidistas, religiosos, sindicales y comerciales. Folkuniversitetet imparte educaci\u00f3n p\u00fablica y de adultos en toda Suecia. Nuestra idea es dar a la gente las condiciones para una vida m\u00e1s rica a trav\u00e9s del conocimiento y la creatividad. El conocimiento cambia.<\/span><\/p>    <\/div>\n<\/div>\n<!-- \/module text -->                    <\/div>\n                            <\/div>\n                        <div  data-lazy=\"1\" class=\"module_column tb-column col4-2 tb_kn5d606 last\">\n                                                        <div class=\"tb-column-inner tf_box tf_w\">\n                        <!-- module text -->\n<div  class=\"module module-text tb_rrsa610  repeat \" data-lazy=\"1\" data-parallax-element-speed=\"1\" data-lax-translate-y=\"vh 1,0 70\" data-lax=\"true\">\n        <div  class=\"tb_text_wrap\">\n    <h2>Web:<\/h2>\n<div>\n<p><a href=\"http:\/\/www.folkuniversitetet.se\" target=\"_blank\" rel=\"noopener\" data-saferedirecturl=\"https:\/\/www.google.com\/url?q=http:\/\/www.folkuniversitetet.se&amp;source=gmail&amp;ust=1676131685137000&amp;usg=AOvVaw2UneMIcJG74Q7FhXmYP2z_\">www.folkuniversitetet.se<\/a><\/p>\n<\/div>\n<h2>Direcci\u00f3n:<\/h2>\n<div><br \/><span lang=\"SV-SE\"><a href=\"https:\/\/www.google.com\/maps\/search\/Tr%C3%A4dg%C3%A5rdsgatan%0D%0A+25,+252+25,+Helsingborg,+SWEDEN?entry=gmail&amp;source=g\" target=\"_blank\" rel=\"noopener\" data-saferedirecturl=\"https:\/\/www.google.com\/url?q=https:\/\/www.google.com\/maps\/search\/Tr%25C3%25A4dg%25C3%25A5rdsgatan%250D%250A%2B25,%2B252%2B25,%2BHelsingborg,%2BSWEDEN?entry%3Dgmail%26source%3Dg&amp;source=gmail&amp;ust=1676131685137000&amp;usg=AOvVaw14hMwQ2fwthr4UB02a4hJj\">Tr\u00e4dg\u00e5rdsgatan 25, 252 25, Helsingborg, SWEDEN<\/a><\/span>\u00a0<br \/><span lang=\"SV-SE\">Email: <\/span><a rel=\"noreferrer noopener\"><span lang=\"SV-SE\">info.sydvast@<wbr \/>folkuniversitetet.se<\/span><\/a>\u00a0<br \/><span lang=\"SV-SE\">Tel: +4642-385600<br \/><\/span><\/div>\n<div>\u00a0<\/div>\n<h2>Contacto:<\/h2>\n<div><br \/><span lang=\"SV-SE\">Joel Andersson, <\/span><a rel=\"noreferrer noopener\"><span lang=\"SV-SE\">joel.andersson@<wbr \/>folkuniversitetet.se<\/span><\/a>\u00a0<\/div>\n<div><span lang=\"SV-SE\">Peter L\u00f6vin\u00a0<\/span><a rel=\"noreferrer noopener\"><span lang=\"SV-SE\">peter.lovin@<wbr \/>folkuniversitetet.se<\/span><\/a>\u00a0<\/div>\n<div><span lang=\"SV-SE\">Anna-Karin Sj\u00f6str\u00f6m\u00a0 <\/span><a rel=\"noreferrer noopener\"><span lang=\"SV-SE\">Annakarin.sjostrom@<wbr \/>folkuniversitetet.se<\/span><\/a><span lang=\"SV-SE\">\u00a0<\/span><\/div>    <\/div>\n<\/div>\n<!-- \/module text -->                    <\/div>\n                            <\/div>\n            \t    <\/div>\n\t    <!-- \/row_inner -->\n\t<\/div>\n\t<!-- \/module_row -->\n\t<\/div>\n<!--\/themify_builder_content-->","protected":false},"excerpt":{"rendered":"<p>Folkuniversitetet Descripci\u00f3n Folkuniversitetet es una de las diez asociaciones de estudios de Suecia. Folkuniversitetet imparte ense\u00f1anza p\u00fablica y educaci\u00f3n de adultos en un centenar de localidades de Suecia y el extranjero. Est\u00e1 formada por las cinco fundaciones Actividades del curso en las universidades de Estocolmo, Uppsala, Gotemburgo, Lund y Ume\u00e5, respectivamente. Folkuniversitetet es una organizaci\u00f3n [&hellip;]<\/p>\n","protected":false},"author":1,"featured_media":0,"parent":0,"menu_order":0,"comment_status":"closed","ping_status":"closed","template":"","meta":{"footnotes":""},"class_list":["post-686","page","type-page","status-publish","hentry","has-post-title","has-post-date","has-post-category","has-post-tag","has-post-comment","has-post-author",""],"builder_content":"<h1>Folkuniversitetet<\/h1>\n<h2>Descripci\u00f3n<\/h2>\n<p>Folkuniversitetet es una de las diez asociaciones de estudios de Suecia. Folkuniversitetet imparte ense\u00f1anza p\u00fablica y educaci\u00f3n de adultos en un centenar de localidades de Suecia y el extranjero. Est\u00e1 formada por las cinco fundaciones Actividades del curso en las universidades de Estocolmo, Uppsala, Gotemburgo, Lund y Ume\u00e5, respectivamente. Folkuniversitetet es una organizaci\u00f3n basada en ideas, independiente de intereses particulares partidistas, religiosos, sindicales y comerciales. Folkuniversitetet imparte educaci\u00f3n p\u00fablica y de adultos en toda Suecia. Nuestra idea es dar a la gente las condiciones para una vida m\u00e1s rica a trav\u00e9s del conocimiento y la creatividad. El conocimiento cambia.<\/p>\n<h2>Web:<\/h2>\n<p><a href=\"http:\/\/www.folkuniversitetet.se\" target=\"_blank\" rel=\"noopener\" data-saferedirecturl=\"https:\/\/www.google.com\/url?q=http:\/\/www.folkuniversitetet.se&amp;source=gmail&amp;ust=1676131685137000&amp;usg=AOvVaw2UneMIcJG74Q7FhXmYP2z_\">www.folkuniversitetet.se<\/a><\/p>\n<h2>Direcci\u00f3n:<\/h2> <br \/><a href=\"https:\/\/www.google.com\/maps\/search\/Tr%C3%A4dg%C3%A5rdsgatan%0D%0A+25,+252+25,+Helsingborg,+SWEDEN?entry=gmail&amp;source=g\" target=\"_blank\" rel=\"noopener\" data-saferedirecturl=\"https:\/\/www.google.com\/url?q=https:\/\/www.google.com\/maps\/search\/Tr%25C3%25A4dg%25C3%25A5rdsgatan%250D%250A%2B25,%2B252%2B25,%2BHelsingborg,%2BSWEDEN?entry%3Dgmail%26source%3Dg&amp;source=gmail&amp;ust=1676131685137000&amp;usg=AOvVaw14hMwQ2fwthr4UB02a4hJj\">Tr\u00e4dg\u00e5rdsgatan 25, 252 25, Helsingborg, SWEDEN<\/a>\u00a0<br \/>Email: <a rel=\"noreferrer noopener\">info.sydvast@<wbr \/>folkuniversitetet.se<\/a>\u00a0<br \/>Tel: +4642-385600<br \/> \u00a0 <h2>Contacto:<\/h2> <br \/>Joel Andersson, <a rel=\"noreferrer noopener\">joel.andersson@<wbr \/>folkuniversitetet.se<\/a>\u00a0 Peter L\u00f6vin\u00a0<a rel=\"noreferrer noopener\">peter.lovin@<wbr \/>folkuniversitetet.se<\/a>\u00a0 Anna-Karin Sj\u00f6str\u00f6m\u00a0 <a rel=\"noreferrer noopener\">Annakarin.sjostrom@<wbr \/>folkuniversitetet.se<\/a>\u00a0","_links":{"self":[{"href":"https:\/\/www.eyroproject.eu\/es\/wp-json\/wp\/v2\/pages\/686","targetHints":{"allow":["GET"]}}],"collection":[{"href":"https:\/\/www.eyroproject.eu\/es\/wp-json\/wp\/v2\/pages"}],"about":[{"href":"https:\/\/www.eyroproject.eu\/es\/wp-json\/wp\/v2\/types\/page"}],"author":[{"embeddable":true,"href":"https:\/\/www.eyroproject.eu\/es\/wp-json\/wp\/v2\/users\/1"}],"replies":[{"embeddable":true,"href":"https:\/\/www.eyroproject.eu\/es\/wp-json\/wp\/v2\/comments?post=686"}],"version-history":[{"count":12,"href":"https:\/\/www.eyroproject.eu\/es\/wp-json\/wp\/v2\/pages\/686\/revisions"}],"predecessor-version":[{"id":1316,"href":"https:\/\/www.eyroproject.eu\/es\/wp-json\/wp\/v2\/pages\/686\/revisions\/1316"}],"wp:attachment":[{"href":"https:\/\/www.eyroproject.eu\/es\/wp-json\/wp\/v2\/media?parent=686"}],"curies":[{"name":"wp","href":"https:\/\/api.w.org\/{rel}","templated":true}]}}