{"id":679,"date":"2022-12-27T16:19:34","date_gmt":"2022-12-27T16:19:34","guid":{"rendered":"https:\/\/www.alqueriaeducatius.org\/eyro\/ajuntament-de-guadassuar-copy\/"},"modified":"2023-03-07T12:10:09","modified_gmt":"2023-03-07T12:10:09","slug":"xano_channel","status":"publish","type":"page","link":"https:\/\/www.eyroproject.eu\/es\/xano_channel\/","title":{"rendered":"Xano Channel"},"content":{"rendered":"<!--themify_builder_content-->\n<div id=\"themify_builder_content-679\" data-postid=\"679\" class=\"themify_builder_content themify_builder_content-679 themify_builder tf_clear\">\n    \t\t\t<!-- module_row -->\n\t<div  data-css_id=\"qri6030\" data-lazy=\"1\" class=\"module_row themify_builder_row fullwidth_row_container tb_qri6030 tb_first tf_w tf_clearfix\">\n\t    <div class=\"builder_row_cover tf_abs\"><\/div>\t\t\t<div class=\"row_inner col_align_top tb_col_count_1 tf_box tf_rel\">\n\t\t            <div  data-lazy=\"1\" class=\"module_column tb-column col-full tb_9sdr530 first\">\n                                                        <div class=\"tb-column-inner tf_box tf_w\">\n                        <!-- module text -->\n<div  class=\"module module-text tb_zquf630  repeat \" data-lazy=\"1\">\n        <div  class=\"tb_text_wrap\">\n    <h1><span dir=\"ltr\" role=\"presentation\">Xano Channel <\/span><\/h1>\n<h2><span dir=\"ltr\" role=\"presentation\">Asociaci\u00f3n para el desarrollo comunitario <\/span><\/h2>    <\/div>\n<\/div>\n<!-- \/module text -->                    <\/div>\n                            <\/div>\n            \t    <\/div>\n\t    <!-- \/row_inner -->\n\t<\/div>\n\t<!-- \/module_row -->\n\t\t\t\t<!-- module_row -->\n\t<div  data-lazy=\"1\" class=\"module_row themify_builder_row tb_vv5l852 tf_w tf_clearfix\">\n\t    \t\t\t<div class=\"row_inner col_align_top tb_col_count_2 tf_box tf_rel\">\n\t\t            <div  data-lazy=\"1\" class=\"module_column tb-column col4-2 tb_dk0i503 first\">\n                                                        <div class=\"tb-column-inner tf_box tf_w\">\n                        <!-- module text -->\n<div  class=\"module module-text tb_95hq038  repeat \" data-lazy=\"1\">\n        <div  class=\"tb_text_wrap\">\n    <h2>Descripci\u00f3n<\/h2>    <\/div>\n<\/div>\n<!-- \/module text --><!-- module text -->\n<div  class=\"module module-text tb_kyft630  repeat \" data-lazy=\"1\">\n        <div  class=\"tb_text_wrap\">\n    <p><span data-sheets-value=\"{&quot;1&quot;:2,&quot;2&quot;:&quot;La asociaci\u00f3n, creada en 2010, tiene como objetivo promover oportunidades de crecimiento para las personas y para la sociedad en general mediante\\ncreando sinergias, herramientas y metodolog\u00edas para la difusi\u00f3n de la cultura y la promoci\u00f3n de la ciudadan\u00eda activa entre\\npersonas y organizaciones. Las actividades y objetivos de la organizaci\u00f3n se inspiran en los principios de igualdad de\\noportunidades para las personas desfavorecidas y entre hombres y mujeres. Contacto: xanochannelassociation@gmail.com P\u00e1gina web: www.xano.es&quot;}\" data-sheets-userformat=\"{&quot;2&quot;:957,&quot;3&quot;:{&quot;1&quot;:0},&quot;5&quot;:{&quot;1&quot;:[{&quot;1&quot;:2,&quot;2&quot;:0,&quot;5&quot;:{&quot;1&quot;:2,&quot;2&quot;:0}},{&quot;1&quot;:0,&quot;2&quot;:0,&quot;3&quot;:3},{&quot;1&quot;:1,&quot;2&quot;:0,&quot;4&quot;:1}]},&quot;6&quot;:{&quot;1&quot;:[{&quot;1&quot;:2,&quot;2&quot;:0,&quot;5&quot;:{&quot;1&quot;:2,&quot;2&quot;:0}},{&quot;1&quot;:0,&quot;2&quot;:0,&quot;3&quot;:3},{&quot;1&quot;:1,&quot;2&quot;:0,&quot;4&quot;:1}]},&quot;7&quot;:{&quot;1&quot;:[{&quot;1&quot;:2,&quot;2&quot;:0,&quot;5&quot;:{&quot;1&quot;:2,&quot;2&quot;:0}},{&quot;1&quot;:0,&quot;2&quot;:0,&quot;3&quot;:3},{&quot;1&quot;:1,&quot;2&quot;:0,&quot;4&quot;:1}]},&quot;8&quot;:{&quot;1&quot;:[{&quot;1&quot;:2,&quot;2&quot;:0,&quot;5&quot;:{&quot;1&quot;:2,&quot;2&quot;:0}},{&quot;1&quot;:0,&quot;2&quot;:0,&quot;3&quot;:3},{&quot;1&quot;:1,&quot;2&quot;:0,&quot;4&quot;:1}]},&quot;10&quot;:0,&quot;11&quot;:4,&quot;12&quot;:0}\">La asociaci\u00f3n, creada en 2010, tiene como objetivo promover oportunidades de crecimiento para las personas y para la sociedad en general mediante creando sinergias, herramientas y metodolog\u00edas para la difusi\u00f3n de la cultura y la promoci\u00f3n de la ciudadan\u00eda activa entre personas y organizaciones. Las actividades y objetivos de la organizaci\u00f3n se inspiran en los principios de igualdad de oportunidades para las personas desfavorecidas y entre hombres y mujeres.<\/span><\/p>    <\/div>\n<\/div>\n<!-- \/module text -->                    <\/div>\n                            <\/div>\n                        <div  data-lazy=\"1\" class=\"module_column tb-column col4-2 tb_jism387 last\">\n                                                        <div class=\"tb-column-inner tf_box tf_w\">\n                        <!-- module text -->\n<div  class=\"module module-text tb_wkkt546  repeat \" data-lazy=\"1\" data-parallax-element-speed=\"1\" data-lax-translate-y=\"vh 1,0 70\" data-lax=\"true\">\n        <div  class=\"tb_text_wrap\">\n    <h3>Contacto:<\/h3>\n<p>xanochannelassociation@gmail.com<\/p>\n<h3>P\u00e1gina Web<\/h3>\n<p><a class=\"waffle-rich-text-link\" href=\"http:\/\/www.xano.es\/\">www.xano.es<\/a><\/p>    <\/div>\n<\/div>\n<!-- \/module text -->                    <\/div>\n                            <\/div>\n            \t    <\/div>\n\t    <!-- \/row_inner -->\n\t<\/div>\n\t<!-- \/module_row -->\n\t<\/div>\n<!--\/themify_builder_content-->","protected":false},"excerpt":{"rendered":"<p>Xano Channel Asociaci\u00f3n para el desarrollo comunitario<\/p>\n","protected":false},"author":1,"featured_media":0,"parent":0,"menu_order":0,"comment_status":"closed","ping_status":"closed","template":"","meta":{"footnotes":""},"class_list":["post-679","page","type-page","status-publish","hentry","has-post-title","has-post-date","has-post-category","has-post-tag","has-post-comment","has-post-author",""],"builder_content":"<h1>Xano Channel <\/h1> <h2>Asociaci\u00f3n para el desarrollo comunitario <\/h2>\n<h2>Descripci\u00f3n<\/h2>\n<p>La asociaci\u00f3n, creada en 2010, tiene como objetivo promover oportunidades de crecimiento para las personas y para la sociedad en general mediante creando sinergias, herramientas y metodolog\u00edas para la difusi\u00f3n de la cultura y la promoci\u00f3n de la ciudadan\u00eda activa entre personas y organizaciones. Las actividades y objetivos de la organizaci\u00f3n se inspiran en los principios de igualdad de oportunidades para las personas desfavorecidas y entre hombres y mujeres.<\/p>\n<h3>Contacto:<\/h3> <p>xanochannelassociation@gmail.com<\/p> <h3>P\u00e1gina Web<\/h3> <p><a href=\"http:\/\/www.xano.es\/\">www.xano.es<\/a><\/p>","_links":{"self":[{"href":"https:\/\/www.eyroproject.eu\/es\/wp-json\/wp\/v2\/pages\/679","targetHints":{"allow":["GET"]}}],"collection":[{"href":"https:\/\/www.eyroproject.eu\/es\/wp-json\/wp\/v2\/pages"}],"about":[{"href":"https:\/\/www.eyroproject.eu\/es\/wp-json\/wp\/v2\/types\/page"}],"author":[{"embeddable":true,"href":"https:\/\/www.eyroproject.eu\/es\/wp-json\/wp\/v2\/users\/1"}],"replies":[{"embeddable":true,"href":"https:\/\/www.eyroproject.eu\/es\/wp-json\/wp\/v2\/comments?post=679"}],"version-history":[{"count":12,"href":"https:\/\/www.eyroproject.eu\/es\/wp-json\/wp\/v2\/pages\/679\/revisions"}],"predecessor-version":[{"id":1313,"href":"https:\/\/www.eyroproject.eu\/es\/wp-json\/wp\/v2\/pages\/679\/revisions\/1313"}],"wp:attachment":[{"href":"https:\/\/www.eyroproject.eu\/es\/wp-json\/wp\/v2\/media?parent=679"}],"curies":[{"name":"wp","href":"https:\/\/api.w.org\/{rel}","templated":true}]}}