{"id":275,"date":"2022-12-03T17:40:39","date_gmt":"2022-12-03T17:40:39","guid":{"rendered":"https:\/\/www.alqueriaeducatius.org\/eyro\/?page_id=275"},"modified":"2024-03-20T16:49:26","modified_gmt":"2024-03-20T16:49:26","slug":"orquesta-remota","status":"publish","type":"page","link":"https:\/\/www.eyroproject.eu\/es\/orquesta-remota\/","title":{"rendered":"Orquesta a distancia"},"content":{"rendered":"<!--themify_builder_content-->\n<div id=\"themify_builder_content-275\" data-postid=\"275\" class=\"themify_builder_content themify_builder_content-275 themify_builder tf_clear\">\n    \t\t\t<!-- module_row -->\n\t<div  data-css_id=\"ytqg925\" data-lazy=\"1\" class=\"module_row themify_builder_row fullheight fullwidth_row_container tb_ytqg925 tb_first tf_w tf_clearfix\">\n\t    \t\t\t<div class=\"row_inner col_align_middle tb_col_count_2 tf_box tf_rel\">\n\t\t            <div  data-lazy=\"1\" class=\"module_column tb-column col3-2 tb_p8nc925 first\">\n                                                        <div class=\"tb-column-inner tf_box tf_w\">\n                        <!-- module text -->\n<div  class=\"module module-text tb_34lm926  repeat \" data-lazy=\"1\">\n        <div  class=\"tb_text_wrap\">\n    <h1>Orquesta a distancia<\/h1>    <\/div>\n<\/div>\n<!-- \/module text --><!-- module text -->\n<div  class=\"module module-text tb_t2gw926  repeat \" data-lazy=\"1\">\n        <div  class=\"tb_text_wrap\">\n    <p><span dir=\"ltr\" role=\"presentation\"><span data-sheets-value=\"{&quot;1&quot;:2,&quot;2&quot;:&quot;EYRO will create an inclusive, collaborative EU \u2018youth remote orchestra\u2019 for young people at risk of social exclusion, offering mentoring and coaching in playing music together across Europe. The orchestra will be created by connecting up the Music Labs in Spain, Italy, Greece and Sweden. Technology can be a challenge! To create the remote orchestra, EYRO's training programme for music teachers focuses on the technology needed to support a \\&quot;remote orchestra\\&quot;.&quot;}\" data-sheets-userformat=\"{&quot;2&quot;:2877,&quot;3&quot;:{&quot;1&quot;:0},&quot;5&quot;:{&quot;1&quot;:[{&quot;1&quot;:2,&quot;2&quot;:0,&quot;5&quot;:{&quot;1&quot;:2,&quot;2&quot;:0}},{&quot;1&quot;:0,&quot;2&quot;:0,&quot;3&quot;:3},{&quot;1&quot;:1,&quot;2&quot;:0,&quot;4&quot;:1}]},&quot;6&quot;:{&quot;1&quot;:[{&quot;1&quot;:2,&quot;2&quot;:0,&quot;5&quot;:{&quot;1&quot;:2,&quot;2&quot;:0}},{&quot;1&quot;:0,&quot;2&quot;:0,&quot;3&quot;:3},{&quot;1&quot;:1,&quot;2&quot;:0,&quot;4&quot;:1}]},&quot;7&quot;:{&quot;1&quot;:[{&quot;1&quot;:2,&quot;2&quot;:0,&quot;5&quot;:{&quot;1&quot;:2,&quot;2&quot;:0}},{&quot;1&quot;:0,&quot;2&quot;:0,&quot;3&quot;:3},{&quot;1&quot;:1,&quot;2&quot;:0,&quot;4&quot;:1}]},&quot;8&quot;:{&quot;1&quot;:[{&quot;1&quot;:2,&quot;2&quot;:0,&quot;5&quot;:{&quot;1&quot;:2,&quot;2&quot;:0}},{&quot;1&quot;:0,&quot;2&quot;:0,&quot;3&quot;:3},{&quot;1&quot;:1,&quot;2&quot;:0,&quot;4&quot;:1}]},&quot;11&quot;:4,&quot;12&quot;:0,&quot;14&quot;:{&quot;1&quot;:2,&quot;2&quot;:0}}\">EYRO crear\u00e1 una \u00aborquesta juvenil a distancia\u00bb europea, inclusiva y colaborativa para j\u00f3venes en riesgo de exclusi\u00f3n social, que ofrecer\u00e1 tutor\u00edas y preparaci\u00f3n para tocar m\u00fasica juntos en toda Europa. La orquesta se crear\u00e1 conectando los Laboratorios de M\u00fasica de Espa\u00f1a, Italia, Grecia y Suecia. \u00a1La tecnolog\u00eda puede ser un reto! Para crear la orquesta a distancia, el programa de formaci\u00f3n de EYRO para profesores de m\u00fasica se centra en la tecnolog\u00eda necesaria para apoyar una \u00aborquesta a distancia\u00bb.<\/span><\/span><\/p>    <\/div>\n<\/div>\n<!-- \/module text --><!-- module video -->\n<div  class=\"module module-video tb_87i5891 video-top  \" data-lazy=\"1\">\n    \t\t\t\t<div class=\"video-wrap-outer\">\n\t\t\t<div class=\"video-wrap tf_rel tf_overflow\">\n\t\t\t\t\t\t\t\t\t<noscript><iframe data-no-script src=\"https:\/\/www.youtube.com\/embed\/w7eBgrlMtRg?pip=1&playsinline=1&autohide=1&border=0&wmode=opaque\" allow=\"accelerometer;encrypted-media;gyroscope;picture-in-picture\" class=\"tf_abs tf_w tf_h\"><\/iframe><\/noscript>\n\t\t\t\t    \t\t\t<\/div>\n\t\t\t<!-- \/video-wrap -->\n\t\t<\/div>\n\t\t<!-- \/video-wrap-outer -->\n\t\t\t<\/div>\n                    <\/div>\n                            <\/div>\n                        <div  data-lazy=\"1\" class=\"module_column tb-column col3-1 tb_n77g927 last\">\n                                                <\/div>\n            \t    <\/div>\n\t    <!-- \/row_inner -->\n\t<\/div>\n\t<!-- \/module_row -->\n\t<\/div>\n<!--\/themify_builder_content-->","protected":false},"excerpt":{"rendered":"<p>Orquesta a distancia<\/p>\n","protected":false},"author":1,"featured_media":0,"parent":0,"menu_order":0,"comment_status":"closed","ping_status":"closed","template":"","meta":{"footnotes":""},"class_list":["post-275","page","type-page","status-publish","hentry","has-post-title","has-post-date","has-post-category","has-post-tag","has-post-comment","has-post-author",""],"builder_content":"<h1>Orquesta a distancia<\/h1>\n<p>EYRO crear\u00e1 una \"orquesta juvenil a distancia\" europea, inclusiva y colaborativa para j\u00f3venes en riesgo de exclusi\u00f3n social, que ofrecer\u00e1 tutor\u00edas y preparaci\u00f3n para tocar m\u00fasica juntos en toda Europa. La orquesta se crear\u00e1 conectando los Laboratorios de M\u00fasica de Espa\u00f1a, Italia, Grecia y Suecia. \u00a1La tecnolog\u00eda puede ser un reto! Para crear la orquesta a distancia, el programa de formaci\u00f3n de EYRO para profesores de m\u00fasica se centra en la tecnolog\u00eda necesaria para apoyar una \"orquesta a distancia\".<\/p>\n\n<noscript><iframe data-no-script src=\"https:\/\/www.youtube.com\/embed\/w7eBgrlMtRg?pip=1&playsinline=1&autohide=1&border=0&wmode=opaque\" allow=\"accelerometer;encrypted-media;gyroscope;picture-in-picture\"><\/iframe><\/noscript>","_links":{"self":[{"href":"https:\/\/www.eyroproject.eu\/es\/wp-json\/wp\/v2\/pages\/275","targetHints":{"allow":["GET"]}}],"collection":[{"href":"https:\/\/www.eyroproject.eu\/es\/wp-json\/wp\/v2\/pages"}],"about":[{"href":"https:\/\/www.eyroproject.eu\/es\/wp-json\/wp\/v2\/types\/page"}],"author":[{"embeddable":true,"href":"https:\/\/www.eyroproject.eu\/es\/wp-json\/wp\/v2\/users\/1"}],"replies":[{"embeddable":true,"href":"https:\/\/www.eyroproject.eu\/es\/wp-json\/wp\/v2\/comments?post=275"}],"version-history":[{"count":21,"href":"https:\/\/www.eyroproject.eu\/es\/wp-json\/wp\/v2\/pages\/275\/revisions"}],"predecessor-version":[{"id":1844,"href":"https:\/\/www.eyroproject.eu\/es\/wp-json\/wp\/v2\/pages\/275\/revisions\/1844"}],"wp:attachment":[{"href":"https:\/\/www.eyroproject.eu\/es\/wp-json\/wp\/v2\/media?parent=275"}],"curies":[{"name":"wp","href":"https:\/\/api.w.org\/{rel}","templated":true}]}}