{"id":209,"date":"2022-12-01T18:33:03","date_gmt":"2022-12-01T18:33:03","guid":{"rendered":"https:\/\/www.alqueriaeducatius.org\/eyro\/?page_id=209"},"modified":"2023-12-13T12:30:52","modified_gmt":"2023-12-13T12:30:52","slug":"proyecto","status":"publish","type":"page","link":"https:\/\/www.eyroproject.eu\/es\/proyecto\/","title":{"rendered":"Proyecto"},"content":{"rendered":"<!--themify_builder_content-->\n<div id=\"themify_builder_content-209\" data-postid=\"209\" class=\"themify_builder_content themify_builder_content-209 themify_builder tf_clear\">\n    \t\t\t<!-- module_row -->\n\t<div  data-lazy=\"1\" class=\"module_row themify_builder_row tb_3ek3710 tb_first tf_w tf_clearfix\">\n\t    \t\t\t<div class=\"row_inner col_align_top tb_col_count_1 tf_box tf_rel\">\n\t\t            <div  data-lazy=\"1\" class=\"module_column tb-column col-full tb_6u1y711 first\">\n                                                        <div class=\"tb-column-inner tf_box tf_w\">\n                        <!-- module text -->\n<div  class=\"module module-text tb_pl2q362   \" data-lazy=\"1\">\n        <div  class=\"tb_text_wrap\">\n    <p><span data-sheets-value=\"{&quot;1&quot;:2,&quot;2&quot;:&quot;Proyecto                                                                                                                                                                        \\nEYRO utiliza la m\u00fasica en espacios divertidos y seguros (Music Labs) para trabajar con los j\u00f3venes, especialmente los m\u00e1s vulnerables, con el fin de sacarlos del aislamiento y ayudarles a trabajar en habilidades sociales y vitales fundamentales.\\nLos Laboratorios de M\u00fasica de EYRO involucrar\u00e1n a j\u00f3venes vulnerables en riesgo de exclusi\u00f3n social de toda Europa. Los Laboratorios se organizar\u00e1n como \\&quot;orquestas\\&quot;, con el objetivo de reforzar el sentimiento de pertenencia de los j\u00f3venes a un grupo, aprender a fijarse objetivos ambiciosos pero realistas, estimular su creatividad y su deseo de aprender nuevas habilidades. EYRO crear\u00e1:\\n\\n1. Una \\&quot;orquesta juvenil a distancia\\&quot; europea, inclusiva y colaborativa, que ofrezca tutor\u00edas y preparaci\u00f3n para tocar m\u00fasica juntos en toda Europa. \\n\\n2. Un programa de formaci\u00f3n que permita a los profesores de m\u00fasica trabajar eficazmente con j\u00f3venes vulnerables (es decir, competencias basadas en la inteligencia emocional) y con la tecnolog\u00eda seleccionada (competencias digitales). \\n\\n3. Unas directrices para ofrecer a las instituciones y organizaciones de la UE que trabajan con j\u00f3venes vulnerables un enfoque innovador para su compromiso e inclusi\u00f3n social, as\u00ed como una herramienta para fomentar el sentimiento de pertenencia a la UE.\\&quot;&quot;}\" data-sheets-userformat=\"{&quot;2&quot;:961,&quot;3&quot;:{&quot;1&quot;:0},&quot;9&quot;:0,&quot;10&quot;:0,&quot;11&quot;:4,&quot;12&quot;:0}\">EYRO utiliza la m\u00fasica en espacios divertidos y seguros (Music Labs) para trabajar con los j\u00f3venes, especialmente los m\u00e1s vulnerables, con el fin de sacarlos del aislamiento y ayudarles a trabajar en habilidades sociales y vitales fundamentales.<br \/>Los Laboratorios de M\u00fasica de EYRO involucrar\u00e1n a j\u00f3venes vulnerables en riesgo de exclusi\u00f3n social de toda Europa. Los Laboratorios se organizar\u00e1n como \u00aborquestas\u00bb, con el objetivo de reforzar el sentimiento de pertenencia de los j\u00f3venes a un grupo, aprender a fijarse objetivos ambiciosos pero realistas, estimular su creatividad y su deseo de aprender nuevas habilidades. EYRO crear\u00e1:<br \/><br \/>1. Una \u00aborquesta juvenil a distancia\u00bb europea, inclusiva y colaborativa, que ofrezca tutor\u00edas y preparaci\u00f3n para tocar m\u00fasica juntos en toda Europa. <br \/><br \/>2. Un programa de formaci\u00f3n que permita a los profesores de m\u00fasica trabajar eficazmente con j\u00f3venes vulnerables (es decir, competencias basadas en la inteligencia emocional) y con la tecnolog\u00eda seleccionada (competencias digitales). <br \/><br \/>3. Unas directrices para ofrecer a las instituciones y organizaciones de la UE que trabajan con j\u00f3venes vulnerables un enfoque innovador para su compromiso e inclusi\u00f3n social, as\u00ed como una herramienta para fomentar el sentimiento de pertenencia a la UE.\u00bb<\/span><\/p>    <\/div>\n<\/div>\n<!-- \/module text --><!-- module image -->\n<div  class=\"module module-image tb_2ze6469 rounded  image-top tf_mw\" data-lazy=\"1\">\n        <div class=\"image-wrap tf_rel tf_mw\">\n\t\t    <img loading=\"lazy\" decoding=\"async\" width=\"1000\" height=\"707\" src=\"https:\/\/www.eyroproject.eu\/wp-content\/uploads\/2022\/12\/Brochure-EYROb_web.jpg\" class=\"wp-post-image wp-image-226\" title=\"Orchestra music labs as a tool for inclusion of vulnerable youth\" alt=\"Orchestra music labs as a tool for inclusion of vulnerable youth\" srcset=\"https:\/\/www.eyroproject.eu\/wp-content\/uploads\/2022\/12\/Brochure-EYROb_web.jpg 1000w, https:\/\/www.eyroproject.eu\/wp-content\/uploads\/2022\/12\/Brochure-EYROb_web-300x212.jpg 300w, https:\/\/www.eyroproject.eu\/wp-content\/uploads\/2022\/12\/Brochure-EYROb_web-768x543.jpg 768w\" sizes=\"auto, (max-width: 1000px) 100vw, 1000px\" \/>\t\n\t\t<\/div>\n\t<!-- \/image-wrap -->\n    \n    \t<\/div>\n<!-- \/module image --><!-- module image -->\n<div  class=\"module module-image tb_0wx1219   image-top tf_mw\" data-lazy=\"1\">\n        <div class=\"image-wrap tf_rel tf_mw\">\n\t\t    <img loading=\"lazy\" decoding=\"async\" width=\"1000\" height=\"707\" src=\"https:\/\/www.eyroproject.eu\/wp-content\/uploads\/2022\/12\/Brochure-EYRO_web.jpg\" class=\"wp-post-image wp-image-221\" title=\"Orchestra music labs as a tool for inclusion of vulnerable youth\" alt=\"Orchestra music labs as a tool for inclusion of vulnerable youth\" srcset=\"https:\/\/www.eyroproject.eu\/wp-content\/uploads\/2022\/12\/Brochure-EYRO_web.jpg 1000w, https:\/\/www.eyroproject.eu\/wp-content\/uploads\/2022\/12\/Brochure-EYRO_web-300x212.jpg 300w, https:\/\/www.eyroproject.eu\/wp-content\/uploads\/2022\/12\/Brochure-EYRO_web-768x543.jpg 768w\" sizes=\"auto, (max-width: 1000px) 100vw, 1000px\" \/>\t\n\t\t<\/div>\n\t<!-- \/image-wrap -->\n    \n    \t<\/div>\n<!-- \/module image -->                    <\/div>\n                            <\/div>\n            \t    <\/div>\n\t    <!-- \/row_inner -->\n\t<\/div>\n\t<!-- \/module_row -->\n\t<\/div>\n<!--\/themify_builder_content-->","protected":false},"excerpt":{"rendered":"<p>EYRO utiliza la m\u00fasica en espacios divertidos y seguros (Music Labs) para trabajar con los j\u00f3venes, especialmente los m\u00e1s vulnerables, con el fin de sacarlos del aislamiento y ayudarles a trabajar en habilidades sociales y vitales fundamentales.Los Laboratorios de M\u00fasica de EYRO involucrar\u00e1n a j\u00f3venes vulnerables en riesgo de exclusi\u00f3n social de toda Europa. Los [&hellip;]<\/p>\n","protected":false},"author":1,"featured_media":0,"parent":0,"menu_order":0,"comment_status":"closed","ping_status":"closed","template":"","meta":{"footnotes":""},"class_list":["post-209","page","type-page","status-publish","hentry","has-post-title","has-post-date","has-post-category","has-post-tag","has-post-comment","has-post-author",""],"builder_content":"<p>EYRO utiliza la m\u00fasica en espacios divertidos y seguros (Music Labs) para trabajar con los j\u00f3venes, especialmente los m\u00e1s vulnerables, con el fin de sacarlos del aislamiento y ayudarles a trabajar en habilidades sociales y vitales fundamentales.<br \/>Los Laboratorios de M\u00fasica de EYRO involucrar\u00e1n a j\u00f3venes vulnerables en riesgo de exclusi\u00f3n social de toda Europa. Los Laboratorios se organizar\u00e1n como \"orquestas\", con el objetivo de reforzar el sentimiento de pertenencia de los j\u00f3venes a un grupo, aprender a fijarse objetivos ambiciosos pero realistas, estimular su creatividad y su deseo de aprender nuevas habilidades. EYRO crear\u00e1:<br \/><br \/>1. Una \"orquesta juvenil a distancia\" europea, inclusiva y colaborativa, que ofrezca tutor\u00edas y preparaci\u00f3n para tocar m\u00fasica juntos en toda Europa. <br \/><br \/>2. Un programa de formaci\u00f3n que permita a los profesores de m\u00fasica trabajar eficazmente con j\u00f3venes vulnerables (es decir, competencias basadas en la inteligencia emocional) y con la tecnolog\u00eda seleccionada (competencias digitales). <br \/><br \/>3. Unas directrices para ofrecer a las instituciones y organizaciones de la UE que trabajan con j\u00f3venes vulnerables un enfoque innovador para su compromiso e inclusi\u00f3n social, as\u00ed como una herramienta para fomentar el sentimiento de pertenencia a la UE.\"<\/p>\n<img src=\"https:\/\/www.eyroproject.eu\/wp-content\/uploads\/2022\/12\/Brochure-EYROb_web.jpg\" title=\"Orchestra music labs as a tool for inclusion of vulnerable youth\" alt=\"Orchestra music labs as a tool for inclusion of vulnerable youth\" srcset=\"https:\/\/www.eyroproject.eu\/wp-content\/uploads\/2022\/12\/Brochure-EYROb_web.jpg 1000w, https:\/\/www.eyroproject.eu\/wp-content\/uploads\/2022\/12\/Brochure-EYROb_web-300x212.jpg 300w, https:\/\/www.eyroproject.eu\/wp-content\/uploads\/2022\/12\/Brochure-EYROb_web-768x543.jpg 768w\" sizes=\"(max-width: 1000px) 100vw, 1000px\" \/>\n<img src=\"https:\/\/www.eyroproject.eu\/wp-content\/uploads\/2022\/12\/Brochure-EYRO_web.jpg\" title=\"Orchestra music labs as a tool for inclusion of vulnerable youth\" alt=\"Orchestra music labs as a tool for inclusion of vulnerable youth\" srcset=\"https:\/\/www.eyroproject.eu\/wp-content\/uploads\/2022\/12\/Brochure-EYRO_web.jpg 1000w, https:\/\/www.eyroproject.eu\/wp-content\/uploads\/2022\/12\/Brochure-EYRO_web-300x212.jpg 300w, https:\/\/www.eyroproject.eu\/wp-content\/uploads\/2022\/12\/Brochure-EYRO_web-768x543.jpg 768w\" sizes=\"(max-width: 1000px) 100vw, 1000px\" \/>","_links":{"self":[{"href":"https:\/\/www.eyroproject.eu\/es\/wp-json\/wp\/v2\/pages\/209","targetHints":{"allow":["GET"]}}],"collection":[{"href":"https:\/\/www.eyroproject.eu\/es\/wp-json\/wp\/v2\/pages"}],"about":[{"href":"https:\/\/www.eyroproject.eu\/es\/wp-json\/wp\/v2\/types\/page"}],"author":[{"embeddable":true,"href":"https:\/\/www.eyroproject.eu\/es\/wp-json\/wp\/v2\/users\/1"}],"replies":[{"embeddable":true,"href":"https:\/\/www.eyroproject.eu\/es\/wp-json\/wp\/v2\/comments?post=209"}],"version-history":[{"count":10,"href":"https:\/\/www.eyroproject.eu\/es\/wp-json\/wp\/v2\/pages\/209\/revisions"}],"predecessor-version":[{"id":1509,"href":"https:\/\/www.eyroproject.eu\/es\/wp-json\/wp\/v2\/pages\/209\/revisions\/1509"}],"wp:attachment":[{"href":"https:\/\/www.eyroproject.eu\/es\/wp-json\/wp\/v2\/media?parent=209"}],"curies":[{"name":"wp","href":"https:\/\/api.w.org\/{rel}","templated":true}]}}