{"id":1593,"date":"2024-03-20T15:00:39","date_gmt":"2024-03-20T15:00:39","guid":{"rendered":"https:\/\/www.eyroproject.eu\/guia\/"},"modified":"2024-03-20T15:11:48","modified_gmt":"2024-03-20T15:11:48","slug":"guia","status":"publish","type":"page","link":"https:\/\/www.eyroproject.eu\/es\/guia\/","title":{"rendered":"Gu\u00eda"},"content":{"rendered":"<!--themify_builder_content-->\n<div id=\"themify_builder_content-1593\" data-postid=\"1593\" class=\"themify_builder_content themify_builder_content-1593 themify_builder tf_clear\">\n    \t\t\t<!-- module_row -->\n\t<div  data-css_id=\"3vfh005\" data-lazy=\"1\" class=\"module_row themify_builder_row fullheight fullwidth tb_3vfh005 tb_first tf_w tf_clearfix\">\n\t    \t\t\t<div class=\"row_inner col_align_middle gutter-none tb_col_count_2 tf_box tf_rel\">\n\t\t            <div  data-lazy=\"1\" class=\"module_column tb-column col4-2 tb_1tzr000 first\">\n                    <div class=\"builder_row_cover tf_abs\"><\/div>                                    <div class=\"tb-column-inner tf_box tf_w\">\n                        <!-- module text -->\n<div  class=\"module module-text tb_1vct400  repeat  wow\" data-tf-animation=\"flipInX\" data-lazy=\"1\">\n        <div  class=\"tb_text_wrap\">\n    <h1><span data-sheets-value=\"{\" data-sheets-userformat=\"{\">Gu\u00eda Eyro<br><\/span><\/h1>\n<p>Directrices para reproducir la experiencia de la EYRO<\/p>\n<p>Este es el segundo resultado del proyecto EYRO.  <br>El documento analiza el alcance, el potencial y el valor de utilizar un enfoque de Laboratorio Musical y la orquesta como herramienta para fomentar el compromiso de los j\u00f3venes y la inclusi\u00f3n social. Ofrece consejos pr\u00e1cticos a las organizaciones que trabajan con j\u00f3venes en toda Europa para que aprendan de la EYRO y la reproduzcan en sus propios contextos locales.<\/p>\n<p> <\/p>    <\/div>\n<\/div>\n<!-- \/module text --><!-- module buttons -->\n<div  class=\"module module-buttons tb_8402016 buttons-horizontal outline  xlarge\" data-lazy=\"1\">\n    \t<div class=\"module-buttons-item tf_inline_b\">\n\t\t\t\t\t\t\t<a href=\"https:\/\/www.eyroproject.eu\/wp-content\/uploads\/2024\/03\/EYRO-Guidelines-for-replication_ES.docx.pdf\" class=\"ui builder_button tb_default_color\" >\n\t\t\t\t\t\t\t\t\t\t\t<span class=\"tf_inline_b tf_vmiddle\">Descargar<\/span>\n\t\t\t\t\t\t\t\t\t\t\t<\/a>\n\t\t\t    \t<\/div>\n    <\/div>\n<!-- \/module buttons -->\n                    <\/div>\n                            <\/div>\n                        <div  data-lazy=\"1\" class=\"module_column tb-column col4-2 tb_adzh215 last\">\n                                                <\/div>\n            \t    <\/div>\n\t    <!-- \/row_inner -->\n\t<\/div>\n\t<!-- \/module_row -->\n\t<\/div>\n<!--\/themify_builder_content-->","protected":false},"excerpt":{"rendered":"<p>Gu\u00eda Eyro Directrices para reproducir la experiencia de la EYRO Este es el segundo resultado del proyecto EYRO. El documento analiza el alcance, el potencial y el valor de utilizar un enfoque de Laboratorio Musical y la orquesta como herramienta para fomentar el compromiso de los j\u00f3venes y la inclusi\u00f3n social. Ofrece consejos pr\u00e1cticos a [&hellip;]<\/p>\n","protected":false},"author":1,"featured_media":0,"parent":0,"menu_order":0,"comment_status":"closed","ping_status":"closed","template":"","meta":{"footnotes":""},"class_list":["post-1593","page","type-page","status-publish","hentry","has-post-title","has-post-date","has-post-category","has-post-tag","has-post-comment","has-post-author",""],"builder_content":"<h1>Gu\u00eda Eyro<br><\/h1> <p>Directrices para reproducir la experiencia de la EYRO<\/p> <p>Este es el segundo resultado del proyecto EYRO. <br>El documento analiza el alcance, el potencial y el valor de utilizar un enfoque de Laboratorio Musical y la orquesta como herramienta para fomentar el compromiso de los j\u00f3venes y la inclusi\u00f3n social. Ofrece consejos pr\u00e1cticos a las organizaciones que trabajan con j\u00f3venes en toda Europa para que aprendan de la EYRO y la reproduzcan en sus propios contextos locales.<\/p> <p> <\/p>\n<a href=\"https:\/\/www.eyroproject.eu\/wp-content\/uploads\/2024\/03\/EYRO-Guidelines-for-replication_ES.docx.pdf\" > Descargar <\/a>","_links":{"self":[{"href":"https:\/\/www.eyroproject.eu\/es\/wp-json\/wp\/v2\/pages\/1593","targetHints":{"allow":["GET"]}}],"collection":[{"href":"https:\/\/www.eyroproject.eu\/es\/wp-json\/wp\/v2\/pages"}],"about":[{"href":"https:\/\/www.eyroproject.eu\/es\/wp-json\/wp\/v2\/types\/page"}],"author":[{"embeddable":true,"href":"https:\/\/www.eyroproject.eu\/es\/wp-json\/wp\/v2\/users\/1"}],"replies":[{"embeddable":true,"href":"https:\/\/www.eyroproject.eu\/es\/wp-json\/wp\/v2\/comments?post=1593"}],"version-history":[{"count":2,"href":"https:\/\/www.eyroproject.eu\/es\/wp-json\/wp\/v2\/pages\/1593\/revisions"}],"predecessor-version":[{"id":1599,"href":"https:\/\/www.eyroproject.eu\/es\/wp-json\/wp\/v2\/pages\/1593\/revisions\/1599"}],"wp:attachment":[{"href":"https:\/\/www.eyroproject.eu\/es\/wp-json\/wp\/v2\/media?parent=1593"}],"curies":[{"name":"wp","href":"https:\/\/api.w.org\/{rel}","templated":true}]}}