{"id":1314,"date":"2022-12-27T16:19:34","date_gmt":"2022-12-27T16:19:34","guid":{"rendered":"https:\/\/www.xano.es\/eyro\/xano-channel\/"},"modified":"2023-03-07T12:13:06","modified_gmt":"2023-03-07T12:13:06","slug":"xano-channel","status":"publish","type":"page","link":"https:\/\/www.eyroproject.eu\/el\/xano-channel\/","title":{"rendered":"Xano Channel"},"content":{"rendered":"<!--themify_builder_content-->\n<div id=\"themify_builder_content-1314\" data-postid=\"1314\" class=\"themify_builder_content themify_builder_content-1314 themify_builder tf_clear\">\n    \t\t\t<!-- module_row -->\n\t<div  data-css_id=\"qri6030\" data-lazy=\"1\" class=\"module_row themify_builder_row fullwidth_row_container tb_qri6030 tb_first tf_w tf_clearfix\">\n\t    <div class=\"builder_row_cover tf_abs\"><\/div>\t\t\t<div class=\"row_inner col_align_top tb_col_count_1 tf_box tf_rel\">\n\t\t            <div  data-lazy=\"1\" class=\"module_column tb-column col-full tb_9sdr530 first\">\n                                                        <div class=\"tb-column-inner tf_box tf_w\">\n                        <!-- module text -->\n<div  class=\"module module-text tb_zquf630  repeat \" data-lazy=\"1\">\n        <div  class=\"tb_text_wrap\">\n    <h1><span dir=\"ltr\" role=\"presentation\">Xano Channel <\/span><\/h1>\n<h2><span dir=\"ltr\" role=\"presentation\">\u03a3\u03cd\u03bc\u03c0\u03c1\u03b1\u03be\u03b7 \u03ba\u03bf\u03b9\u03bd\u03bf\u03c4\u03b9\u03ba\u03ae\u03c2 \u03b1\u03bd\u03ac\u03c0\u03c4\u03c5\u03be\u03b7\u03c2  <\/span><\/h2>    <\/div>\n<\/div>\n<!-- \/module text -->                    <\/div>\n                            <\/div>\n            \t    <\/div>\n\t    <!-- \/row_inner -->\n\t<\/div>\n\t<!-- \/module_row -->\n\t\t\t\t<!-- module_row -->\n\t<div  data-lazy=\"1\" class=\"module_row themify_builder_row tb_vv5l852 tf_w tf_clearfix\">\n\t    \t\t\t<div class=\"row_inner col_align_top tb_col_count_2 tf_box tf_rel\">\n\t\t            <div  data-lazy=\"1\" class=\"module_column tb-column col4-2 tb_dk0i503 first\">\n                                                        <div class=\"tb-column-inner tf_box tf_w\">\n                        <!-- module text -->\n<div  class=\"module module-text tb_95hq038  repeat \" data-lazy=\"1\">\n        <div  class=\"tb_text_wrap\">\n    <h2>\u03a0\u03b5\u03c1\u03b9\u03b3\u03c1\u03b1\u03c6\u03ae<\/h2>    <\/div>\n<\/div>\n<!-- \/module text --><!-- module text -->\n<div  class=\"module module-text tb_kyft630  repeat \" data-lazy=\"1\">\n        <div  class=\"tb_text_wrap\">\n    <p><span data-sheets-value=\"{\"1\":2,\"2\":\"La asociaci\u00f3n, creada en 2010, tiene como objetivo promover oportunidades de crecimiento para las personas y para la sociedad en general mediante\\ncreando sinergias, herramientas y metodolog\u00edas para la difusi\u00f3n de la cultura y la promoci\u00f3n de la ciudadan\u00eda activa entre\\npersonas y organizaciones. Las actividades y objetivos de la organizaci\u00f3n se inspiran en los principios de igualdad de\\noportunidades para las personas desfavorecidas y entre hombres y mujeres. Contacto: xanochannelassociation@gmail.com P\u00e1gina web: www.xano.es\"}\" data-sheets-userformat=\"{\"2\":957,\"3\":{\"1\":0},\"5\":{\"1\":[{\"1\":2,\"2\":0,\"5\":{\"1\":2,\"2\":0}},{\"1\":0,\"2\":0,\"3\":3},{\"1\":1,\"2\":0,\"4\":1}]},\"6\":{\"1\":[{\"1\":2,\"2\":0,\"5\":{\"1\":2,\"2\":0}},{\"1\":0,\"2\":0,\"3\":3},{\"1\":1,\"2\":0,\"4\":1}]},\"7\":{\"1\":[{\"1\":2,\"2\":0,\"5\":{\"1\":2,\"2\":0}},{\"1\":0,\"2\":0,\"3\":3},{\"1\":1,\"2\":0,\"4\":1}]},\"8\":{\"1\":[{\"1\":2,\"2\":0,\"5\":{\"1\":2,\"2\":0}},{\"1\":0,\"2\":0,\"3\":3},{\"1\":1,\"2\":0,\"4\":1}]},\"10\":0,\"11\":4,\"12\":0}\">\u0397 \u03ad\u03bd\u03c9\u03c3\u03b7, \u03b7 \u03bf\u03c0\u03bf\u03af\u03b1 \u03b4\u03b7\u03bc\u03b9\u03bf\u03c5\u03c1\u03b3\u03ae\u03b8\u03b7\u03ba\u03b5 \u03c4\u03bf 2010, \u03ad\u03c7\u03b5\u03b9 \u03c9\u03c2 \u03c3\u03c4\u03cc\u03c7\u03bf \u03c4\u03b7\u03bd \u03c0\u03c1\u03bf\u03ce\u03b8\u03b7\u03c3\u03b7 \u03c4\u03c9\u03bd \u03b5\u03c5\u03ba\u03b1\u03b9\u03c1\u03b9\u03ce\u03bd \u03b1\u03bd\u03ac\u03c0\u03c4\u03c5\u03be\u03b7\u03c2 \u03b3\u03b9\u03b1 \u03c4\u03b1 \u03ac\u03c4\u03bf\u03bc\u03b1 \u03ba\u03b1\u03b9 \u03c4\u03b7\u03bd \u03ba\u03bf\u03b9\u03bd\u03c9\u03bd\u03af\u03b1 \u03b3\u03b5\u03bd\u03b9\u03ba\u03cc\u03c4\u03b5\u03c1\u03b1, \u03bc\u03ad\u03c3\u03c9 \u03c4\u03b7\u03c2 \u03b4\u03b7\u03bc\u03b9\u03bf\u03c5\u03c1\u03b3\u03af\u03b1\u03c2 \u03c3\u03c5\u03bd\u03b5\u03c1\u03b3\u03b5\u03b9\u03ce\u03bd, \u03b5\u03c1\u03b3\u03b1\u03bb\u03b5\u03af\u03c9\u03bd \u03ba\u03b1\u03b9 \u03bc\u03b5\u03b8\u03bf\u03b4\u03bf\u03bb\u03bf\u03b3\u03b9\u03ce\u03bd \u03b3\u03b9\u03b1 \u03c4\u03b7 \u03b4\u03b9\u03ac\u03b4\u03bf\u03c3\u03b7 \u03c4\u03bf\u03c5 \u03c0\u03bf\u03bb\u03b9\u03c4\u03b9\u03c3\u03bc\u03bf\u03cd \u03ba\u03b1\u03b9 \u03c4\u03b7\u03bd \u03c0\u03c1\u03bf\u03ce\u03b8\u03b7\u03c3\u03b7 \u03c4\u03b7\u03c2 \u03b5\u03bd\u03b5\u03c1\u03b3\u03bf\u03cd \u03c0\u03bf\u03bb\u03b9\u03c4\u03b5\u03b9\u03cc\u03c4\u03b7\u03c4\u03b1\u03c2 \u03bc\u03b5\u03c4\u03b1\u03be\u03cd \u03c4\u03c9\u03bd \u03b1\u03c4\u03cc\u03bc\u03c9\u03bd \u03ba\u03b1\u03b9 \u03bf\u03c1\u03b3\u03b1\u03bd\u03b9\u03c3\u03bc\u03ce\u03bd. \u039f\u03b9 \u03b4\u03c1\u03b1\u03c3\u03c4\u03b7\u03c1\u03b9\u03cc\u03c4\u03b7\u03c4\u03b5\u03c2 \u03ba\u03b1\u03b9 \u03bf\u03b9 \u03c3\u03c4\u03cc\u03c7\u03bf\u03b9 \u03c4\u03b7\u03c2 \u03bf\u03c1\u03b3\u03ac\u03bd\u03c9\u03c3\u03b7\u03c2 \u03b5\u03bc\u03c0\u03bd\u03ad\u03bf\u03bd\u03c4\u03b1\u03b9 \u03b1\u03c0\u03cc \u03c4\u03b9\u03c2 \u03b1\u03c1\u03c7\u03ad\u03c2 \u03c4\u03b7\u03c2 \u03b9\u03c3\u03cc\u03c4\u03b7\u03c4\u03b1\u03c2 \u03b5\u03c5\u03ba\u03b1\u03b9\u03c1\u03b9\u03ce\u03bd \u03b3\u03b9\u03b1 \u03c4\u03b1 \u03bc\u03b5\u03b9\u03bf\u03bd\u03b5\u03ba\u03c4\u03bf\u03cd\u03bd\u03c4\u03b1 \u03ac\u03c4\u03bf\u03bc\u03b1 \u03ba\u03b1\u03b9 \u03bc\u03b5\u03c4\u03b1\u03be\u03cd \u03b1\u03bd\u03b4\u03c1\u03ce\u03bd \u03ba\u03b1\u03b9 \u03b3\u03c5\u03bd\u03b1\u03b9\u03ba\u03ce\u03bd. <\/span><\/p>    <\/div>\n<\/div>\n<!-- \/module text -->                    <\/div>\n                            <\/div>\n                        <div  data-lazy=\"1\" class=\"module_column tb-column col4-2 tb_jism387 last\">\n                                                        <div class=\"tb-column-inner tf_box tf_w\">\n                        <!-- module text -->\n<div  class=\"module module-text tb_wkkt546  repeat \" data-lazy=\"1\" data-parallax-element-speed=\"1\" data-lax-translate-y=\"vh 1,0 70\" data-lax=\"true\">\n        <div  class=\"tb_text_wrap\">\n    <h3>\u0395\u03c0\u03b9\u03ba\u03bf\u03b9\u03bd\u03c9\u03bd\u03af\u03b1:<\/h3>\n<p>xanochannelassociation@gmail.com<\/p>\n<h3>\u0399\u03c3\u03c4\u03bf\u03c3\u03b5\u03bb\u03af\u03b4\u03b1<\/h3>\n<p><a class=\"waffle-rich-text-link\" href=\"http:\/\/www.xano.es\/\">www.xano.es<\/a><\/p>    <\/div>\n<\/div>\n<!-- \/module text -->                    <\/div>\n                            <\/div>\n            \t    <\/div>\n\t    <!-- \/row_inner -->\n\t<\/div>\n\t<!-- \/module_row -->\n\t<\/div>\n<!--\/themify_builder_content-->","protected":false},"excerpt":{"rendered":"<p>Xano Channel \u03a3\u03cd\u03bc\u03c0\u03c1\u03b1\u03be\u03b7 \u03ba\u03bf\u03b9\u03bd\u03bf\u03c4\u03b9\u03ba\u03ae\u03c2 \u03b1\u03bd\u03ac\u03c0\u03c4\u03c5\u03be\u03b7\u03c2<\/p>\n","protected":false},"author":1,"featured_media":0,"parent":0,"menu_order":0,"comment_status":"closed","ping_status":"closed","template":"","meta":{"footnotes":""},"class_list":["post-1314","page","type-page","status-publish","hentry","has-post-title","has-post-date","has-post-category","has-post-tag","has-post-comment","has-post-author",""],"builder_content":"<h1>Xano Channel <\/h1> <h2>\u03a3\u03cd\u03bc\u03c0\u03c1\u03b1\u03be\u03b7 \u03ba\u03bf\u03b9\u03bd\u03bf\u03c4\u03b9\u03ba\u03ae\u03c2 \u03b1\u03bd\u03ac\u03c0\u03c4\u03c5\u03be\u03b7\u03c2 <\/h2>\n<h2>\u03a0\u03b5\u03c1\u03b9\u03b3\u03c1\u03b1\u03c6\u03ae<\/h2>\n<p>\u0397 \u03ad\u03bd\u03c9\u03c3\u03b7, \u03b7 \u03bf\u03c0\u03bf\u03af\u03b1 \u03b4\u03b7\u03bc\u03b9\u03bf\u03c5\u03c1\u03b3\u03ae\u03b8\u03b7\u03ba\u03b5 \u03c4\u03bf 2010, \u03ad\u03c7\u03b5\u03b9 \u03c9\u03c2 \u03c3\u03c4\u03cc\u03c7\u03bf \u03c4\u03b7\u03bd \u03c0\u03c1\u03bf\u03ce\u03b8\u03b7\u03c3\u03b7 \u03c4\u03c9\u03bd \u03b5\u03c5\u03ba\u03b1\u03b9\u03c1\u03b9\u03ce\u03bd \u03b1\u03bd\u03ac\u03c0\u03c4\u03c5\u03be\u03b7\u03c2 \u03b3\u03b9\u03b1 \u03c4\u03b1 \u03ac\u03c4\u03bf\u03bc\u03b1 \u03ba\u03b1\u03b9 \u03c4\u03b7\u03bd \u03ba\u03bf\u03b9\u03bd\u03c9\u03bd\u03af\u03b1 \u03b3\u03b5\u03bd\u03b9\u03ba\u03cc\u03c4\u03b5\u03c1\u03b1, \u03bc\u03ad\u03c3\u03c9 \u03c4\u03b7\u03c2 \u03b4\u03b7\u03bc\u03b9\u03bf\u03c5\u03c1\u03b3\u03af\u03b1\u03c2 \u03c3\u03c5\u03bd\u03b5\u03c1\u03b3\u03b5\u03b9\u03ce\u03bd, \u03b5\u03c1\u03b3\u03b1\u03bb\u03b5\u03af\u03c9\u03bd \u03ba\u03b1\u03b9 \u03bc\u03b5\u03b8\u03bf\u03b4\u03bf\u03bb\u03bf\u03b3\u03b9\u03ce\u03bd \u03b3\u03b9\u03b1 \u03c4\u03b7 \u03b4\u03b9\u03ac\u03b4\u03bf\u03c3\u03b7 \u03c4\u03bf\u03c5 \u03c0\u03bf\u03bb\u03b9\u03c4\u03b9\u03c3\u03bc\u03bf\u03cd \u03ba\u03b1\u03b9 \u03c4\u03b7\u03bd \u03c0\u03c1\u03bf\u03ce\u03b8\u03b7\u03c3\u03b7 \u03c4\u03b7\u03c2 \u03b5\u03bd\u03b5\u03c1\u03b3\u03bf\u03cd \u03c0\u03bf\u03bb\u03b9\u03c4\u03b5\u03b9\u03cc\u03c4\u03b7\u03c4\u03b1\u03c2 \u03bc\u03b5\u03c4\u03b1\u03be\u03cd \u03c4\u03c9\u03bd \u03b1\u03c4\u03cc\u03bc\u03c9\u03bd \u03ba\u03b1\u03b9 \u03bf\u03c1\u03b3\u03b1\u03bd\u03b9\u03c3\u03bc\u03ce\u03bd. \u039f\u03b9 \u03b4\u03c1\u03b1\u03c3\u03c4\u03b7\u03c1\u03b9\u03cc\u03c4\u03b7\u03c4\u03b5\u03c2 \u03ba\u03b1\u03b9 \u03bf\u03b9 \u03c3\u03c4\u03cc\u03c7\u03bf\u03b9 \u03c4\u03b7\u03c2 \u03bf\u03c1\u03b3\u03ac\u03bd\u03c9\u03c3\u03b7\u03c2 \u03b5\u03bc\u03c0\u03bd\u03ad\u03bf\u03bd\u03c4\u03b1\u03b9 \u03b1\u03c0\u03cc \u03c4\u03b9\u03c2 \u03b1\u03c1\u03c7\u03ad\u03c2 \u03c4\u03b7\u03c2 \u03b9\u03c3\u03cc\u03c4\u03b7\u03c4\u03b1\u03c2 \u03b5\u03c5\u03ba\u03b1\u03b9\u03c1\u03b9\u03ce\u03bd \u03b3\u03b9\u03b1 \u03c4\u03b1 \u03bc\u03b5\u03b9\u03bf\u03bd\u03b5\u03ba\u03c4\u03bf\u03cd\u03bd\u03c4\u03b1 \u03ac\u03c4\u03bf\u03bc\u03b1 \u03ba\u03b1\u03b9 \u03bc\u03b5\u03c4\u03b1\u03be\u03cd \u03b1\u03bd\u03b4\u03c1\u03ce\u03bd \u03ba\u03b1\u03b9 \u03b3\u03c5\u03bd\u03b1\u03b9\u03ba\u03ce\u03bd. <\/p>\n<h3>\u0395\u03c0\u03b9\u03ba\u03bf\u03b9\u03bd\u03c9\u03bd\u03af\u03b1:<\/h3> <p>xanochannelassociation@gmail.com<\/p> <h3>\u0399\u03c3\u03c4\u03bf\u03c3\u03b5\u03bb\u03af\u03b4\u03b1<\/h3> <p><a href=\"http:\/\/www.xano.es\/\">www.xano.es<\/a><\/p>","_links":{"self":[{"href":"https:\/\/www.eyroproject.eu\/el\/wp-json\/wp\/v2\/pages\/1314","targetHints":{"allow":["GET"]}}],"collection":[{"href":"https:\/\/www.eyroproject.eu\/el\/wp-json\/wp\/v2\/pages"}],"about":[{"href":"https:\/\/www.eyroproject.eu\/el\/wp-json\/wp\/v2\/types\/page"}],"author":[{"embeddable":true,"href":"https:\/\/www.eyroproject.eu\/el\/wp-json\/wp\/v2\/users\/1"}],"replies":[{"embeddable":true,"href":"https:\/\/www.eyroproject.eu\/el\/wp-json\/wp\/v2\/comments?post=1314"}],"version-history":[{"count":1,"href":"https:\/\/www.eyroproject.eu\/el\/wp-json\/wp\/v2\/pages\/1314\/revisions"}],"predecessor-version":[{"id":1315,"href":"https:\/\/www.eyroproject.eu\/el\/wp-json\/wp\/v2\/pages\/1314\/revisions\/1315"}],"wp:attachment":[{"href":"https:\/\/www.eyroproject.eu\/el\/wp-json\/wp\/v2\/media?parent=1314"}],"curies":[{"name":"wp","href":"https:\/\/api.w.org\/{rel}","templated":true}]}}